{"id":1046,"date":"2025-02-11T20:24:28","date_gmt":"2025-02-11T19:24:28","guid":{"rendered":"https:\/\/murface.com\/?page_id=1046"},"modified":"2025-02-11T20:33:08","modified_gmt":"2025-02-11T19:33:08","slug":"fugenloser-boden","status":"publish","type":"page","link":"https:\/\/murface.com\/de\/fugenloser-boden\/","title":{"rendered":"Fugenloser Boden"},"content":{"rendered":"\t\t<div data-elementor-type=\"wp-page\" data-elementor-id=\"1046\" class=\"elementor elementor-1046\" data-elementor-post-type=\"page\">\n\t\t\t\t<div class=\"elementor-element elementor-element-15a52bf e-grid e-con-boxed e-con e-parent\" data-id=\"15a52bf\" data-element_type=\"container\" data-e-type=\"container\">\n\t\t\t\t\t<div class=\"e-con-inner\">\n\t\t\t\t\t<\/div>\n\t\t\t\t<\/div>\n\t\t<div class=\"elementor-element elementor-element-13c70262 e-grid e-con-boxed e-con e-parent\" data-id=\"13c70262\" data-element_type=\"container\" data-e-type=\"container\" id=\"hero-intro\" data-settings=\"{&quot;background_background&quot;:&quot;classic&quot;,&quot;background_motion_fx_motion_fx_mouse&quot;:&quot;yes&quot;}\">\n\t\t\t\t\t<div class=\"e-con-inner\">\n\t\t\t\t<div class=\"elementor-element elementor-element-3bb1bcda elementor-widget__width-initial elementor-widget elementor-widget-text-editor\" data-id=\"3bb1bcda\" data-element_type=\"widget\" data-e-type=\"widget\" data-widget_type=\"text-editor.default\">\n\t\t\t\t<div class=\"elementor-widget-container\">\n\t\t\t\t\t\t\t\t\t<h1 data-v-9ead72d2=\"\">Designboden<\/h1><div class=\"text\" data-v-9ead72d2=\"\"><p>Ein fugenloser Boden liegt derzeit voll im Trend. Er \u00fcberzeugt nicht nur durch seine moderne Optik, sondern bietet auch f\u00fcr die Raumgestaltung vielseitige M\u00f6glichkeiten. So kann sich ein fugenloser Boden z.B. durch die gesamte Wohnetage tragen, ohne dass \u00dcberg\u00e4nge zwischen den R\u00e4umen vorhanden sind.\u00a0 Doch fugenlose B\u00f6den \u00fcberzeuge nicht nur durch ihre Optik, sondern vor allem auch durch ihre Haptik und die Robustheit. Sie zeichnen sich durch glatte Oberfl\u00e4chen aus. Diese sind unempfindlich und leicht zu reinigen. Urspr\u00fcnglich in Industriegeb\u00e4uden eingesetzt, sind sie heute auch in vielen privaten Eigenheimen zu finden.<\/p><\/div>\t\t\t\t\t\t\t\t<\/div>\n\t\t\t\t<\/div>\n\t\t<div class=\"elementor-element elementor-element-7f636cb e-con-full elementor-hidden-tablet elementor-hidden-mobile e-flex e-con e-child\" data-id=\"7f636cb\" data-element_type=\"container\" data-e-type=\"container\">\n\t\t\t\t<\/div>\n\t\t\t\t\t<\/div>\n\t\t\t\t<\/div>\n\t\t<div class=\"elementor-element elementor-element-42a0d3a8 e-con-full murspace-box e-flex e-con e-parent\" data-id=\"42a0d3a8\" data-element_type=\"container\" data-e-type=\"container\" id=\"murspace-box-murspace\" data-settings=\"{&quot;background_background&quot;:&quot;classic&quot;}\">\n\t\t<div class=\"elementor-element elementor-element-25692a2f e-con-full e-flex e-con e-child\" data-id=\"25692a2f\" data-element_type=\"container\" data-e-type=\"container\" data-settings=\"{&quot;background_background&quot;:&quot;classic&quot;}\">\n\t\t\t\t<div class=\"elementor-element elementor-element-6b0b9097 murspace-box-image elementor-widget elementor-widget-image\" data-id=\"6b0b9097\" data-element_type=\"widget\" data-e-type=\"widget\" data-widget_type=\"image.default\">\n\t\t\t\t<div class=\"elementor-widget-container\">\n\t\t\t\t\t\t\t\t\t\t\t\t\t\t\t<img decoding=\"async\" src=\"https:\/\/murface.com\/wp-content\/uploads\/elementor\/thumbs\/fugenloser-boden-1-r1d2ujehzy1gqkcrn0pa5lckhkcl1grv7r4ajaky68.avif\" title=\"fugenloser-boden\" alt=\"fugenloser-boden\" loading=\"lazy\" \/>\t\t\t\t\t\t\t\t\t\t\t\t\t\t\t<\/div>\n\t\t\t\t<\/div>\n\t\t\t\t<\/div>\n\t\t<div class=\"elementor-element elementor-element-7e6a8478 e-con-full e-flex e-con e-child\" data-id=\"7e6a8478\" data-element_type=\"container\" data-e-type=\"container\" data-settings=\"{&quot;background_background&quot;:&quot;classic&quot;}\">\n\t\t\t\t<div class=\"elementor-element elementor-element-6d157a95 elementor-widget elementor-widget-text-editor\" data-id=\"6d157a95\" data-element_type=\"widget\" data-e-type=\"widget\" data-widget_type=\"text-editor.default\">\n\t\t\t\t<div class=\"elementor-widget-container\">\n\t\t\t\t\t\t\t\t\t<h2>Was ist fugenloser Boden?<\/h2><div class=\"text\" data-v-11c0db11=\"\"><p>Ein fugenloser Boden zeichnet sich durch eine glatte und v\u00f6llig ebenm\u00e4\u00dfige Fl\u00e4che aus, die sich durch einen Teilbereich oder sogar durch die gesamte Etage eines Hauses ziehen kann. Nicht nur in einem Neubau findet ein Boden ohne Fugen h\u00e4ufigen Einsatz, er eignet sich aufgrund seiner besonderen Eigenschaften bei der Verlegung auch besonders gut f\u00fcr die Sanierung. Der Flie\u00df- oder auch Spachtelbeton kann auf vorhanden Untergr\u00fcnde wie z.B. Fliesen aufgebracht werden und erzeugt so eine glatte, ebene Oberfl\u00e4che.<\/p><\/div>\t\t\t\t\t\t\t\t<\/div>\n\t\t\t\t<\/div>\n\t\t\t\t<\/div>\n\t\t\t\t<\/div>\n\t\t<div class=\"elementor-element elementor-element-5414296f e-con-full murspace-box e-flex e-con e-parent\" data-id=\"5414296f\" data-element_type=\"container\" data-e-type=\"container\" data-settings=\"{&quot;background_background&quot;:&quot;classic&quot;}\">\n\t\t<div class=\"elementor-element elementor-element-4bea1b5a e-con-full e-flex e-con e-child\" data-id=\"4bea1b5a\" data-element_type=\"container\" data-e-type=\"container\" data-settings=\"{&quot;background_background&quot;:&quot;classic&quot;}\">\n\t\t\t\t<div class=\"elementor-element elementor-element-3ce8105a elementor-widget elementor-widget-text-editor\" data-id=\"3ce8105a\" data-element_type=\"widget\" data-e-type=\"widget\" data-widget_type=\"text-editor.default\">\n\t\t\t\t<div class=\"elementor-widget-container\">\n\t\t\t\t\t\t\t\t\t<h2>Herstellung<\/h2><div class=\"text\" data-v-11c0db11=\"\"><div class=\"text\" data-v-662045fd=\"\"><div class=\"content view-in--gt-half view-in\" data-v-662045fd=\"\"><div class=\"text\" data-v-662045fd=\"\"><p><strong>Wie wird ein fugenloser Boden hergestellt?<\/strong><\/p><p>Ein fugenloser Boden kann durch Sichtbeton entstehen oder durch spezielle Spachteltechniken. So kann der Fu\u00dfboden fugenlos auf vielf\u00e4ltige Art und Weise gestaltet werden.<\/p><p>\u00a0<\/p><p><strong>Sichtbeton:<\/strong>\u00a0<\/p><p>Von Sichtbeton spricht man, wenn die Oberfl\u00e4che einer Betonfl\u00e4che sichtbar bleibt. Es werden keine Ver\u00e4nderungen in Form von Fliesen oder anderen Bel\u00e4gen vorgenommen, sondern die Betonfl\u00e4che bleibt sichtbar. Hierbei ist besonders auf eine sorgf\u00e4ltige Ausf\u00fchrung der Arbeit zu achten. Bei diesem Prozess ist man dem Betonbauer relativ ausgeliefert und hat wenig Einfluss auf das Endergebnis. Auch verschiedene Farben und Strukturen sind begrenzt umsetzbar.<\/p><p>\u00a0<\/p><p><strong>Spachteltechnik:<\/strong><\/p><p>\u00dcber verschiedene Spachteltechniken k\u00f6nnen ebenfalls fugenl\u00f6se B\u00f6den entstehen. Spachtelb\u00f6den werden in fl\u00fcssiger Form auf den Boden aufgetragen und haben so den Vorteil, dass sie auch in schwer zug\u00e4nglichen Teilen verarbeitet werden k\u00f6nnen. Dar\u00fcber hinaus eignen sie sich besonders gut, um auf vorhandene Untergr\u00fcnde wie Fliesen aufgetragen zu werden.<\/p><\/div><\/div><\/div><\/div>\t\t\t\t\t\t\t\t<\/div>\n\t\t\t\t<\/div>\n\t\t\t\t<\/div>\n\t\t<div class=\"elementor-element elementor-element-39b50789 e-con-full e-flex e-con e-child\" data-id=\"39b50789\" data-element_type=\"container\" data-e-type=\"container\" data-settings=\"{&quot;background_background&quot;:&quot;classic&quot;}\">\n\t\t\t\t<div class=\"elementor-element elementor-element-744667ac murspace-box-image elementor-widget elementor-widget-image\" data-id=\"744667ac\" data-element_type=\"widget\" data-e-type=\"widget\" data-widget_type=\"image.default\">\n\t\t\t\t<div class=\"elementor-widget-container\">\n\t\t\t\t\t\t\t\t\t\t\t\t\t\t\t<img decoding=\"async\" src=\"https:\/\/murface.com\/wp-content\/uploads\/elementor\/thumbs\/herstellung-r1d2w6mbyiaj1zyr18as0oelwu8pieayfw7vrq55a8.avif\" title=\"herstellung\" alt=\"herstellung\" loading=\"lazy\" \/>\t\t\t\t\t\t\t\t\t\t\t\t\t\t\t<\/div>\n\t\t\t\t<\/div>\n\t\t\t\t<\/div>\n\t\t\t\t<\/div>\n\t\t<div class=\"elementor-element elementor-element-4218596d e-con-full e-flex e-con e-parent\" data-id=\"4218596d\" data-element_type=\"container\" data-e-type=\"container\">\n\t\t\t\t<div class=\"elementor-element elementor-element-132d6ceb elementor-widget__width-inherit elementor-widget elementor-widget-text-editor\" data-id=\"132d6ceb\" data-element_type=\"widget\" data-e-type=\"widget\" data-widget_type=\"text-editor.default\">\n\t\t\t\t<div class=\"elementor-widget-container\">\n\t\t\t\t\t\t\t\t\t<h2>Fugenlos im Zeitraffer<\/h2>\t\t\t\t\t\t\t\t<\/div>\n\t\t\t\t<\/div>\n\t\t\t\t<\/div>\n\t\t<div class=\"elementor-element elementor-element-f74e353 e-con-full e-flex e-con e-parent\" data-id=\"f74e353\" data-element_type=\"container\" data-e-type=\"container\">\n\t\t\t\t<div class=\"elementor-element elementor-element-6a9e2b9 elementor-widget elementor-widget-video\" data-id=\"6a9e2b9\" data-element_type=\"widget\" data-e-type=\"widget\" data-settings=\"{&quot;youtube_url&quot;:&quot;https:\\\/\\\/www.youtube.com\\\/embed\\\/MT5aBgoPfe8?si=vsiVv8EfrOKOPDD9&quot;,&quot;video_type&quot;:&quot;youtube&quot;,&quot;controls&quot;:&quot;yes&quot;}\" data-widget_type=\"video.default\">\n\t\t\t\t<div class=\"elementor-widget-container\">\n\t\t\t\t\t\t\t<div class=\"elementor-wrapper elementor-open-inline\">\n\t\t\t<div class=\"elementor-video\"><\/div>\t\t<\/div>\n\t\t\t\t\t\t<\/div>\n\t\t\t\t<\/div>\n\t\t\t\t<\/div>\n\t\t<div class=\"elementor-element elementor-element-3abf9e1 e-con-full e-flex e-con e-parent\" data-id=\"3abf9e1\" data-element_type=\"container\" data-e-type=\"container\">\n\t\t\t\t<div class=\"elementor-element elementor-element-c0bcc1e elementor-widget__width-inherit elementor-widget elementor-widget-text-editor\" data-id=\"c0bcc1e\" data-element_type=\"widget\" data-e-type=\"widget\" data-widget_type=\"text-editor.default\">\n\t\t\t\t<div class=\"elementor-widget-container\">\n\t\t\t\t\t\t\t\t\t<h2>Vorteile<\/h2>\t\t\t\t\t\t\t\t<\/div>\n\t\t\t\t<\/div>\n\t\t\t\t<div class=\"elementor-element elementor-element-2bd3ea3 elementor-widget elementor-widget-text-editor\" data-id=\"2bd3ea3\" data-element_type=\"widget\" data-e-type=\"widget\" data-widget_type=\"text-editor.default\">\n\t\t\t\t<div class=\"elementor-widget-container\">\n\t\t\t\t\t\t\t\t\t\n<div class=\"text\">\n<ul>\n \t<li>Je mehr unterschiedliche Materialien f\u00fcr den Fu\u00dfbodenbelag eingesetzt werden, desto unruhiger wirkt der gesamte Raum. Ein durchg\u00e4ngiger fugenloser Boden beruhigt den Raum.<\/li>\n \t<li>Ein fugenloser Boden wirkt modern und ist pflegeleicht und einfach zu reinigen.<\/li>\n \t<li>Er l\u00e4sst sich nach Ihren Vorstellungen gestalten und farblich auf die Wandgestaltung abstimmen. \u00c4ndert sich Ihr Farbgeschmack, so kann der Boden ganz einfach neu \u201egestrichen\u201c werden.<\/li>\n \t<li>Auch unter fugenlosem Boden l\u00e4sst sich eine Fu\u00dfbodenheizung ganz einfach installieren, was sich vor allem in Wohnbereichen anbietet, da ein Boden aus Beton doch vergleichsweise k\u00fchl ist.<\/li>\n \t<li>Fugenl\u00f6se B\u00f6den \u00fcberzeugen auch durch ihre UV-Best\u00e4ndigkeit sowie ihre Robustheit. Er wird mit mehreren Schichten versiegelt und ist unempfindlich gegen Kratzer und St\u00f6\u00dfe.<\/li>\n \t<li>Ein fugenloser Boden ist besonders langlebig. Er kann gut 25 Jahre oder l\u00e4nger halten. Einfache Sch\u00e4den in der Oberfl\u00e4che k\u00f6nnen ganz einfach ausgebessert werden.<\/li>\n<\/ul>\n<\/div>\n\t\t\t\t\t\t\t\t<\/div>\n\t\t\t\t<\/div>\n\t\t\t\t<\/div>\n\t\t\t\t<\/div>\n\t\t","protected":false},"excerpt":{"rendered":"<p>Designboden Ein fugenloser Boden liegt derzeit voll im Trend. Er \u00fcberzeugt nicht nur durch seine moderne Optik, sondern bietet auch f\u00fcr die Raumgestaltung vielseitige M\u00f6glichkeiten. So kann sich ein fugenloser Boden z.B. durch die gesamte Wohnetage tragen, ohne dass \u00dcberg\u00e4nge zwischen den R\u00e4umen vorhanden sind.\u00a0 Doch fugenlose B\u00f6den \u00fcberzeuge nicht nur durch ihre Optik, sondern [&hellip;]<\/p>\n","protected":false},"author":1,"featured_media":0,"parent":0,"menu_order":0,"comment_status":"closed","ping_status":"closed","template":"","meta":{"inline_featured_image":false,"footnotes":""},"class_list":["post-1046","page","type-page","status-publish","hentry"],"jetpack_sharing_enabled":true,"_links":{"self":[{"href":"https:\/\/murface.com\/de\/wp-json\/wp\/v2\/pages\/1046","targetHints":{"allow":["GET"]}}],"collection":[{"href":"https:\/\/murface.com\/de\/wp-json\/wp\/v2\/pages"}],"about":[{"href":"https:\/\/murface.com\/de\/wp-json\/wp\/v2\/types\/page"}],"author":[{"embeddable":true,"href":"https:\/\/murface.com\/de\/wp-json\/wp\/v2\/users\/1"}],"replies":[{"embeddable":true,"href":"https:\/\/murface.com\/de\/wp-json\/wp\/v2\/comments?post=1046"}],"version-history":[{"count":10,"href":"https:\/\/murface.com\/de\/wp-json\/wp\/v2\/pages\/1046\/revisions"}],"predecessor-version":[{"id":1063,"href":"https:\/\/murface.com\/de\/wp-json\/wp\/v2\/pages\/1046\/revisions\/1063"}],"wp:attachment":[{"href":"https:\/\/murface.com\/de\/wp-json\/wp\/v2\/media?parent=1046"}],"curies":[{"name":"wp","href":"https:\/\/api.w.org\/{rel}","templated":true}]}}