{"id":1067,"date":"2025-02-11T20:34:29","date_gmt":"2025-02-11T19:34:29","guid":{"rendered":"https:\/\/murface.com\/?page_id=1067"},"modified":"2025-02-11T20:47:28","modified_gmt":"2025-02-11T19:47:28","slug":"fugenlose-treppe","status":"publish","type":"page","link":"https:\/\/murface.com\/de\/fugenlose-treppe\/","title":{"rendered":"Fugenlose Treppe"},"content":{"rendered":"\t\t<div data-elementor-type=\"wp-page\" data-elementor-id=\"1067\" class=\"elementor elementor-1067\" data-elementor-post-type=\"page\">\n\t\t\t\t<div class=\"elementor-element elementor-element-15a52bf e-grid e-con-boxed e-con e-parent\" data-id=\"15a52bf\" data-element_type=\"container\" data-e-type=\"container\">\n\t\t\t\t\t<div class=\"e-con-inner\">\n\t\t\t\t\t<\/div>\n\t\t\t\t<\/div>\n\t\t<div class=\"elementor-element elementor-element-13c70262 e-grid e-con-boxed e-con e-parent\" data-id=\"13c70262\" data-element_type=\"container\" data-e-type=\"container\" id=\"hero-intro\" data-settings=\"{&quot;background_background&quot;:&quot;classic&quot;,&quot;background_motion_fx_motion_fx_mouse&quot;:&quot;yes&quot;}\">\n\t\t\t\t\t<div class=\"e-con-inner\">\n\t\t\t\t<div class=\"elementor-element elementor-element-3bb1bcda elementor-widget__width-initial elementor-widget elementor-widget-text-editor\" data-id=\"3bb1bcda\" data-element_type=\"widget\" data-e-type=\"widget\" data-widget_type=\"text-editor.default\">\n\t\t\t\t<div class=\"elementor-widget-container\">\n\t\t\t\t\t\t\t\t\t<h1 data-v-9ead72d2=\"\">Fugenlose Treppe<\/h1><div class=\"text\" data-v-9ead72d2=\"\"><p>Es ist nicht einfach, ein Haus zu gestalten, denn es gibt heutzutage so unendlich viele M\u00f6glichkeiten. Daher ist man auf Vorschl\u00e4ge und Tipps angewiesen. Wie w\u00e4re beispielsweise mit einer fugenlosen Treppe? Sie bringt eine ganz neue Optik ins Haus.<\/p><\/div>\t\t\t\t\t\t\t\t<\/div>\n\t\t\t\t<\/div>\n\t\t<div class=\"elementor-element elementor-element-7f636cb e-con-full elementor-hidden-tablet elementor-hidden-mobile e-flex e-con e-child\" data-id=\"7f636cb\" data-element_type=\"container\" data-e-type=\"container\">\n\t\t\t\t<\/div>\n\t\t\t\t\t<\/div>\n\t\t\t\t<\/div>\n\t\t<div class=\"elementor-element elementor-element-42a0d3a8 e-con-full murspace-box e-flex e-con e-parent\" data-id=\"42a0d3a8\" data-element_type=\"container\" data-e-type=\"container\" id=\"murspace-box-murspace\" data-settings=\"{&quot;background_background&quot;:&quot;classic&quot;}\">\n\t\t<div class=\"elementor-element elementor-element-25692a2f e-con-full e-flex e-con e-child\" data-id=\"25692a2f\" data-element_type=\"container\" data-e-type=\"container\" data-settings=\"{&quot;background_background&quot;:&quot;classic&quot;}\">\n\t\t\t\t<div class=\"elementor-element elementor-element-6b0b9097 murspace-box-image elementor-widget elementor-widget-image\" data-id=\"6b0b9097\" data-element_type=\"widget\" data-e-type=\"widget\" data-widget_type=\"image.default\">\n\t\t\t\t<div class=\"elementor-widget-container\">\n\t\t\t\t\t\t\t\t\t\t\t\t\t\t\t<img decoding=\"async\" src=\"https:\/\/murface.com\/wp-content\/uploads\/elementor\/thumbs\/fugenlos-aufwaerts-r1d3d4nl5zhmcxcn31zngwgrfwpx9ykr3rm08b0n40.avif\" title=\"fugenlos-aufwaerts\" alt=\"fugenlos-aufwaerts\" loading=\"lazy\" \/>\t\t\t\t\t\t\t\t\t\t\t\t\t\t\t<\/div>\n\t\t\t\t<\/div>\n\t\t\t\t<\/div>\n\t\t<div class=\"elementor-element elementor-element-7e6a8478 e-con-full e-flex e-con e-child\" data-id=\"7e6a8478\" data-element_type=\"container\" data-e-type=\"container\" data-settings=\"{&quot;background_background&quot;:&quot;classic&quot;}\">\n\t\t\t\t<div class=\"elementor-element elementor-element-6d157a95 elementor-widget elementor-widget-text-editor\" data-id=\"6d157a95\" data-element_type=\"widget\" data-e-type=\"widget\" data-widget_type=\"text-editor.default\">\n\t\t\t\t<div class=\"elementor-widget-container\">\n\t\t\t\t\t\t\t\t\t<h2>Fugenlos aufw\u00e4rts<\/h2><div class=\"text\" data-v-11c0db11=\"\"><p>Trends gibt es viele, und die meisten verschwinden mit der Zeit wieder. Der Trend zur fugenlosen Oberfl\u00e4che allerdings d\u00fcrfte sich einige Zeit halten, denn er bringt viele Vorteile mit sich. Neben den fugenfreien B\u00f6den und W\u00e4nden hat es jetzt auch die fugenlose Treppe in den Wohnraum geschafft. Und sie hat viele Vorteile.<\/p><\/div>\t\t\t\t\t\t\t\t<\/div>\n\t\t\t\t<\/div>\n\t\t\t\t<\/div>\n\t\t\t\t<\/div>\n\t\t<div class=\"elementor-element elementor-element-5414296f e-con-full murspace-box e-flex e-con e-parent\" data-id=\"5414296f\" data-element_type=\"container\" data-e-type=\"container\" data-settings=\"{&quot;background_background&quot;:&quot;classic&quot;}\">\n\t\t<div class=\"elementor-element elementor-element-4bea1b5a e-con-full e-flex e-con e-child\" data-id=\"4bea1b5a\" data-element_type=\"container\" data-e-type=\"container\" data-settings=\"{&quot;background_background&quot;:&quot;classic&quot;}\">\n\t\t\t\t<div class=\"elementor-element elementor-element-3ce8105a elementor-widget elementor-widget-text-editor\" data-id=\"3ce8105a\" data-element_type=\"widget\" data-e-type=\"widget\" data-widget_type=\"text-editor.default\">\n\t\t\t\t<div class=\"elementor-widget-container\">\n\t\t\t\t\t\t\t\t\t<h2>Fugenlos gl\u00fccklich<\/h2><div class=\"text\" data-v-11c0db11=\"\"><div class=\"text\" data-v-662045fd=\"\"><div class=\"content view-in--gt-half view-in\" data-v-662045fd=\"\"><div class=\"text\" data-v-662045fd=\"\"><p>Eine Treppe nutzen wir t\u00e4glich, wir reinigen sie auch gelegentlich oder reparieren sie. Manchmal \u00e4rgern wir uns \u00fcber Kratzer, beispielsweise in Holzstufen, manchmal k\u00e4mpfen wir mit einem alten Teppichbelag. Mit der fugenlosen Treppe gibt es all diese Probleme nicht mehr. Sie besteht aus den eigentlichen Stufen (beispielsweise aus Beton), die mit Spachtelmasse \u00fcberzogen, mit der gew\u00fcnschten Spachteltechnik gestaltet und in mehreren Schichten versiegelt sind. Dadurch wird sie resistent gegen Kratzer und Flecken. Zudem lassen sich fugenfreie Oberfl\u00e4chen leicht reinigen und strahlen eine zeitlose Eleganz aus.<\/p><\/div><\/div><\/div><\/div>\t\t\t\t\t\t\t\t<\/div>\n\t\t\t\t<\/div>\n\t\t\t\t<\/div>\n\t\t<div class=\"elementor-element elementor-element-39b50789 e-con-full e-flex e-con e-child\" data-id=\"39b50789\" data-element_type=\"container\" data-e-type=\"container\" data-settings=\"{&quot;background_background&quot;:&quot;classic&quot;}\">\n\t\t\t\t<div class=\"elementor-element elementor-element-744667ac murspace-box-image elementor-widget elementor-widget-image\" data-id=\"744667ac\" data-element_type=\"widget\" data-e-type=\"widget\" data-widget_type=\"image.default\">\n\t\t\t\t<div class=\"elementor-widget-container\">\n\t\t\t\t\t\t\t\t\t\t\t\t\t\t\t<img decoding=\"async\" src=\"https:\/\/murface.com\/wp-content\/uploads\/elementor\/thumbs\/fugenlos-gluecklich-r1d3e76yy6ydkxsnu0nct4qnspfz1jtqx2cwwnfi0w.avif\" title=\"fugenlos-gluecklich\" alt=\"fugenlos-gluecklich\" loading=\"lazy\" \/>\t\t\t\t\t\t\t\t\t\t\t\t\t\t\t<\/div>\n\t\t\t\t<\/div>\n\t\t\t\t<\/div>\n\t\t\t\t<\/div>\n\t\t<div class=\"elementor-element elementor-element-3b57b14 e-con-full murspace-box e-flex e-con e-parent\" data-id=\"3b57b14\" data-element_type=\"container\" data-e-type=\"container\" data-settings=\"{&quot;background_background&quot;:&quot;classic&quot;}\">\n\t\t<div class=\"elementor-element elementor-element-88ab973 e-con-full e-flex e-con e-child\" data-id=\"88ab973\" data-element_type=\"container\" data-e-type=\"container\" data-settings=\"{&quot;background_background&quot;:&quot;classic&quot;}\">\n\t\t\t\t<div class=\"elementor-element elementor-element-9b5d4a5 murspace-box-image elementor-widget elementor-widget-image\" data-id=\"9b5d4a5\" data-element_type=\"widget\" data-e-type=\"widget\" data-widget_type=\"image.default\">\n\t\t\t\t<div class=\"elementor-widget-container\">\n\t\t\t\t\t\t\t\t\t\t\t\t\t\t\t<img decoding=\"async\" src=\"https:\/\/murface.com\/wp-content\/uploads\/elementor\/thumbs\/herstellung-1-r1d3ghwrnm3lymgif0eiwjv82m49uwy4kfrn500utc.avif\" title=\"herstellung\" alt=\"herstellung\" loading=\"lazy\" \/>\t\t\t\t\t\t\t\t\t\t\t\t\t\t\t<\/div>\n\t\t\t\t<\/div>\n\t\t\t\t<\/div>\n\t\t<div class=\"elementor-element elementor-element-01d0fa2 e-con-full e-flex e-con e-child\" data-id=\"01d0fa2\" data-element_type=\"container\" data-e-type=\"container\" data-settings=\"{&quot;background_background&quot;:&quot;classic&quot;}\">\n\t\t\t\t<div class=\"elementor-element elementor-element-662f75f elementor-widget elementor-widget-text-editor\" data-id=\"662f75f\" data-element_type=\"widget\" data-e-type=\"widget\" data-widget_type=\"text-editor.default\">\n\t\t\t\t<div class=\"elementor-widget-container\">\n\t\t\t\t\t\t\t\t\t<h2>Herstellung<\/h2><div class=\"text\" data-v-11c0db11=\"\"><p>Fugenfreie Oberfl\u00e4chen erh\u00e4lt man, indem man einen Untergrund mit Spachtelmasse bedeckt. Das hat man fr\u00fcher in der Industrie so gemacht, denn dort waren pflegeleichte, robuste B\u00f6den besonders wichtig. Inzwischen ist diese Technik auch in Privath\u00e4user eingezogen, und sie l\u00e4sst sich ganz einfach realisieren.<\/p><p>\u00a0<\/p><p>Wichtig ist, dass die Stufen aus einem harten, unnachgiebigen Tr\u00e4germaterial bestehen, beispielsweise Beton. Weiches Tr\u00e4germaterial, das arbeitet, wie Holz, ist hingegen nicht ohne weiteres als Tr\u00e4ger f\u00fcr fugenfreie Oberfl\u00e4chen verwendbar. Das Tr\u00e4germaterial wird f\u00fcr die Spachtelmasse vorbereitet, bevor diese aufgetragen wird. So entsteht fugenloser Sichtbeton. Allerdings ist dieses Wort ein wenig irref\u00fchrend, denn unter Beton stellen wir uns gemeinhin eine graue Masse vor. Im Wohnbereich ist das aber nicht unbedingt erw\u00fcnscht, daher k\u00f6nnen der Spachtelmasse vor der Verarbeitung Pigmente oder f\u00fcr besondere Effekte Metallstaub in verschiedenen Farben zugesetzt werden.<\/p><p>\u00a0<\/p><p>Bei der Verarbeitung entscheidet die Spachteltechnik \u00fcber das Aussehen der Stufen. Ist eine ganz glatte Oberfl\u00e4che gew\u00fcnscht, oder darf sie ein wenig strukturiert sein? Beides ist m\u00f6glich. Zuletzt ist eine Versiegelung n\u00f6tig, damit die Treppe ihre Resistenz gegen Wasser, Flecken und Kratzer erh\u00e4lt.<\/p><\/div>\t\t\t\t\t\t\t\t<\/div>\n\t\t\t\t<\/div>\n\t\t\t\t<\/div>\n\t\t\t\t<\/div>\n\t\t<div class=\"elementor-element elementor-element-4218596d e-con-full e-flex e-con e-parent\" data-id=\"4218596d\" data-element_type=\"container\" data-e-type=\"container\">\n\t\t\t\t<div class=\"elementor-element elementor-element-132d6ceb elementor-widget__width-inherit elementor-widget elementor-widget-text-editor\" data-id=\"132d6ceb\" data-element_type=\"widget\" data-e-type=\"widget\" data-widget_type=\"text-editor.default\">\n\t\t\t\t<div class=\"elementor-widget-container\">\n\t\t\t\t\t\t\t\t\t<h2>Entstehung im Zeitraffer<\/h2>\t\t\t\t\t\t\t\t<\/div>\n\t\t\t\t<\/div>\n\t\t\t\t<\/div>\n\t\t<div class=\"elementor-element elementor-element-f74e353 e-con-full e-flex e-con e-parent\" data-id=\"f74e353\" data-element_type=\"container\" data-e-type=\"container\">\n\t\t\t\t<div class=\"elementor-element elementor-element-6a9e2b9 elementor-widget elementor-widget-video\" data-id=\"6a9e2b9\" data-element_type=\"widget\" data-e-type=\"widget\" data-settings=\"{&quot;youtube_url&quot;:&quot;https:\\\/\\\/www.youtube.com\\\/embed\\\/cqWD57xWyAQ?si=VgCt9h10B50pkVRV&quot;,&quot;video_type&quot;:&quot;youtube&quot;,&quot;controls&quot;:&quot;yes&quot;}\" data-widget_type=\"video.default\">\n\t\t\t\t<div class=\"elementor-widget-container\">\n\t\t\t\t\t\t\t<div class=\"elementor-wrapper elementor-open-inline\">\n\t\t\t<div class=\"elementor-video\"><\/div>\t\t<\/div>\n\t\t\t\t\t\t<\/div>\n\t\t\t\t<\/div>\n\t\t\t\t<\/div>\n\t\t<div class=\"elementor-element elementor-element-8375d06 e-con-full murspace-box e-flex e-con e-parent\" data-id=\"8375d06\" data-element_type=\"container\" data-e-type=\"container\" data-settings=\"{&quot;background_background&quot;:&quot;classic&quot;}\">\n\t\t<div class=\"elementor-element elementor-element-5bbfffd e-con-full e-flex e-con e-child\" data-id=\"5bbfffd\" data-element_type=\"container\" data-e-type=\"container\" data-settings=\"{&quot;background_background&quot;:&quot;classic&quot;}\">\n\t\t\t\t<div class=\"elementor-element elementor-element-10ad039 elementor-widget elementor-widget-text-editor\" data-id=\"10ad039\" data-element_type=\"widget\" data-e-type=\"widget\" data-widget_type=\"text-editor.default\">\n\t\t\t\t<div class=\"elementor-widget-container\">\n\t\t\t\t\t\t\t\t\t<h2>Vorteile<\/h2><div class=\"text\" data-v-11c0db11=\"\"><div class=\"text\" data-v-662045fd=\"\"><div class=\"content view-in--gt-half view-in\" data-v-662045fd=\"\"><div class=\"text\" data-v-662045fd=\"\"><ul><li>Fugenfreie Oberfl\u00e4chen lassen sich sehr gut reinigen. So ist die Treppe immer sch\u00f6n sauber.<\/li><li>Fugenloser Sichtbeton sorgt daf\u00fcr, dass die Treppe ein Designelement im Haus wird.<\/li><li>Mit der passenden Spachteltechnik und Farbgebung wird die Treppe evtl. zu einem Unikat.<\/li><li>Fugenloser Sichtbeton ist haptisch sehr angenehm, denn er wirkt weder hart noch kalt.<\/li><\/ul><\/div><\/div><\/div><\/div>\t\t\t\t\t\t\t\t<\/div>\n\t\t\t\t<\/div>\n\t\t\t\t<\/div>\n\t\t<div class=\"elementor-element elementor-element-89ee738 e-con-full e-flex e-con e-child\" data-id=\"89ee738\" data-element_type=\"container\" data-e-type=\"container\" data-settings=\"{&quot;background_background&quot;:&quot;classic&quot;}\">\n\t\t\t\t<div class=\"elementor-element elementor-element-380cbd4 murspace-box-image elementor-widget elementor-widget-image\" data-id=\"380cbd4\" data-element_type=\"widget\" data-e-type=\"widget\" data-widget_type=\"image.default\">\n\t\t\t\t<div class=\"elementor-widget-container\">\n\t\t\t\t\t\t\t\t\t\t\t\t\t\t\t<img decoding=\"async\" src=\"https:\/\/murface.com\/wp-content\/uploads\/elementor\/thumbs\/vorteile-r1d3qd7rezlzv84es9zi327gm9h0oi4nxad6jle1hc.avif\" title=\"vorteile\" alt=\"vorteile\" loading=\"lazy\" \/>\t\t\t\t\t\t\t\t\t\t\t\t\t\t\t<\/div>\n\t\t\t\t<\/div>\n\t\t\t\t<\/div>\n\t\t\t\t<\/div>\n\t\t\t\t<\/div>\n\t\t","protected":false},"excerpt":{"rendered":"<p>Fugenlose Treppe Es ist nicht einfach, ein Haus zu gestalten, denn es gibt heutzutage so unendlich viele M\u00f6glichkeiten. Daher ist man auf Vorschl\u00e4ge und Tipps angewiesen. Wie w\u00e4re beispielsweise mit einer fugenlosen Treppe? Sie bringt eine ganz neue Optik ins Haus. Fugenlos aufw\u00e4rts Trends gibt es viele, und die meisten verschwinden mit der Zeit wieder. [&hellip;]<\/p>\n","protected":false},"author":1,"featured_media":0,"parent":0,"menu_order":0,"comment_status":"closed","ping_status":"closed","template":"","meta":{"inline_featured_image":false,"footnotes":""},"class_list":["post-1067","page","type-page","status-publish","hentry"],"jetpack_sharing_enabled":true,"_links":{"self":[{"href":"https:\/\/murface.com\/de\/wp-json\/wp\/v2\/pages\/1067","targetHints":{"allow":["GET"]}}],"collection":[{"href":"https:\/\/murface.com\/de\/wp-json\/wp\/v2\/pages"}],"about":[{"href":"https:\/\/murface.com\/de\/wp-json\/wp\/v2\/types\/page"}],"author":[{"embeddable":true,"href":"https:\/\/murface.com\/de\/wp-json\/wp\/v2\/users\/1"}],"replies":[{"embeddable":true,"href":"https:\/\/murface.com\/de\/wp-json\/wp\/v2\/comments?post=1067"}],"version-history":[{"count":10,"href":"https:\/\/murface.com\/de\/wp-json\/wp\/v2\/pages\/1067\/revisions"}],"predecessor-version":[{"id":1087,"href":"https:\/\/murface.com\/de\/wp-json\/wp\/v2\/pages\/1067\/revisions\/1087"}],"wp:attachment":[{"href":"https:\/\/murface.com\/de\/wp-json\/wp\/v2\/media?parent=1067"}],"curies":[{"name":"wp","href":"https:\/\/api.w.org\/{rel}","templated":true}]}}