{"id":1091,"date":"2025-02-11T20:49:20","date_gmt":"2025-02-11T19:49:20","guid":{"rendered":"https:\/\/murface.com\/?page_id=1091"},"modified":"2025-02-11T20:56:37","modified_gmt":"2025-02-11T19:56:37","slug":"spachteltechnik-boden","status":"publish","type":"page","link":"https:\/\/murface.com\/de\/spachteltechnik-boden\/","title":{"rendered":"Spachteltechnik"},"content":{"rendered":"\t\t<div data-elementor-type=\"wp-page\" data-elementor-id=\"1091\" class=\"elementor elementor-1091\" data-elementor-post-type=\"page\">\n\t\t\t\t<div class=\"elementor-element elementor-element-15a52bf e-grid e-con-boxed e-con e-parent\" data-id=\"15a52bf\" data-element_type=\"container\" data-e-type=\"container\">\n\t\t\t\t\t<div class=\"e-con-inner\">\n\t\t\t\t\t<\/div>\n\t\t\t\t<\/div>\n\t\t<div class=\"elementor-element elementor-element-13c70262 e-grid e-con-boxed e-con e-parent\" data-id=\"13c70262\" data-element_type=\"container\" data-e-type=\"container\" id=\"hero-intro\" data-settings=\"{&quot;background_background&quot;:&quot;classic&quot;,&quot;background_motion_fx_motion_fx_mouse&quot;:&quot;yes&quot;}\">\n\t\t\t\t\t<div class=\"e-con-inner\">\n\t\t\t\t<div class=\"elementor-element elementor-element-3bb1bcda elementor-widget__width-initial elementor-widget elementor-widget-text-editor\" data-id=\"3bb1bcda\" data-element_type=\"widget\" data-e-type=\"widget\" data-widget_type=\"text-editor.default\">\n\t\t\t\t<div class=\"elementor-widget-container\">\n\t\t\t\t\t\t\t\t\t<h1 data-v-9ead72d2=\"\">Spachteltechnik<\/h1><div class=\"text\" data-v-9ead72d2=\"\"><p>\u00dcber unsere Spachtelsysteme k\u00f6nnen ebenfalls fugenlose B\u00f6den entstehen. Spachtelb\u00f6den werden in fl\u00fcssiger Form auf den Boden aufgetragen und haben so den Vorteil, dass sie auch in schwer zug\u00e4nglichen Teilen verarbeitet werden k\u00f6nnen. Dar\u00fcber hinaus eignen sie sich besonders gut, um auf vorhandene Untergr\u00fcnde wie Fliesen aufgetragen zu werden. Auch die Einflussnahme auf Strukturen, Farben oder Oberfl\u00e4chendesigns liegt dann ganz bei Dir.<\/p><\/div>\t\t\t\t\t\t\t\t<\/div>\n\t\t\t\t<\/div>\n\t\t<div class=\"elementor-element elementor-element-7f636cb e-con-full elementor-hidden-tablet elementor-hidden-mobile e-flex e-con e-child\" data-id=\"7f636cb\" data-element_type=\"container\" data-e-type=\"container\">\n\t\t\t\t<\/div>\n\t\t\t\t\t<\/div>\n\t\t\t\t<\/div>\n\t\t<div class=\"elementor-element elementor-element-42a0d3a8 e-con-full murspace-box e-flex e-con e-parent\" data-id=\"42a0d3a8\" data-element_type=\"container\" data-e-type=\"container\" id=\"murspace-box-murspace\" data-settings=\"{&quot;background_background&quot;:&quot;classic&quot;}\">\n\t\t<div class=\"elementor-element elementor-element-25692a2f e-con-full e-flex e-con e-child\" data-id=\"25692a2f\" data-element_type=\"container\" data-e-type=\"container\" data-settings=\"{&quot;background_background&quot;:&quot;classic&quot;}\">\n\t\t\t\t<div class=\"elementor-element elementor-element-6b0b9097 murspace-box-image elementor-widget elementor-widget-image\" data-id=\"6b0b9097\" data-element_type=\"widget\" data-e-type=\"widget\" data-widget_type=\"image.default\">\n\t\t\t\t<div class=\"elementor-widget-container\">\n\t\t\t\t\t\t\t\t\t\t\t\t\t\t\t<img decoding=\"async\" src=\"https:\/\/murface.com\/wp-content\/uploads\/elementor\/thumbs\/spachteln-modern-r1d3xvxa39wkqx76vj0215w7p8eq9bzcyi90ra8npc.avif\" title=\"spachteln-modern\" alt=\"spachteln-modern\" loading=\"lazy\" \/>\t\t\t\t\t\t\t\t\t\t\t\t\t\t\t<\/div>\n\t\t\t\t<\/div>\n\t\t\t\t<\/div>\n\t\t<div class=\"elementor-element elementor-element-7e6a8478 e-con-full e-flex e-con e-child\" data-id=\"7e6a8478\" data-element_type=\"container\" data-e-type=\"container\" data-settings=\"{&quot;background_background&quot;:&quot;classic&quot;}\">\n\t\t\t\t<div class=\"elementor-element elementor-element-6d157a95 elementor-widget elementor-widget-text-editor\" data-id=\"6d157a95\" data-element_type=\"widget\" data-e-type=\"widget\" data-widget_type=\"text-editor.default\">\n\t\t\t\t<div class=\"elementor-widget-container\">\n\t\t\t\t\t\t\t\t\t<h2>Spachteln ist modern<\/h2><div class=\"text\" data-v-11c0db11=\"\"><p>Fr\u00fcher wurden B\u00f6den in Betonoptik nur im industriellen Bereich eingesetzt, denn der Belag war robust und einfach zu reinigen. Er hatte eine graue Farbe, die wenig wohnlich wirkte. Heutzutage ist der fugenlose Boden ein neuer Trend im Wohnbereich, denn immer mehr Hausbesitzer erkennen den Vorteil des Bodenbelags, der durch unterschiedliche Spachteltechniken zudem ganz individuell ausgef\u00fchrt werden kann.<\/p><\/div>\t\t\t\t\t\t\t\t<\/div>\n\t\t\t\t<\/div>\n\t\t\t\t<\/div>\n\t\t\t\t<\/div>\n\t\t<div class=\"elementor-element elementor-element-5414296f e-con-full murspace-box e-flex e-con e-parent\" data-id=\"5414296f\" data-element_type=\"container\" data-e-type=\"container\" data-settings=\"{&quot;background_background&quot;:&quot;classic&quot;}\">\n\t\t<div class=\"elementor-element elementor-element-4bea1b5a e-con-full e-flex e-con e-child\" data-id=\"4bea1b5a\" data-element_type=\"container\" data-e-type=\"container\" data-settings=\"{&quot;background_background&quot;:&quot;classic&quot;}\">\n\t\t\t\t<div class=\"elementor-element elementor-element-3ce8105a elementor-widget elementor-widget-text-editor\" data-id=\"3ce8105a\" data-element_type=\"widget\" data-e-type=\"widget\" data-widget_type=\"text-editor.default\">\n\t\t\t\t<div class=\"elementor-widget-container\">\n\t\t\t\t\t\t\t\t\t<h2>Was bedeutet Spachteltechnik beim fugenlosen Boden<\/h2><div class=\"text\" data-v-11c0db11=\"\"><div class=\"text\" data-v-662045fd=\"\"><div class=\"content view-in--gt-half view-in\" data-v-662045fd=\"\"><div class=\"text\" data-v-662045fd=\"\"><p>Wenn beim fugenlosen Boden von Spachteltechniken die Rede ist, hei\u00dft das, dass als Bodenbelag eine Spachtelmasse in past\u00f6ser oder fl\u00fcssiger Form zum Einsatz kommt. Eine fugenfreie Oberfl\u00e4che l\u00e4sst sich mit unterschiedlichen Spachteltechniken gestalten. Der Belag ist in allen R\u00e4umen einsetzbar, beispielsweise im Bad, wo er eine hygienische, angenehme und leicht zu reinigende Oberfl\u00e4che schafft, aber auch in allen anderen Wohn- oder Arbeitsr\u00e4umen, die modern und offen wirken sollen.<\/p><\/div><\/div><\/div><\/div>\t\t\t\t\t\t\t\t<\/div>\n\t\t\t\t<\/div>\n\t\t\t\t<\/div>\n\t\t<div class=\"elementor-element elementor-element-39b50789 e-con-full e-flex e-con e-child\" data-id=\"39b50789\" data-element_type=\"container\" data-e-type=\"container\" data-settings=\"{&quot;background_background&quot;:&quot;classic&quot;}\">\n\t\t\t\t<div class=\"elementor-element elementor-element-744667ac murspace-box-image elementor-widget elementor-widget-image\" data-id=\"744667ac\" data-element_type=\"widget\" data-e-type=\"widget\" data-widget_type=\"image.default\">\n\t\t\t\t<div class=\"elementor-widget-container\">\n\t\t\t\t\t\t\t\t\t\t\t\t\t\t\t<img decoding=\"async\" src=\"https:\/\/murface.com\/wp-content\/uploads\/elementor\/thumbs\/spachteltechnik-boden-r1d3znub00c2oemciamoqprk3fnosr13vam1e3lvy8.avif\" title=\"spachteltechnik-boden\" alt=\"spachteltechnik-boden\" loading=\"lazy\" \/>\t\t\t\t\t\t\t\t\t\t\t\t\t\t\t<\/div>\n\t\t\t\t<\/div>\n\t\t\t\t<\/div>\n\t\t\t\t<\/div>\n\t\t<div class=\"elementor-element elementor-element-0144541 e-con-full murspace-box e-flex e-con e-parent\" data-id=\"0144541\" data-element_type=\"container\" data-e-type=\"container\" data-settings=\"{&quot;background_background&quot;:&quot;classic&quot;}\">\n\t\t<div class=\"elementor-element elementor-element-638b09b e-con-full e-flex e-con e-child\" data-id=\"638b09b\" data-element_type=\"container\" data-e-type=\"container\" data-settings=\"{&quot;background_background&quot;:&quot;classic&quot;}\">\n\t\t\t\t<div class=\"elementor-element elementor-element-ba938db murspace-box-image elementor-widget elementor-widget-image\" data-id=\"ba938db\" data-element_type=\"widget\" data-e-type=\"widget\" data-widget_type=\"image.default\">\n\t\t\t\t<div class=\"elementor-widget-container\">\n\t\t\t\t\t\t\t\t\t\t\t\t\t\t\t<img decoding=\"async\" src=\"https:\/\/murface.com\/wp-content\/uploads\/elementor\/thumbs\/spachteltechnik-aussehen-r1d42smxs4mhdm2i7ndx1xavdo7qgfgwaswazayn7k.avif\" title=\"spachteltechnik-aussehen\" alt=\"spachteltechnik-aussehen\" loading=\"lazy\" \/>\t\t\t\t\t\t\t\t\t\t\t\t\t\t\t<\/div>\n\t\t\t\t<\/div>\n\t\t\t\t<\/div>\n\t\t<div class=\"elementor-element elementor-element-6d58b96 e-con-full e-flex e-con e-child\" data-id=\"6d58b96\" data-element_type=\"container\" data-e-type=\"container\" data-settings=\"{&quot;background_background&quot;:&quot;classic&quot;}\">\n\t\t\t\t<div class=\"elementor-element elementor-element-59cdf11 elementor-widget elementor-widget-text-editor\" data-id=\"59cdf11\" data-element_type=\"widget\" data-e-type=\"widget\" data-widget_type=\"text-editor.default\">\n\t\t\t\t<div class=\"elementor-widget-container\">\n\t\t\t\t\t\t\t\t\t<h2 class=\"title\" data-v-662045fd=\"\">Wie sehen die Spachteltechniken beim fugenlosen Boden aus?<\/h2><div class=\"text\" data-v-662045fd=\"\"><p>Ein fugenloser Boden kann mit unterschiedlichen Spachteltechniken oder Produkten realisiert werden. M\u00f6glich ist sowohl ein schlichter fugenloser Boden als auch eine strukturierte Oberfl\u00e4che angelehnt an Natursteinoberfl\u00e4chen. W\u00e4hrend glatte Fl\u00e4chen eher industriell wirken, sehen strukturierte B\u00f6den eher nat\u00fcrlich und warm aus.<\/p><p>\u00a0Allerdings muss der Bodenbelag auch im ersten Fall auf keinen Fall steril wirken, denn die Spachtelmasse ist in den unterschiedlichsten Farben erh\u00e4ltlich. Selbst bei dieser Ausf\u00fchrung hat dieser Boden nichts Unpers\u00f6nliches mehr, im Gegenteil, er spiegelt genau die pers\u00f6nlichen Vorlieben der Bewohner wieder.<\/p><p>\u00a0<\/p><p>Wichtig ist, dass der Boden vor Auftragen der Spachtelmasse zun\u00e4chst entsprechend im System vorbereitet wird. In Nassr\u00e4umen ist die Abdichtung durch eine DIN-Norm sogar gesetzlich vorgeschrieben. Nachdem der Bodenbelag aufgetragen wurde und der Boden die gew\u00fcnschte Struktur erhalten hat, wird eine Versiegelung auf die ausgeh\u00e4rtete Oberfl\u00e4che aufgebracht, die den Belag vor Abnutzung, Kratzern und Verf\u00e4rbung sch\u00fctzt.<\/p><\/div>\t\t\t\t\t\t\t\t<\/div>\n\t\t\t\t<\/div>\n\t\t\t\t<\/div>\n\t\t\t\t<\/div>\n\t\t<div class=\"elementor-element elementor-element-a8721fb e-con-full murspace-box e-flex e-con e-parent\" data-id=\"a8721fb\" data-element_type=\"container\" data-e-type=\"container\" data-settings=\"{&quot;background_background&quot;:&quot;classic&quot;}\">\n\t\t<div class=\"elementor-element elementor-element-3406faf e-con-full e-flex e-con e-child\" data-id=\"3406faf\" data-element_type=\"container\" data-e-type=\"container\" data-settings=\"{&quot;background_background&quot;:&quot;classic&quot;}\">\n\t\t\t\t<div class=\"elementor-element elementor-element-526d8b9 elementor-widget elementor-widget-text-editor\" data-id=\"526d8b9\" data-element_type=\"widget\" data-e-type=\"widget\" data-widget_type=\"text-editor.default\">\n\t\t\t\t<div class=\"elementor-widget-container\">\n\t\t\t\t\t\t\t\t\t<h2 class=\"title\" data-v-662045fd=\"\">Die Vorteile der Spachteltechniken<\/h2><div class=\"text\" data-v-662045fd=\"\"><ul><li>je mehr unterschiedliche Materialien f\u00fcr den Fu\u00dfbodenbelag eingesetzt werden, desto unruhiger wirkt der gesamte Raum. Ein durchg\u00e4ngiger fugenloser Boden beruhigt den Raum.\u00a0<\/li><li>Ein fugenloser Boden wirkt modern und ist pflegeleicht und einfach zu reinigen.<\/li><li>Er l\u00e4sst sich nach Ihren Vorstellungen gestalten und farblich auf die Wandgestaltung abstimmen. \u00c4ndert sich Ihr Farbgeschmack, so kann der Boden ganz einfach neu \u201egestrichen\u201c werden.<\/li><li>Auch unter fugenlosem Boden l\u00e4sst sich eine Fu\u00dfbodenheizung ganz einfach installieren, was sich vor allem in Wohnbereichen anbietet, da ein Boden aus Beton doch vergleichsweise k\u00fchl ist. \u00a0<\/li><li>Fugenl\u00f6se B\u00f6den \u00fcberzeugen auch durch ihre \u201eschmeichelnde\u201c Haptik sowie ihre Robustheit. Der Schichtaufbau erfolgt in mehreren Schichten. Durch das Beschichten mit unserer Versiegelung, sind die Fl\u00e4chen besonders unempfindlich gegen Kratzer und anderen Besch\u00e4digungen.<\/li><li>Ein fugenloser Boden ist bei entsprechender Pflege besonders langlebig. Er kann gut 25 Jahre oder l\u00e4nger halten. Einfache Sch\u00e4den in der Oberfl\u00e4che k\u00f6nnen ausgebessert werden.<\/li><\/ul><\/div>\t\t\t\t\t\t\t\t<\/div>\n\t\t\t\t<\/div>\n\t\t\t\t<\/div>\n\t\t<div class=\"elementor-element elementor-element-fce24f3 e-con-full e-flex e-con e-child\" data-id=\"fce24f3\" data-element_type=\"container\" data-e-type=\"container\" data-settings=\"{&quot;background_background&quot;:&quot;classic&quot;}\">\n\t\t\t\t<div class=\"elementor-element elementor-element-47bb43d murspace-box-image elementor-widget elementor-widget-image\" data-id=\"47bb43d\" data-element_type=\"widget\" data-e-type=\"widget\" data-widget_type=\"image.default\">\n\t\t\t\t<div class=\"elementor-widget-container\">\n\t\t\t\t\t\t\t\t\t\t\t\t\t\t\t<img decoding=\"async\" src=\"https:\/\/murface.com\/wp-content\/uploads\/elementor\/thumbs\/spachteltechnk-vorteil-r1d44r4u0pazkd83rzuxqxifxkk9hq8rkhtpz2248w.avif\" title=\"spachteltechnk-vorteil\" alt=\"spachteltechnk-vorteil\" loading=\"lazy\" \/>\t\t\t\t\t\t\t\t\t\t\t\t\t\t\t<\/div>\n\t\t\t\t<\/div>\n\t\t\t\t<\/div>\n\t\t\t\t<\/div>\n\t\t\t\t<\/div>\n\t\t","protected":false},"excerpt":{"rendered":"<p>Spachteltechnik \u00dcber unsere Spachtelsysteme k\u00f6nnen ebenfalls fugenlose B\u00f6den entstehen. Spachtelb\u00f6den werden in fl\u00fcssiger Form auf den Boden aufgetragen und haben so den Vorteil, dass sie auch in schwer zug\u00e4nglichen Teilen verarbeitet werden k\u00f6nnen. Dar\u00fcber hinaus eignen sie sich besonders gut, um auf vorhandene Untergr\u00fcnde wie Fliesen aufgetragen zu werden. Auch die Einflussnahme auf Strukturen, Farben [&hellip;]<\/p>\n","protected":false},"author":1,"featured_media":0,"parent":0,"menu_order":0,"comment_status":"closed","ping_status":"closed","template":"","meta":{"inline_featured_image":false,"footnotes":""},"class_list":["post-1091","page","type-page","status-publish","hentry"],"jetpack_sharing_enabled":true,"_links":{"self":[{"href":"https:\/\/murface.com\/de\/wp-json\/wp\/v2\/pages\/1091","targetHints":{"allow":["GET"]}}],"collection":[{"href":"https:\/\/murface.com\/de\/wp-json\/wp\/v2\/pages"}],"about":[{"href":"https:\/\/murface.com\/de\/wp-json\/wp\/v2\/types\/page"}],"author":[{"embeddable":true,"href":"https:\/\/murface.com\/de\/wp-json\/wp\/v2\/users\/1"}],"replies":[{"embeddable":true,"href":"https:\/\/murface.com\/de\/wp-json\/wp\/v2\/comments?post=1091"}],"version-history":[{"count":7,"href":"https:\/\/murface.com\/de\/wp-json\/wp\/v2\/pages\/1091\/revisions"}],"predecessor-version":[{"id":1104,"href":"https:\/\/murface.com\/de\/wp-json\/wp\/v2\/pages\/1091\/revisions\/1104"}],"wp:attachment":[{"href":"https:\/\/murface.com\/de\/wp-json\/wp\/v2\/media?parent=1091"}],"curies":[{"name":"wp","href":"https:\/\/api.w.org\/{rel}","templated":true}]}}