{"id":1130,"date":"2025-02-12T06:24:22","date_gmt":"2025-02-12T05:24:22","guid":{"rendered":"https:\/\/murface.com\/?page_id=1130"},"modified":"2025-02-12T06:28:29","modified_gmt":"2025-02-12T05:28:29","slug":"fugenlose-dusche","status":"publish","type":"page","link":"https:\/\/murface.com\/de\/fugenlose-dusche\/","title":{"rendered":"Fugenlose Dusche"},"content":{"rendered":"\t\t<div data-elementor-type=\"wp-page\" data-elementor-id=\"1130\" class=\"elementor elementor-1130\" data-elementor-post-type=\"page\">\n\t\t\t\t<div class=\"elementor-element elementor-element-15a52bf e-grid e-con-boxed e-con e-parent\" data-id=\"15a52bf\" data-element_type=\"container\" data-e-type=\"container\">\n\t\t\t\t\t<div class=\"e-con-inner\">\n\t\t\t\t\t<\/div>\n\t\t\t\t<\/div>\n\t\t<div class=\"elementor-element elementor-element-13c70262 e-grid e-con-boxed e-con e-parent\" data-id=\"13c70262\" data-element_type=\"container\" data-e-type=\"container\" id=\"hero-intro\" data-settings=\"{&quot;background_background&quot;:&quot;classic&quot;,&quot;background_motion_fx_motion_fx_mouse&quot;:&quot;yes&quot;}\">\n\t\t\t\t\t<div class=\"e-con-inner\">\n\t\t\t\t<div class=\"elementor-element elementor-element-3bb1bcda elementor-widget__width-initial elementor-widget elementor-widget-text-editor\" data-id=\"3bb1bcda\" data-element_type=\"widget\" data-e-type=\"widget\" data-widget_type=\"text-editor.default\">\n\t\t\t\t<div class=\"elementor-widget-container\">\n\t\t\t\t\t\t\t\t\t<h1 data-v-9ead72d2=\"\">Fugenlose Trends setzen<\/h1><div class=\"text\" data-v-9ead72d2=\"\"><div class=\"content\" data-v-9ead72d2=\"\"><h1 data-v-9ead72d2=\"\">Fugenfreie Trends setzen<\/h1><div class=\"text\" data-v-9ead72d2=\"\"><p>Wer auf der Suche nach einem klaren, zeitlosen Design ist, sollte \u00fcberlegen, ob eine fugenlose Dusche infrage kommt. Diese Art der Badgestaltung ist nicht nur modern, sondern auch \u00e4u\u00dferst praktisch.<\/p><\/div><\/div><\/div>\t\t\t\t\t\t\t\t<\/div>\n\t\t\t\t<\/div>\n\t\t<div class=\"elementor-element elementor-element-7f636cb e-con-full elementor-hidden-tablet elementor-hidden-mobile e-flex e-con e-child\" data-id=\"7f636cb\" data-element_type=\"container\" data-e-type=\"container\">\n\t\t\t\t<\/div>\n\t\t\t\t\t<\/div>\n\t\t\t\t<\/div>\n\t\t<div class=\"elementor-element elementor-element-42a0d3a8 e-con-full murspace-box e-flex e-con e-parent\" data-id=\"42a0d3a8\" data-element_type=\"container\" data-e-type=\"container\" id=\"murspace-box-murspace\" data-settings=\"{&quot;background_background&quot;:&quot;classic&quot;}\">\n\t\t<div class=\"elementor-element elementor-element-25692a2f e-con-full e-flex e-con e-child\" data-id=\"25692a2f\" data-element_type=\"container\" data-e-type=\"container\" data-settings=\"{&quot;background_background&quot;:&quot;classic&quot;}\">\n\t\t\t\t<div class=\"elementor-element elementor-element-6b0b9097 murspace-box-image elementor-widget elementor-widget-image\" data-id=\"6b0b9097\" data-element_type=\"widget\" data-e-type=\"widget\" data-widget_type=\"image.default\">\n\t\t\t\t<div class=\"elementor-widget-container\">\n\t\t\t\t\t\t\t\t\t\t\t\t\t\t\t<img decoding=\"async\" src=\"https:\/\/murface.com\/wp-content\/uploads\/elementor\/thumbs\/fugenfreies-nass-r1dsx1ddoyrwqh4rgovforksjalue2jtkw50d325mo.avif\" title=\"fugenfreies-nass\" alt=\"fugenfreies-nass\" loading=\"lazy\" \/>\t\t\t\t\t\t\t\t\t\t\t\t\t\t\t<\/div>\n\t\t\t\t<\/div>\n\t\t\t\t<\/div>\n\t\t<div class=\"elementor-element elementor-element-7e6a8478 e-con-full e-flex e-con e-child\" data-id=\"7e6a8478\" data-element_type=\"container\" data-e-type=\"container\" data-settings=\"{&quot;background_background&quot;:&quot;classic&quot;}\">\n\t\t\t\t<div class=\"elementor-element elementor-element-6d157a95 elementor-widget elementor-widget-text-editor\" data-id=\"6d157a95\" data-element_type=\"widget\" data-e-type=\"widget\" data-widget_type=\"text-editor.default\">\n\t\t\t\t<div class=\"elementor-widget-container\">\n\t\t\t\t\t\t\t\t\t<h2 class=\"title\" data-v-662045fd=\"\">Fugenfreies Nass<\/h2><div class=\"text\" data-v-662045fd=\"\"><p>Fugenfreie Oberfl\u00e4chen sind der neue Trend im Wohnbereich, denn sie sorgen f\u00fcr klare Linien und saubere Fl\u00e4chen. Im Badezimmer bieten sie sich besonders an, denn W\u00e4nde und B\u00f6den ohne Kacheln lassen sich viel besser reinigen und beruhigen und vergr\u00f6\u00dfern den Raum optisch.<\/p><\/div>\t\t\t\t\t\t\t\t<\/div>\n\t\t\t\t<\/div>\n\t\t\t\t<\/div>\n\t\t\t\t<\/div>\n\t\t<div class=\"elementor-element elementor-element-5414296f e-con-full murspace-box e-flex e-con e-parent\" data-id=\"5414296f\" data-element_type=\"container\" data-e-type=\"container\" data-settings=\"{&quot;background_background&quot;:&quot;classic&quot;}\">\n\t\t<div class=\"elementor-element elementor-element-4bea1b5a e-con-full e-flex e-con e-child\" data-id=\"4bea1b5a\" data-element_type=\"container\" data-e-type=\"container\" data-settings=\"{&quot;background_background&quot;:&quot;classic&quot;}\">\n\t\t\t\t<div class=\"elementor-element elementor-element-3ce8105a elementor-widget elementor-widget-text-editor\" data-id=\"3ce8105a\" data-element_type=\"widget\" data-e-type=\"widget\" data-widget_type=\"text-editor.default\">\n\t\t\t\t<div class=\"elementor-widget-container\">\n\t\t\t\t\t\t\t\t\t<h2 class=\"title\" data-v-662045fd=\"\">Fugenlos duschen?<\/h2><div class=\"text\" data-v-662045fd=\"\"><p>Mit einer fugenlosen Dusche ist im Prinzip ein fugenfreies Badezimmer gemeint. Allerdings bezieht sich das fugenlose Design nicht nur auf W\u00e4nde, B\u00f6den und Decken, sondern auf den gesamten Raum. Und es bedeutet, dass die Dusche nicht mehr als erhabene oder versenkte Duschtasse realisiert wird, sondern als mit dem restlichen Boden ebener Bereich, der beispielsweise durch einen Spritzschutz aus Glas vom restlichen Teil des Raumes abgetrennt ist. Der Bereich, in dem sich die Dusche befindet, wir ebenso mit fugenlosen Oberfl\u00e4chen versehen wie der Rest des Raumes.<\/p><\/div>\t\t\t\t\t\t\t\t<\/div>\n\t\t\t\t<\/div>\n\t\t\t\t<\/div>\n\t\t<div class=\"elementor-element elementor-element-39b50789 e-con-full e-flex e-con e-child\" data-id=\"39b50789\" data-element_type=\"container\" data-e-type=\"container\" data-settings=\"{&quot;background_background&quot;:&quot;classic&quot;}\">\n\t\t\t\t<div class=\"elementor-element elementor-element-744667ac murspace-box-image elementor-widget elementor-widget-image\" data-id=\"744667ac\" data-element_type=\"widget\" data-e-type=\"widget\" data-widget_type=\"image.default\">\n\t\t\t\t<div class=\"elementor-widget-container\">\n\t\t\t\t\t\t\t\t\t\t\t\t\t\t\t<img decoding=\"async\" src=\"https:\/\/murface.com\/wp-content\/uploads\/elementor\/thumbs\/fugenlos-duschen-r1dsydb5dilj6l74orlepxhaty1kamu4rheru732tc.avif\" title=\"fugenlos-duschen\" alt=\"fugenlos-duschen\" loading=\"lazy\" \/>\t\t\t\t\t\t\t\t\t\t\t\t\t\t\t<\/div>\n\t\t\t\t<\/div>\n\t\t\t\t<\/div>\n\t\t\t\t<\/div>\n\t\t<div class=\"elementor-element elementor-element-3b57b14 e-con-full murspace-box e-flex e-con e-parent\" data-id=\"3b57b14\" data-element_type=\"container\" data-e-type=\"container\" data-settings=\"{&quot;background_background&quot;:&quot;classic&quot;}\">\n\t\t<div class=\"elementor-element elementor-element-88ab973 e-con-full e-flex e-con e-child\" data-id=\"88ab973\" data-element_type=\"container\" data-e-type=\"container\" data-settings=\"{&quot;background_background&quot;:&quot;classic&quot;}\">\n\t\t\t\t<div class=\"elementor-element elementor-element-9b5d4a5 murspace-box-image elementor-widget elementor-widget-image\" data-id=\"9b5d4a5\" data-element_type=\"widget\" data-e-type=\"widget\" data-widget_type=\"image.default\">\n\t\t\t\t<div class=\"elementor-widget-container\">\n\t\t\t\t\t\t\t\t\t\t\t\t\t\t\t<img decoding=\"async\" src=\"https:\/\/murface.com\/wp-content\/uploads\/elementor\/thumbs\/fugenlose-dusche-r1dszgsdck3kq7lsa8nqmnins4mz9x6uwwt5ztgjk0.avif\" title=\"fugenlose-dusche\" alt=\"fugenlose-dusche\" loading=\"lazy\" \/>\t\t\t\t\t\t\t\t\t\t\t\t\t\t\t<\/div>\n\t\t\t\t<\/div>\n\t\t\t\t<\/div>\n\t\t<div class=\"elementor-element elementor-element-01d0fa2 e-con-full e-flex e-con e-child\" data-id=\"01d0fa2\" data-element_type=\"container\" data-e-type=\"container\" data-settings=\"{&quot;background_background&quot;:&quot;classic&quot;}\">\n\t\t\t\t<div class=\"elementor-element elementor-element-662f75f elementor-widget elementor-widget-text-editor\" data-id=\"662f75f\" data-element_type=\"widget\" data-e-type=\"widget\" data-widget_type=\"text-editor.default\">\n\t\t\t\t<div class=\"elementor-widget-container\">\n\t\t\t\t\t\t\t\t\t<h2 class=\"title\" data-v-662045fd=\"\">Wie entsteht eine fugenlose Dusche?<\/h2><div class=\"text\" data-v-662045fd=\"\"><p><em>Die fugenlose Dusche l\u00e4sst sich in einem Neubau, aber auch im Zuge einer Badsanierung realisieren. M\u00f6glich ist dabei, vorhandene Fliesen einfach zu \u00fcberdecken und den so entstandenen fugenlosen Boden in Duschbereich und Badezimmer aufzuteilen. Wo eine Duschtasse vorhanden war, wird der Boden ausgeglichen. Wichtig ist, dass der Boden vor Auftragen der Spachtelmasse abgedichtet wird. Das ist in einer DIN-Norm f\u00fcr Nassr\u00e4ume vorgegeben. Schlie\u00dflich soll sp\u00e4ter kein Wasser unter den Bodenbelag und in die W\u00e4nde gelangen. Ist die Spachtelmasse getrocknet, wird sie in mehreren Schichten versiegelt. Nun ist der Boden fertig und resistent gegen eindringendes Wasser. Die entstandene Oberfl\u00e4che f\u00fchlt sich w\u00e4rmer und weicher als Flie\u00dfen an. \u00dcbrigens ist es auch m\u00f6glich, andere Oberfl\u00e4chen des Badezimmers fugenfrei zu gestalten, beispielsweise die Waschbecken und Ablagen.<\/em><\/p><\/div>\t\t\t\t\t\t\t\t<\/div>\n\t\t\t\t<\/div>\n\t\t\t\t<\/div>\n\t\t\t\t<\/div>\n\t\t<div class=\"elementor-element elementor-element-8375d06 e-con-full murspace-box e-flex e-con e-parent\" data-id=\"8375d06\" data-element_type=\"container\" data-e-type=\"container\" data-settings=\"{&quot;background_background&quot;:&quot;classic&quot;}\">\n\t\t<div class=\"elementor-element elementor-element-5bbfffd e-con-full e-flex e-con e-child\" data-id=\"5bbfffd\" data-element_type=\"container\" data-e-type=\"container\" data-settings=\"{&quot;background_background&quot;:&quot;classic&quot;}\">\n\t\t\t\t<div class=\"elementor-element elementor-element-10ad039 elementor-widget elementor-widget-text-editor\" data-id=\"10ad039\" data-element_type=\"widget\" data-e-type=\"widget\" data-widget_type=\"text-editor.default\">\n\t\t\t\t<div class=\"elementor-widget-container\">\n\t\t\t\t\t\t\t\t\t<h2 class=\"title\" data-v-662045fd=\"\">Vorteile einer fugenlosen Dusche<\/h2><div class=\"text\" data-v-662045fd=\"\"><ul><li>Ein fugenfreies Badezimmer ohne Kacheln l\u00e4sst sich viel einfacher reinigen, weil die Wischmops und Reinigungsschw\u00e4mme nicht am rauen Fugenm\u00f6rtel zwischen den Fliesen h\u00e4ngenbleiben kann und keine Fugen vorhanden sind, in denen sich Schmutz sammelt. Schimmel wird ebenfalls verhindert.<\/li><li>Ein fugenfreier Boden macht den Raum optisch gr\u00f6\u00dfer, vor allem in Kombination mit fugenlosen W\u00e4nden. Davon profitieren vor allem kleinere Badezimmer, aber auch in gro\u00dfen Badezimmern schadet ein fugenfreier Boden nicht.<\/li><li>Mit einem Oberfl\u00e4chendesign ohne Kacheln erhalten Sie ein wirklich modernes Bad.<\/li><li>Ein fugenfreier Boden im Badezimmer ist farblich nicht beschr\u00e4nkt. Wir bieten eine breite Farbpalette und falls gew\u00fcnscht besondere Strukturen und Oberfl\u00e4chendesigns.<\/li><li>Bei der richtigen Pflege ist ein fugenfreies Badezimmer sehr langlebig, es h\u00e4lt 25\u00a0Jahre lang und mehr.<\/li><\/ul><\/div>\t\t\t\t\t\t\t\t<\/div>\n\t\t\t\t<\/div>\n\t\t\t\t<\/div>\n\t\t<div class=\"elementor-element elementor-element-89ee738 e-con-full e-flex e-con e-child\" data-id=\"89ee738\" data-element_type=\"container\" data-e-type=\"container\" data-settings=\"{&quot;background_background&quot;:&quot;classic&quot;}\">\n\t\t\t\t<div class=\"elementor-element elementor-element-380cbd4 murspace-box-image elementor-widget elementor-widget-image\" data-id=\"380cbd4\" data-element_type=\"widget\" data-e-type=\"widget\" data-widget_type=\"image.default\">\n\t\t\t\t<div class=\"elementor-widget-container\">\n\t\t\t\t\t\t\t\t\t\t\t\t\t\t\t<img decoding=\"async\" src=\"https:\/\/murface.com\/wp-content\/uploads\/elementor\/thumbs\/vorteil-r1dt0jbr4rkby81t17bfyvsk4xd11ifuq7k2o5vegw.avif\" title=\"vorteil\" alt=\"vorteil\" loading=\"lazy\" \/>\t\t\t\t\t\t\t\t\t\t\t\t\t\t\t<\/div>\n\t\t\t\t<\/div>\n\t\t\t\t<\/div>\n\t\t\t\t<\/div>\n\t\t\t\t<\/div>\n\t\t","protected":false},"excerpt":{"rendered":"<p>Fugenlose Trends setzen Fugenfreie Trends setzen Wer auf der Suche nach einem klaren, zeitlosen Design ist, sollte \u00fcberlegen, ob eine fugenlose Dusche infrage kommt. Diese Art der Badgestaltung ist nicht nur modern, sondern auch \u00e4u\u00dferst praktisch. Fugenfreies Nass Fugenfreie Oberfl\u00e4chen sind der neue Trend im Wohnbereich, denn sie sorgen f\u00fcr klare Linien und saubere Fl\u00e4chen. [&hellip;]<\/p>\n","protected":false},"author":1,"featured_media":0,"parent":0,"menu_order":0,"comment_status":"closed","ping_status":"closed","template":"","meta":{"inline_featured_image":false,"footnotes":""},"class_list":["post-1130","page","type-page","status-publish","hentry"],"jetpack_sharing_enabled":true,"_links":{"self":[{"href":"https:\/\/murface.com\/de\/wp-json\/wp\/v2\/pages\/1130","targetHints":{"allow":["GET"]}}],"collection":[{"href":"https:\/\/murface.com\/de\/wp-json\/wp\/v2\/pages"}],"about":[{"href":"https:\/\/murface.com\/de\/wp-json\/wp\/v2\/types\/page"}],"author":[{"embeddable":true,"href":"https:\/\/murface.com\/de\/wp-json\/wp\/v2\/users\/1"}],"replies":[{"embeddable":true,"href":"https:\/\/murface.com\/de\/wp-json\/wp\/v2\/comments?post=1130"}],"version-history":[{"count":7,"href":"https:\/\/murface.com\/de\/wp-json\/wp\/v2\/pages\/1130\/revisions"}],"predecessor-version":[{"id":1142,"href":"https:\/\/murface.com\/de\/wp-json\/wp\/v2\/pages\/1130\/revisions\/1142"}],"wp:attachment":[{"href":"https:\/\/murface.com\/de\/wp-json\/wp\/v2\/media?parent=1130"}],"curies":[{"name":"wp","href":"https:\/\/api.w.org\/{rel}","templated":true}]}}