{"id":1143,"date":"2025-02-12T06:29:15","date_gmt":"2025-02-12T05:29:15","guid":{"rendered":"https:\/\/murface.com\/?page_id=1143"},"modified":"2025-02-12T06:32:40","modified_gmt":"2025-02-12T05:32:40","slug":"fugenlose-badewanne","status":"publish","type":"page","link":"https:\/\/murface.com\/de\/fugenlose-badewanne\/","title":{"rendered":"Fugenlose Badewanne"},"content":{"rendered":"\t\t<div data-elementor-type=\"wp-page\" data-elementor-id=\"1143\" class=\"elementor elementor-1143\" data-elementor-post-type=\"page\">\n\t\t\t\t<div class=\"elementor-element elementor-element-15a52bf e-grid e-con-boxed e-con e-parent\" data-id=\"15a52bf\" data-element_type=\"container\" data-e-type=\"container\">\n\t\t\t\t\t<div class=\"e-con-inner\">\n\t\t\t\t\t<\/div>\n\t\t\t\t<\/div>\n\t\t<div class=\"elementor-element elementor-element-13c70262 e-grid e-con-boxed e-con e-parent\" data-id=\"13c70262\" data-element_type=\"container\" data-e-type=\"container\" id=\"hero-intro\" data-settings=\"{&quot;background_background&quot;:&quot;classic&quot;,&quot;background_motion_fx_motion_fx_mouse&quot;:&quot;yes&quot;}\">\n\t\t\t\t\t<div class=\"e-con-inner\">\n\t\t\t\t<div class=\"elementor-element elementor-element-3bb1bcda elementor-widget__width-initial elementor-widget elementor-widget-text-editor\" data-id=\"3bb1bcda\" data-element_type=\"widget\" data-e-type=\"widget\" data-widget_type=\"text-editor.default\">\n\t\t\t\t<div class=\"elementor-widget-container\">\n\t\t\t\t\t\t\t\t\t<h1 data-v-9ead72d2=\"\">Fugenlose Badewanne<\/h1><div class=\"text\" data-v-9ead72d2=\"\"><p>Im Badezimmer sind glatte Fl\u00e4chen sinnvoll, da sie sich einfach reinigen lassen und wenig anf\u00e4llig f\u00fcr Schimmel sind. Aus diesen und aus optischen Gr\u00fcnden ist es keine schlechte Idee, sich f\u00fcr eine fugenlose Badewanne zu entscheiden.<\/p><\/div>\t\t\t\t\t\t\t\t<\/div>\n\t\t\t\t<\/div>\n\t\t<div class=\"elementor-element elementor-element-7f636cb e-con-full elementor-hidden-tablet elementor-hidden-mobile e-flex e-con e-child\" data-id=\"7f636cb\" data-element_type=\"container\" data-e-type=\"container\">\n\t\t\t\t<\/div>\n\t\t\t\t\t<\/div>\n\t\t\t\t<\/div>\n\t\t<div class=\"elementor-element elementor-element-42a0d3a8 e-con-full murspace-box e-flex e-con e-parent\" data-id=\"42a0d3a8\" data-element_type=\"container\" data-e-type=\"container\" id=\"murspace-box-murspace\" data-settings=\"{&quot;background_background&quot;:&quot;classic&quot;}\">\n\t\t<div class=\"elementor-element elementor-element-25692a2f e-con-full e-flex e-con e-child\" data-id=\"25692a2f\" data-element_type=\"container\" data-e-type=\"container\" data-settings=\"{&quot;background_background&quot;:&quot;classic&quot;}\">\n\t\t\t\t<div class=\"elementor-element elementor-element-6b0b9097 murspace-box-image elementor-widget elementor-widget-image\" data-id=\"6b0b9097\" data-element_type=\"widget\" data-e-type=\"widget\" data-widget_type=\"image.default\">\n\t\t\t\t<div class=\"elementor-widget-container\">\n\t\t\t\t\t\t\t\t\t\t\t\t\t\t\t<img decoding=\"async\" src=\"https:\/\/murface.com\/wp-content\/uploads\/elementor\/thumbs\/neuigkeiten-r1dt4bmcnqqwpojtxc8cifee9sp91mgxky5h9a9beo.avif\" title=\"neuigkeiten\" alt=\"neuigkeiten\" loading=\"lazy\" \/>\t\t\t\t\t\t\t\t\t\t\t\t\t\t\t<\/div>\n\t\t\t\t<\/div>\n\t\t\t\t<\/div>\n\t\t<div class=\"elementor-element elementor-element-7e6a8478 e-con-full e-flex e-con e-child\" data-id=\"7e6a8478\" data-element_type=\"container\" data-e-type=\"container\" data-settings=\"{&quot;background_background&quot;:&quot;classic&quot;}\">\n\t\t\t\t<div class=\"elementor-element elementor-element-6d157a95 elementor-widget elementor-widget-text-editor\" data-id=\"6d157a95\" data-element_type=\"widget\" data-e-type=\"widget\" data-widget_type=\"text-editor.default\">\n\t\t\t\t<div class=\"elementor-widget-container\">\n\t\t\t\t\t\t\t\t\t<h2 class=\"title\" data-v-662045fd=\"\">Neuigkeiten aus dem Nassbereich<\/h2><div class=\"text\" data-v-662045fd=\"\"><p>Fr\u00fcher gab es fugenlose Oberfl\u00e4chen nur in der Industrie, denn dort hatte man die Vorteile solcher B\u00f6den und W\u00e4nde schon erkannt. Mit der Zeit kam die Idee auf, auch Wohnr\u00e4ume auf diese Weise zu gestalten. Immerhin sind solche Oberfl\u00e4chen pflegeleicht, und sie verleihen dem Raum ein sauberes, offenes Aussehen. Das fugenlose Badezimmer ist Teil des neuen Trends.<\/p><\/div>\t\t\t\t\t\t\t\t<\/div>\n\t\t\t\t<\/div>\n\t\t\t\t<\/div>\n\t\t\t\t<\/div>\n\t\t<div class=\"elementor-element elementor-element-5414296f e-con-full murspace-box e-flex e-con e-parent\" data-id=\"5414296f\" data-element_type=\"container\" data-e-type=\"container\" data-settings=\"{&quot;background_background&quot;:&quot;classic&quot;}\">\n\t\t<div class=\"elementor-element elementor-element-4bea1b5a e-con-full e-flex e-con e-child\" data-id=\"4bea1b5a\" data-element_type=\"container\" data-e-type=\"container\" data-settings=\"{&quot;background_background&quot;:&quot;classic&quot;}\">\n\t\t\t\t<div class=\"elementor-element elementor-element-3ce8105a elementor-widget elementor-widget-text-editor\" data-id=\"3ce8105a\" data-element_type=\"widget\" data-e-type=\"widget\" data-widget_type=\"text-editor.default\">\n\t\t\t\t<div class=\"elementor-widget-container\">\n\t\t\t\t\t\t\t\t\t<h2 class=\"title\" data-v-662045fd=\"\">Was ist eine fugenlose Badewanne?<\/h2><div class=\"text\" data-v-662045fd=\"\"><p>Mit einer fugenlosen Badewanne ist in erster Linie ein fugenfreies Badezimmer gemeint. Doch w\u00e4hrend bisher vor allem B\u00f6den, W\u00e4nde und Decken fugenlos gestaltet wurden, ist es heute durchaus m\u00f6glich, auch andere Fl\u00e4chen in der Einrichtung, wie Badewanne, Dusche und Waschbecken, ohne Fugen auszuf\u00fchren. Damit werden Fliesen als vorherrschender Boden- und Wandbelag abgel\u00f6st. Denn sie haben immer noch zu sehr Schwimmbadoptik, als dass man sich im Badezimmer richtig wohlf\u00fchlt. Dabei ist das inzwischen wichtig geworden. Durch fugenlose B\u00f6den und glatte Fl\u00e4chen verwandeln sich Badezimmer in richtige Orte des Wohlbefindens.<\/p><\/div>\t\t\t\t\t\t\t\t<\/div>\n\t\t\t\t<\/div>\n\t\t\t\t<\/div>\n\t\t<div class=\"elementor-element elementor-element-39b50789 e-con-full e-flex e-con e-child\" data-id=\"39b50789\" data-element_type=\"container\" data-e-type=\"container\" data-settings=\"{&quot;background_background&quot;:&quot;classic&quot;}\">\n\t\t\t\t<div class=\"elementor-element elementor-element-744667ac murspace-box-image elementor-widget elementor-widget-image\" data-id=\"744667ac\" data-element_type=\"widget\" data-e-type=\"widget\" data-widget_type=\"image.default\">\n\t\t\t\t<div class=\"elementor-widget-container\">\n\t\t\t\t\t\t\t\t\t\t\t\t\t\t\t<img decoding=\"async\" src=\"https:\/\/murface.com\/wp-content\/uploads\/elementor\/thumbs\/fugenlose-bade-r1dt52vo5xs82dg8i60j0qirhyyw8uh5cp2k6b4we8.avif\" title=\"fugenlose-bade\" alt=\"fugenlose-bade\" loading=\"lazy\" \/>\t\t\t\t\t\t\t\t\t\t\t\t\t\t\t<\/div>\n\t\t\t\t<\/div>\n\t\t\t\t<\/div>\n\t\t\t\t<\/div>\n\t\t<div class=\"elementor-element elementor-element-3b57b14 e-con-full murspace-box e-flex e-con e-parent\" data-id=\"3b57b14\" data-element_type=\"container\" data-e-type=\"container\" data-settings=\"{&quot;background_background&quot;:&quot;classic&quot;}\">\n\t\t<div class=\"elementor-element elementor-element-88ab973 e-con-full e-flex e-con e-child\" data-id=\"88ab973\" data-element_type=\"container\" data-e-type=\"container\" data-settings=\"{&quot;background_background&quot;:&quot;classic&quot;}\">\n\t\t\t\t<div class=\"elementor-element elementor-element-9b5d4a5 murspace-box-image elementor-widget elementor-widget-image\" data-id=\"9b5d4a5\" data-element_type=\"widget\" data-e-type=\"widget\" data-widget_type=\"image.default\">\n\t\t\t\t<div class=\"elementor-widget-container\">\n\t\t\t\t\t\t\t\t\t\t\t\t\t\t\t<img decoding=\"async\" src=\"https:\/\/murface.com\/wp-content\/uploads\/elementor\/thumbs\/entstehung-r1dt62ljdn54bk0cplgcnhia2m2udcey5lv0etnxts.avif\" title=\"entstehung\" alt=\"entstehung\" loading=\"lazy\" \/>\t\t\t\t\t\t\t\t\t\t\t\t\t\t\t<\/div>\n\t\t\t\t<\/div>\n\t\t\t\t<\/div>\n\t\t<div class=\"elementor-element elementor-element-01d0fa2 e-con-full e-flex e-con e-child\" data-id=\"01d0fa2\" data-element_type=\"container\" data-e-type=\"container\" data-settings=\"{&quot;background_background&quot;:&quot;classic&quot;}\">\n\t\t\t\t<div class=\"elementor-element elementor-element-662f75f elementor-widget elementor-widget-text-editor\" data-id=\"662f75f\" data-element_type=\"widget\" data-e-type=\"widget\" data-widget_type=\"text-editor.default\">\n\t\t\t\t<div class=\"elementor-widget-container\">\n\t\t\t\t\t\t\t\t\t<h2 class=\"title\" data-v-662045fd=\"\">Wie entsteht das?<\/h2><div class=\"text\" data-v-662045fd=\"\"><p>Um fugenlose Oberfl\u00e4chen zu erhalten, m\u00fcssen Boden, W\u00e4nde, Decke und sonstige Einrichtungsgegenst\u00e4nde mit Spachtelmasse \u00fcberzogen werden. Dabei kann Flie\u00dfspachtel auch auf vorhandene Fliesen aufgetragen werden. So erh\u00e4lt man ein optisch neues Badezimmer ohne den gro\u00dfen Aufwand des Stemmens und der Entsorgung. Bez\u00fcglich der Badewanne sind mehrere Designs m\u00f6glich. Beispielsweise kann die Badewanne frei im Raum stehen, m\u00f6glich ist aber auch, eine Einbaubadewanne mit einer fugenlosen Verkleidung und Ablage zu versehen. Das bedeutet, die normalerweise geflieste Wannenverkleidung mit glatter Spachtelmasse zu bedecken. Sofort wirkt sie elegant und luxuri\u00f6s. Sind die Arbeiten mit der Spachtelmasse beendet und ist diese ausgeh\u00e4rtet, werden die Oberfl\u00e4chen in mehreren Schichten versiegelt. Das ist im Bad besonders wichtig, denn es soll kein Wasser unter die Oberfl\u00e4chen und in W\u00e4nde und Boden gelangen.<\/p><\/div>\t\t\t\t\t\t\t\t<\/div>\n\t\t\t\t<\/div>\n\t\t\t\t<\/div>\n\t\t\t\t<\/div>\n\t\t<div class=\"elementor-element elementor-element-8375d06 e-con-full murspace-box e-flex e-con e-parent\" data-id=\"8375d06\" data-element_type=\"container\" data-e-type=\"container\" data-settings=\"{&quot;background_background&quot;:&quot;classic&quot;}\">\n\t\t<div class=\"elementor-element elementor-element-5bbfffd e-con-full e-flex e-con e-child\" data-id=\"5bbfffd\" data-element_type=\"container\" data-e-type=\"container\" data-settings=\"{&quot;background_background&quot;:&quot;classic&quot;}\">\n\t\t\t\t<div class=\"elementor-element elementor-element-10ad039 elementor-widget elementor-widget-text-editor\" data-id=\"10ad039\" data-element_type=\"widget\" data-e-type=\"widget\" data-widget_type=\"text-editor.default\">\n\t\t\t\t<div class=\"elementor-widget-container\">\n\t\t\t\t\t\t\t\t\t<h2 class=\"title\" data-v-662045fd=\"\">Untenrum fugenlos?<\/h2><div class=\"text\" data-v-662045fd=\"\"><ul><li>Fugenlose B\u00f6den im Badezimmer sind resistent gegen eindringendes Wasser und Schimmel. Sie lassen sich viel einfacher reinigen als Fliesenfl\u00e4chen, denn es gibt keine Fugen, in denen sich Schmutz sammeln kann.<\/li><li>Ein fugenfreies Badezimmer strahlt Luxus aus. Generell wirken fugenlose Oberfl\u00e4chen zeitlos und elegant. Sie vergr\u00f6\u00dfern den Raum optisch, was vor allem kleinen R\u00e4umen zu Gute kommt.<\/li><li>Fugenlose B\u00f6den und Oberfl\u00e4chen lassen sich in den unterschiedlichsten Farben und Strukturen und mit Effekten wie Mica Glass\u00a0 realisieren.<\/li><li>Eine fugenlose Badewanne f\u00fchlt sich einfach gut an. Das zur Herstellung verwendete Material wirkt weicher und w\u00e4rmer als Fliesen. Sollte der Boden potenziell zu kalt werden, l\u00e4sst sich unter der Spachtelmasse auch eine Bodenheizung realisieren.<\/li><\/ul><\/div>\t\t\t\t\t\t\t\t<\/div>\n\t\t\t\t<\/div>\n\t\t\t\t<\/div>\n\t\t<div class=\"elementor-element elementor-element-89ee738 e-con-full e-flex e-con e-child\" data-id=\"89ee738\" data-element_type=\"container\" data-e-type=\"container\" data-settings=\"{&quot;background_background&quot;:&quot;classic&quot;}\">\n\t\t\t\t<div class=\"elementor-element elementor-element-380cbd4 murspace-box-image elementor-widget elementor-widget-image\" data-id=\"380cbd4\" data-element_type=\"widget\" data-e-type=\"widget\" data-widget_type=\"image.default\">\n\t\t\t\t<div class=\"elementor-widget-container\">\n\t\t\t\t\t\t\t\t\t\t\t\t\t\t\t<img decoding=\"async\" src=\"https:\/\/murface.com\/wp-content\/uploads\/elementor\/thumbs\/untenrum-r1dt7398s6jawcj3rjasuq998n25pjghanay4m5l34.avif\" title=\"untenrum\" alt=\"untenrum\" loading=\"lazy\" \/>\t\t\t\t\t\t\t\t\t\t\t\t\t\t\t<\/div>\n\t\t\t\t<\/div>\n\t\t\t\t<\/div>\n\t\t\t\t<\/div>\n\t\t\t\t<\/div>\n\t\t","protected":false},"excerpt":{"rendered":"<p>Fugenlose Badewanne Im Badezimmer sind glatte Fl\u00e4chen sinnvoll, da sie sich einfach reinigen lassen und wenig anf\u00e4llig f\u00fcr Schimmel sind. Aus diesen und aus optischen Gr\u00fcnden ist es keine schlechte Idee, sich f\u00fcr eine fugenlose Badewanne zu entscheiden. Neuigkeiten aus dem Nassbereich Fr\u00fcher gab es fugenlose Oberfl\u00e4chen nur in der Industrie, denn dort hatte man [&hellip;]<\/p>\n","protected":false},"author":1,"featured_media":0,"parent":0,"menu_order":0,"comment_status":"closed","ping_status":"closed","template":"","meta":{"inline_featured_image":false,"footnotes":""},"class_list":["post-1143","page","type-page","status-publish","hentry"],"jetpack_sharing_enabled":true,"_links":{"self":[{"href":"https:\/\/murface.com\/de\/wp-json\/wp\/v2\/pages\/1143","targetHints":{"allow":["GET"]}}],"collection":[{"href":"https:\/\/murface.com\/de\/wp-json\/wp\/v2\/pages"}],"about":[{"href":"https:\/\/murface.com\/de\/wp-json\/wp\/v2\/types\/page"}],"author":[{"embeddable":true,"href":"https:\/\/murface.com\/de\/wp-json\/wp\/v2\/users\/1"}],"replies":[{"embeddable":true,"href":"https:\/\/murface.com\/de\/wp-json\/wp\/v2\/comments?post=1143"}],"version-history":[{"count":4,"href":"https:\/\/murface.com\/de\/wp-json\/wp\/v2\/pages\/1143\/revisions"}],"predecessor-version":[{"id":1152,"href":"https:\/\/murface.com\/de\/wp-json\/wp\/v2\/pages\/1143\/revisions\/1152"}],"wp:attachment":[{"href":"https:\/\/murface.com\/de\/wp-json\/wp\/v2\/media?parent=1143"}],"curies":[{"name":"wp","href":"https:\/\/api.w.org\/{rel}","templated":true}]}}