{"id":1153,"date":"2025-02-12T06:33:29","date_gmt":"2025-02-12T05:33:29","guid":{"rendered":"https:\/\/murface.com\/?page_id=1153"},"modified":"2025-02-12T06:35:49","modified_gmt":"2025-02-12T05:35:49","slug":"sichtbeton","status":"publish","type":"page","link":"https:\/\/murface.com\/de\/sichtbeton\/","title":{"rendered":"Sichtbeton"},"content":{"rendered":"\t\t<div data-elementor-type=\"wp-page\" data-elementor-id=\"1153\" class=\"elementor elementor-1153\" data-elementor-post-type=\"page\">\n\t\t\t\t<div class=\"elementor-element elementor-element-15a52bf e-grid e-con-boxed e-con e-parent\" data-id=\"15a52bf\" data-element_type=\"container\" data-e-type=\"container\">\n\t\t\t\t\t<div class=\"e-con-inner\">\n\t\t\t\t\t<\/div>\n\t\t\t\t<\/div>\n\t\t<div class=\"elementor-element elementor-element-13c70262 e-grid e-con-boxed e-con e-parent\" data-id=\"13c70262\" data-element_type=\"container\" data-e-type=\"container\" id=\"hero-intro\" data-settings=\"{&quot;background_background&quot;:&quot;classic&quot;,&quot;background_motion_fx_motion_fx_mouse&quot;:&quot;yes&quot;}\">\n\t\t\t\t\t<div class=\"e-con-inner\">\n\t\t\t\t<div class=\"elementor-element elementor-element-3bb1bcda elementor-widget__width-initial elementor-widget elementor-widget-text-editor\" data-id=\"3bb1bcda\" data-element_type=\"widget\" data-e-type=\"widget\" data-widget_type=\"text-editor.default\">\n\t\t\t\t<div class=\"elementor-widget-container\">\n\t\t\t\t\t\t\t\t\t<h1 data-v-9ead72d2=\"\">Sichtbeton auch im Badezimmer<\/h1><div class=\"text\" data-v-9ead72d2=\"\"><p>Sichtestrich und -beton sind zwei der aktuellsten Trends f\u00fcr Wohnr\u00e4ume und Badezimmer. Es l\u00e4sst sich neben W\u00e4nden, B\u00f6den und Decken auch f\u00fcr Dekorelemente einsetzen. Ein fugenloses Badezimmer oder ein fugenfreier Boden wirkt besonders modern und stylisch. Dabei ist das Auftragen besonders einfach. Mit der richtigen Technik und viel Sorgfalt entstehen einzigartige Ergebnisse, die zu jeder Einrichtung passen.<\/p><\/div>\t\t\t\t\t\t\t\t<\/div>\n\t\t\t\t<\/div>\n\t\t<div class=\"elementor-element elementor-element-7f636cb e-con-full elementor-hidden-tablet elementor-hidden-mobile e-flex e-con e-child\" data-id=\"7f636cb\" data-element_type=\"container\" data-e-type=\"container\">\n\t\t\t\t<\/div>\n\t\t\t\t\t<\/div>\n\t\t\t\t<\/div>\n\t\t<div class=\"elementor-element elementor-element-42a0d3a8 e-con-full murspace-box e-flex e-con e-parent\" data-id=\"42a0d3a8\" data-element_type=\"container\" data-e-type=\"container\" id=\"murspace-box-murspace\" data-settings=\"{&quot;background_background&quot;:&quot;classic&quot;}\">\n\t\t<div class=\"elementor-element elementor-element-25692a2f e-con-full e-flex e-con e-child\" data-id=\"25692a2f\" data-element_type=\"container\" data-e-type=\"container\" data-settings=\"{&quot;background_background&quot;:&quot;classic&quot;}\">\n\t\t\t\t<div class=\"elementor-element elementor-element-6b0b9097 murspace-box-image elementor-widget elementor-widget-image\" data-id=\"6b0b9097\" data-element_type=\"widget\" data-e-type=\"widget\" data-widget_type=\"image.default\">\n\t\t\t\t<div class=\"elementor-widget-container\">\n\t\t\t\t\t\t\t\t\t\t\t\t\t\t\t<img decoding=\"async\" src=\"https:\/\/murface.com\/wp-content\/uploads\/elementor\/thumbs\/sichtestrich-r1dtb40e0o1gkaoua9vcipq8pz8omxf56jrq186ygw.avif\" title=\"sichtestrich\" alt=\"sichtestrich\" loading=\"lazy\" \/>\t\t\t\t\t\t\t\t\t\t\t\t\t\t\t<\/div>\n\t\t\t\t<\/div>\n\t\t\t\t<\/div>\n\t\t<div class=\"elementor-element elementor-element-7e6a8478 e-con-full e-flex e-con e-child\" data-id=\"7e6a8478\" data-element_type=\"container\" data-e-type=\"container\" data-settings=\"{&quot;background_background&quot;:&quot;classic&quot;}\">\n\t\t\t\t<div class=\"elementor-element elementor-element-6d157a95 elementor-widget elementor-widget-text-editor\" data-id=\"6d157a95\" data-element_type=\"widget\" data-e-type=\"widget\" data-widget_type=\"text-editor.default\">\n\t\t\t\t<div class=\"elementor-widget-container\">\n\t\t\t\t\t\t\t\t\t<h2 class=\"title\" data-v-662045fd=\"\">Was ist Sichtbeton oder Sichtestrich?<\/h2><div class=\"text\" data-v-662045fd=\"\"><p>Es handelt sich um gespachtelten Beton, der in einer d\u00fcnnen Schicht auf bestehende Oberfl\u00e4chen wie W\u00e4nde oder B\u00f6den aufgetragen wird. Eine Sichtbetonwand muss also nicht zwingend eine echte Betonwand sein. Der Spachtel erweckt jedoch den Eindruck, dass es sich um eine tats\u00e4chlich betonierte Fl\u00e4che handelt. Mit dieser Technik k\u00f6nnen bei Renovierungen vorhandene Flie\u00dfen einfach \u00fcberspachtelt werden, ohne sie vorher zu entfernen. Spachteln von sichtbarem Beton spart dabei Zeit und Material im Vergleich zu einem Fliesenspiegel. Am besten kommt eine Sichtbetonwand zur Geltung, wenn sie als Designelement eingesetzt wird, wenn also nur ein gewisser Teil mit Betonspachtel versehen wird. Fugenlose W\u00e4nde wirken besonders modern und zeitgem\u00e4\u00df. Sie lassen sich nahezu mit allen Stilen, M\u00f6beln und Materialien kombinieren. Bei Sichtestrich wiederum handelt es sich in der Regel nicht um einen extra aufgetragenen Spachtelbeton, sondern um den direkt sichtbaren verlegten Estrich. Ein solcher fugenfreier Boden sollte f\u00fcr ein perfektes Endergebnis geschliffen, poliert und anschlie\u00dfend versiegelt werden. Dieser Badezimmer-Trend sollte auf jeden Fall einmal ausprobiert werden. Oftmals muss man Menschen aber Beispiele zeigen, wie das Endergebnis aussehen kann, da viele sich eine sichtbare Betonwand oder ein fugenloses Badezimmer nicht sehr gut vorstellen k\u00f6nnen.<\/p><\/div>\t\t\t\t\t\t\t\t<\/div>\n\t\t\t\t<\/div>\n\t\t\t\t<\/div>\n\t\t\t\t<\/div>\n\t\t<div class=\"elementor-element elementor-element-5414296f e-con-full murspace-box e-flex e-con e-parent\" data-id=\"5414296f\" data-element_type=\"container\" data-e-type=\"container\" data-settings=\"{&quot;background_background&quot;:&quot;classic&quot;}\">\n\t\t<div class=\"elementor-element elementor-element-4bea1b5a e-con-full e-flex e-con e-child\" data-id=\"4bea1b5a\" data-element_type=\"container\" data-e-type=\"container\" data-settings=\"{&quot;background_background&quot;:&quot;classic&quot;}\">\n\t\t\t\t<div class=\"elementor-element elementor-element-3ce8105a elementor-widget elementor-widget-text-editor\" data-id=\"3ce8105a\" data-element_type=\"widget\" data-e-type=\"widget\" data-widget_type=\"text-editor.default\">\n\t\t\t\t<div class=\"elementor-widget-container\">\n\t\t\t\t\t\t\t\t\t<h2 class=\"title\" data-v-662045fd=\"\">Wir wird Sichtbeton hergestellt?<\/h2><div class=\"text\" data-v-662045fd=\"\"><p>Sichtbeton ist nicht gleich Sichtbeton. Wir bieten verschiedene M\u00f6glichkeiten, ob als dekorativen Sichtbeton in Schalungsoptik oder als super glatte und technisch funktionierende Betonwand im Bad. Sichtbetonanstrich gibt es im Handel in der Regel als fertige Mischung, die nur mit einem gewissen Wasseranteil vermischt und anger\u00fchrt werden muss oder auch im Badbereich als 2 K Material. Beim anschlie\u00dfenden Auftragen auf fugenlose W\u00e4nde sollte man besonders auf Sorgfalt achten. F\u00fcr das gewisse Etwas gibt es auf Wunsch den \u201eAnstrich\u201c in verschiedenen Farben oder mit Effektzuschl\u00e4gen versetzt. Damit k\u00f6nnen verbl\u00fcffende Effekte erzielt werden. Nat\u00fcrlich hat man auch bei der Art des Auftragens einen gewissen gestalterischen Spielraum. Statt optisch glatten Fl\u00e4chen kann man die Spachtelmasse auch in Wellenmuster oder mit leichter Struktur auftragen. Egal mit welcher Technik, der dezente Einsatz von sichtbarem Beton verwandelt jedes Bad oder Raum in eine Wohlf\u00fchloase und verleiht ihm direkt und einfach einen modernen Touch. Beim Einsatz als Boden oder Duschr\u00fcckwand sollte darauf geachtet werden, dass die Fl\u00e4che nach dem Auftragen nochmals wasserfest versiegelt wird. Dies ist besonders bei W\u00e4nden wichtig, die oft und viel Wasser ausgesetzt sind. Beispielsweise bei W\u00e4nden in der Dusche. Mit der passenden wasserabweisenden Versiegelung h\u00e4lt die neue fugenlose Wand nahezu ein Leben lang. Ein solcher Anstrich kann nat\u00fcrlich nicht nur auf bestehende W\u00e4nde nachtr\u00e4glich aufgetragen werden, sondern auch direkt statt einer Wandverkleidung oder Putz. Das geht bei weitem schneller, als eine herk\u00f6mmliche Wand mit verfugtem Fliesenspiegel aufzubauen.<\/p><\/div>\t\t\t\t\t\t\t\t<\/div>\n\t\t\t\t<\/div>\n\t\t\t\t<\/div>\n\t\t<div class=\"elementor-element elementor-element-39b50789 e-con-full e-flex e-con e-child\" data-id=\"39b50789\" data-element_type=\"container\" data-e-type=\"container\" data-settings=\"{&quot;background_background&quot;:&quot;classic&quot;}\">\n\t\t\t\t<div class=\"elementor-element elementor-element-744667ac murspace-box-image elementor-widget elementor-widget-image\" data-id=\"744667ac\" data-element_type=\"widget\" data-e-type=\"widget\" data-widget_type=\"image.default\">\n\t\t\t\t<div class=\"elementor-widget-container\">\n\t\t\t\t\t\t\t\t\t\t\t\t\t\t\t<img decoding=\"async\" src=\"https:\/\/murface.com\/wp-content\/uploads\/elementor\/thumbs\/sichtbeton-herstellung-r1dtbte157079rnz62u9w1bordrler7wa1dtzp5bsw.avif\" title=\"sichtbeton-herstellung\" alt=\"sichtbeton-herstellung\" loading=\"lazy\" \/>\t\t\t\t\t\t\t\t\t\t\t\t\t\t\t<\/div>\n\t\t\t\t<\/div>\n\t\t\t\t<\/div>\n\t\t\t\t<\/div>\n\t\t\t\t<\/div>\n\t\t","protected":false},"excerpt":{"rendered":"<p>Sichtbeton auch im Badezimmer Sichtestrich und -beton sind zwei der aktuellsten Trends f\u00fcr Wohnr\u00e4ume und Badezimmer. Es l\u00e4sst sich neben W\u00e4nden, B\u00f6den und Decken auch f\u00fcr Dekorelemente einsetzen. Ein fugenloses Badezimmer oder ein fugenfreier Boden wirkt besonders modern und stylisch. Dabei ist das Auftragen besonders einfach. Mit der richtigen Technik und viel Sorgfalt entstehen einzigartige [&hellip;]<\/p>\n","protected":false},"author":1,"featured_media":0,"parent":0,"menu_order":0,"comment_status":"closed","ping_status":"closed","template":"","meta":{"inline_featured_image":false,"footnotes":""},"class_list":["post-1153","page","type-page","status-publish","hentry"],"jetpack_sharing_enabled":true,"_links":{"self":[{"href":"https:\/\/murface.com\/de\/wp-json\/wp\/v2\/pages\/1153","targetHints":{"allow":["GET"]}}],"collection":[{"href":"https:\/\/murface.com\/de\/wp-json\/wp\/v2\/pages"}],"about":[{"href":"https:\/\/murface.com\/de\/wp-json\/wp\/v2\/types\/page"}],"author":[{"embeddable":true,"href":"https:\/\/murface.com\/de\/wp-json\/wp\/v2\/users\/1"}],"replies":[{"embeddable":true,"href":"https:\/\/murface.com\/de\/wp-json\/wp\/v2\/comments?post=1153"}],"version-history":[{"count":4,"href":"https:\/\/murface.com\/de\/wp-json\/wp\/v2\/pages\/1153\/revisions"}],"predecessor-version":[{"id":1160,"href":"https:\/\/murface.com\/de\/wp-json\/wp\/v2\/pages\/1153\/revisions\/1160"}],"wp:attachment":[{"href":"https:\/\/murface.com\/de\/wp-json\/wp\/v2\/media?parent=1153"}],"curies":[{"name":"wp","href":"https:\/\/api.w.org\/{rel}","templated":true}]}}