{"id":1379,"date":"2025-02-12T10:04:19","date_gmt":"2025-02-12T09:04:19","guid":{"rendered":"https:\/\/murface.com\/?page_id=1379"},"modified":"2025-02-12T10:09:33","modified_gmt":"2025-02-12T09:09:33","slug":"spachtelboeden","status":"publish","type":"page","link":"https:\/\/murface.com\/de\/spachtelboeden\/","title":{"rendered":"Spachtelb\u00f6den"},"content":{"rendered":"\t\t<div data-elementor-type=\"wp-page\" data-elementor-id=\"1379\" class=\"elementor elementor-1379\" data-elementor-post-type=\"page\">\n\t\t\t\t<div class=\"elementor-element elementor-element-15a52bf e-grid e-con-boxed e-con e-parent\" data-id=\"15a52bf\" data-element_type=\"container\" data-e-type=\"container\">\n\t\t\t\t\t<div class=\"e-con-inner\">\n\t\t\t\t\t<\/div>\n\t\t\t\t<\/div>\n\t\t<div class=\"elementor-element elementor-element-13c70262 e-grid e-con-boxed e-con e-parent\" data-id=\"13c70262\" data-element_type=\"container\" data-e-type=\"container\" id=\"hero-intro\" data-settings=\"{&quot;background_background&quot;:&quot;classic&quot;,&quot;background_motion_fx_motion_fx_mouse&quot;:&quot;yes&quot;}\">\n\t\t\t\t\t<div class=\"e-con-inner\">\n\t\t\t\t<div class=\"elementor-element elementor-element-3bb1bcda elementor-widget__width-initial elementor-widget elementor-widget-text-editor\" data-id=\"3bb1bcda\" data-element_type=\"widget\" data-e-type=\"widget\" data-widget_type=\"text-editor.default\">\n\t\t\t\t<div class=\"elementor-widget-container\">\n\t\t\t\t\t\t\t\t\t<h1 data-v-9ead72d2=\"\">Spachtelb\u00f6den<\/h1><div class=\"text\" data-v-9ead72d2=\"\"><p>Spachtelb\u00f6den sind robuste, UV-best\u00e4ndige und haptisch angenehme Bodenbel\u00e4ge, die schon l\u00e4ngst nicht mehr nur in der Industrie zu finden sind, sondern immer h\u00e4ufiger in Privathaushalten. Dort sorgen sie f\u00fcr einen modernen, sauberen Eindruck &#8211; ein Grund, sich f\u00fcr einen solchen Boden zu entscheiden.<\/p><\/div>\t\t\t\t\t\t\t\t<\/div>\n\t\t\t\t<\/div>\n\t\t<div class=\"elementor-element elementor-element-7f636cb e-con-full elementor-hidden-tablet elementor-hidden-mobile e-flex e-con e-child\" data-id=\"7f636cb\" data-element_type=\"container\" data-e-type=\"container\">\n\t\t\t\t<\/div>\n\t\t\t\t\t<\/div>\n\t\t\t\t<\/div>\n\t\t<div class=\"elementor-element elementor-element-42a0d3a8 e-con-full murspace-box e-flex e-con e-parent\" data-id=\"42a0d3a8\" data-element_type=\"container\" data-e-type=\"container\" id=\"murspace-box-murspace\" data-settings=\"{&quot;background_background&quot;:&quot;classic&quot;}\">\n\t\t<div class=\"elementor-element elementor-element-25692a2f e-con-full e-flex e-con e-child\" data-id=\"25692a2f\" data-element_type=\"container\" data-e-type=\"container\" data-settings=\"{&quot;background_background&quot;:&quot;classic&quot;}\">\n\t\t\t\t<div class=\"elementor-element elementor-element-6b0b9097 murspace-box-image elementor-widget elementor-widget-image\" data-id=\"6b0b9097\" data-element_type=\"widget\" data-e-type=\"widget\" data-widget_type=\"image.default\">\n\t\t\t\t<div class=\"elementor-widget-container\">\n\t\t\t\t\t\t\t\t\t\t\t\t\t\t\t<img decoding=\"async\" src=\"https:\/\/murface.com\/wp-content\/uploads\/elementor\/thumbs\/trend-r1e2hcn35843kazxx0sojdoa3fj4yog6l30zwyjke8.avif\" title=\"trend\" alt=\"trend\" loading=\"lazy\" \/>\t\t\t\t\t\t\t\t\t\t\t\t\t\t\t<\/div>\n\t\t\t\t<\/div>\n\t\t\t\t<\/div>\n\t\t<div class=\"elementor-element elementor-element-7e6a8478 e-con-full e-flex e-con e-child\" data-id=\"7e6a8478\" data-element_type=\"container\" data-e-type=\"container\" data-settings=\"{&quot;background_background&quot;:&quot;classic&quot;}\">\n\t\t\t\t<div class=\"elementor-element elementor-element-6d157a95 elementor-widget elementor-widget-text-editor\" data-id=\"6d157a95\" data-element_type=\"widget\" data-e-type=\"widget\" data-widget_type=\"text-editor.default\">\n\t\t\t\t<div class=\"elementor-widget-container\">\n\t\t\t\t\t\t\t\t\t<h2 class=\"title\" data-v-662045fd=\"\">Der neue Trend im Wohnbereich<\/h2><div class=\"text\" data-v-662045fd=\"\"><p>Trends gibt es viele, aber nicht immer stellen sie sich als sinnvoll heraus. Bei den in Spachteltechnik hergestellten fugenfreien B\u00f6den ist das anders. Sichtbeton hat sich schon lange in der Industrie bew\u00e4hrt, also kann der Trend risikolos im Wohnbereich fortgesetzt werden. Hier wird die Palette der Realisierungsm\u00f6glichkeiten enorm erweitert. An die Stelle von grauem Sichtestrich treten farbenfrohe B\u00f6den mit unterschiedlichen Strukturen.<\/p><\/div>\t\t\t\t\t\t\t\t<\/div>\n\t\t\t\t<\/div>\n\t\t\t\t<\/div>\n\t\t\t\t<\/div>\n\t\t<div class=\"elementor-element elementor-element-5414296f e-con-full murspace-box e-flex e-con e-parent\" data-id=\"5414296f\" data-element_type=\"container\" data-e-type=\"container\" data-settings=\"{&quot;background_background&quot;:&quot;classic&quot;}\">\n\t\t<div class=\"elementor-element elementor-element-4bea1b5a e-con-full e-flex e-con e-child\" data-id=\"4bea1b5a\" data-element_type=\"container\" data-e-type=\"container\" data-settings=\"{&quot;background_background&quot;:&quot;classic&quot;}\">\n\t\t\t\t<div class=\"elementor-element elementor-element-3ce8105a elementor-widget elementor-widget-text-editor\" data-id=\"3ce8105a\" data-element_type=\"widget\" data-e-type=\"widget\" data-widget_type=\"text-editor.default\">\n\t\t\t\t<div class=\"elementor-widget-container\">\n\t\t\t\t\t\t\t\t\t<h2 class=\"title\" data-v-662045fd=\"\">Welche Spachtelb\u00f6den gibt es?<\/h2><div class=\"text\" data-v-662045fd=\"\"><p>H\u00f6rt man das Wort Spachteln, hat man wohl eine graue, wenig einladende Masse vor Augen, die auf einen Untergrund aufgetragen wird. Allerdings bekommt das Wort in Bezug auf Spachtelb\u00f6den eine ganz neue Dimension. Denn w\u00e4hrend fr\u00fcher ein fugenfreier Boden aus grauem Sichtbeton bestand und in Industriehallen und Werkst\u00e4tten eingesetzt wurde, sind die B\u00f6den heute auch f\u00fcr Wohnh\u00e4user ausgelegt und werden viel phantasievoller gestaltet.<\/p><p>\u00a0<\/p><p>Aus diesem Grund besteht ein fugenfreier Boden heute nicht mehr einfach aus grauem Sichtbeton, sondern wird in vielen Farben wie Vanille, Jadegr\u00fcn und Aubergine realisiert. Dazu kommt es auf die Spachteltechnik an, wie der Boden letztendlich aussieht, ob er glatt oder strukturiert ist. M\u00f6glich ist alles, und durch die pers\u00f6nliche Anschrift des Verarbeiters beim Verspachteln kommt in vielen F\u00e4llen ein Unikat heraus.<\/p><\/div>\t\t\t\t\t\t\t\t<\/div>\n\t\t\t\t<\/div>\n\t\t\t\t<\/div>\n\t\t<div class=\"elementor-element elementor-element-39b50789 e-con-full e-flex e-con e-child\" data-id=\"39b50789\" data-element_type=\"container\" data-e-type=\"container\" data-settings=\"{&quot;background_background&quot;:&quot;classic&quot;}\">\n\t\t\t\t<div class=\"elementor-element elementor-element-744667ac murspace-box-image elementor-widget elementor-widget-image\" data-id=\"744667ac\" data-element_type=\"widget\" data-e-type=\"widget\" data-widget_type=\"image.default\">\n\t\t\t\t<div class=\"elementor-widget-container\">\n\t\t\t\t\t\t\t\t\t\t\t\t\t\t\t<img decoding=\"async\" src=\"https:\/\/murface.com\/wp-content\/uploads\/elementor\/thumbs\/welche-spachtelboeden-r1e2i8llllbuj1piqelzw5lyaj5m8dz21h7i8d86io.avif\" title=\"welche-spachtelboeden\" alt=\"welche-spachtelboeden\" loading=\"lazy\" \/>\t\t\t\t\t\t\t\t\t\t\t\t\t\t\t<\/div>\n\t\t\t\t<\/div>\n\t\t\t\t<\/div>\n\t\t\t\t<\/div>\n\t\t<div class=\"elementor-element elementor-element-0144541 e-con-full murspace-box e-flex e-con e-parent\" data-id=\"0144541\" data-element_type=\"container\" data-e-type=\"container\" data-settings=\"{&quot;background_background&quot;:&quot;classic&quot;}\">\n\t\t<div class=\"elementor-element elementor-element-638b09b e-con-full e-flex e-con e-child\" data-id=\"638b09b\" data-element_type=\"container\" data-e-type=\"container\" data-settings=\"{&quot;background_background&quot;:&quot;classic&quot;}\">\n\t\t\t\t<div class=\"elementor-element elementor-element-ba938db murspace-box-image elementor-widget elementor-widget-image\" data-id=\"ba938db\" data-element_type=\"widget\" data-e-type=\"widget\" data-widget_type=\"image.default\">\n\t\t\t\t<div class=\"elementor-widget-container\">\n\t\t\t\t\t\t\t\t\t\t\t\t\t\t\t<img decoding=\"async\" src=\"https:\/\/murface.com\/wp-content\/uploads\/elementor\/thumbs\/erstellung-r1e2jymy4nortb7eo5fdgpydhynucetca09jwmo740.avif\" title=\"erstellung\" alt=\"erstellung\" loading=\"lazy\" \/>\t\t\t\t\t\t\t\t\t\t\t\t\t\t\t<\/div>\n\t\t\t\t<\/div>\n\t\t\t\t<\/div>\n\t\t<div class=\"elementor-element elementor-element-6d58b96 e-con-full e-flex e-con e-child\" data-id=\"6d58b96\" data-element_type=\"container\" data-e-type=\"container\" data-settings=\"{&quot;background_background&quot;:&quot;classic&quot;}\">\n\t\t\t\t<div class=\"elementor-element elementor-element-59cdf11 elementor-widget elementor-widget-text-editor\" data-id=\"59cdf11\" data-element_type=\"widget\" data-e-type=\"widget\" data-widget_type=\"text-editor.default\">\n\t\t\t\t<div class=\"elementor-widget-container\">\n\t\t\t\t\t\t\t\t\t<h2 class=\"title\" data-v-662045fd=\"\">Wie wird ein Spachtelboden hergestellt?<\/h2><div class=\"text\" data-v-662045fd=\"\"><p>Spachtelb\u00f6den k\u00f6nnen sowohl mit Flie\u00dfspachtel als auch mit fester Spachtelmasse hergestellt werden. Flie\u00dfspachtel hat den Vorteil, dass er selbstnivellierend ist, sich also gleichm\u00e4\u00dfig auf dem Untergrund verteilt und dabei Unebenheiten ausgleicht. Der Flie\u00dfspachtel kann in Dicken von 4-15 mm direkt auf den Estrich gegossen oder auf einen alten Fliesenbelag aufgetragen werden. In Nassr\u00e4umen muss der Untergrund zuvor abgedichtet werden. Feste Spachtelmasse erreicht eine Dicke von 2-4 mm und wird als glatte oder strukturierte Fl\u00e4che ausgef\u00fchrt. Nachdem die Spachtelmasse ausgeh\u00e4rtet ist, wird die in mehreren Schichten versiegelt. Dadurch erh\u00e4lt die Oberfl\u00e4che eine zus\u00e4tzliche Schicht, die sie wasserabweisend, robust und resistent gegen Kalkflecken, Kratzer und Verf\u00e4rbungen macht.<\/p><\/div>\t\t\t\t\t\t\t\t<\/div>\n\t\t\t\t<\/div>\n\t\t\t\t<\/div>\n\t\t\t\t<\/div>\n\t\t<div class=\"elementor-element elementor-element-a8721fb e-con-full murspace-box e-flex e-con e-parent\" data-id=\"a8721fb\" data-element_type=\"container\" data-e-type=\"container\" data-settings=\"{&quot;background_background&quot;:&quot;classic&quot;}\">\n\t\t<div class=\"elementor-element elementor-element-3406faf e-con-full e-flex e-con e-child\" data-id=\"3406faf\" data-element_type=\"container\" data-e-type=\"container\" data-settings=\"{&quot;background_background&quot;:&quot;classic&quot;}\">\n\t\t\t\t<div class=\"elementor-element elementor-element-526d8b9 elementor-widget elementor-widget-text-editor\" data-id=\"526d8b9\" data-element_type=\"widget\" data-e-type=\"widget\" data-widget_type=\"text-editor.default\">\n\t\t\t\t<div class=\"elementor-widget-container\">\n\t\t\t\t\t\t\t\t\t<div class=\"content view-in\" data-v-662045fd=\"\"><h2 class=\"title\" data-v-662045fd=\"\">Die Vorteile eines Spachtelbodens<\/h2><div class=\"text\" data-v-662045fd=\"\"><ul><li>Je nach Spachteltechnik und Farbgebung wird der Spachtelboden zu einem Unikat.<\/li><li>Ein fugenfreier Boden aus Flie\u00dfspachtel kann auch auf Fliesen aufgetragen werden. Alte Fliesen m\u00fcssen nicht entfernt werden.<\/li><li>Sichtbeton als Bodenbelag ist UV-best\u00e4ndig und robust. Er h\u00e4lt 25 Jahre und l\u00e4nger.<\/li><li>Ein fugenfreier Boden in Spachteltechnik ergibt eine harmonische Oberfl\u00e4che, die den Wohnraum optisch beruhigt.<\/li><li>Sichtbeton ist nicht auf einen Anwendungsbereich beschr\u00e4nkt. Es ist m\u00f6glich, einzelne R\u00e4ume oder ganze Geschoss mit einem durchgehenden fugenfreien Boden zu versehen.<\/li><\/ul><\/div><\/div>\t\t\t\t\t\t\t\t<\/div>\n\t\t\t\t<\/div>\n\t\t\t\t<\/div>\n\t\t<div class=\"elementor-element elementor-element-fce24f3 e-con-full e-flex e-con e-child\" data-id=\"fce24f3\" data-element_type=\"container\" data-e-type=\"container\" data-settings=\"{&quot;background_background&quot;:&quot;classic&quot;}\">\n\t\t\t\t<div class=\"elementor-element elementor-element-47bb43d murspace-box-image elementor-widget elementor-widget-image\" data-id=\"47bb43d\" data-element_type=\"widget\" data-e-type=\"widget\" data-widget_type=\"image.default\">\n\t\t\t\t<div class=\"elementor-widget-container\">\n\t\t\t\t\t\t\t\t\t\t\t\t\t\t\t<img decoding=\"async\" src=\"https:\/\/murface.com\/wp-content\/uploads\/elementor\/thumbs\/vorteile-spachtel-r1e2myqdylsqwgue4y5gxgodt9v1xlqh0vae3g7x8g.avif\" title=\"vorteile-spachtel\" alt=\"vorteile-spachtel\" loading=\"lazy\" \/>\t\t\t\t\t\t\t\t\t\t\t\t\t\t\t<\/div>\n\t\t\t\t<\/div>\n\t\t\t\t<\/div>\n\t\t\t\t<\/div>\n\t\t\t\t<\/div>\n\t\t","protected":false},"excerpt":{"rendered":"<p>Spachtelb\u00f6den Spachtelb\u00f6den sind robuste, UV-best\u00e4ndige und haptisch angenehme Bodenbel\u00e4ge, die schon l\u00e4ngst nicht mehr nur in der Industrie zu finden sind, sondern immer h\u00e4ufiger in Privathaushalten. Dort sorgen sie f\u00fcr einen modernen, sauberen Eindruck &#8211; ein Grund, sich f\u00fcr einen solchen Boden zu entscheiden. Der neue Trend im Wohnbereich Trends gibt es viele, aber nicht [&hellip;]<\/p>\n","protected":false},"author":1,"featured_media":0,"parent":0,"menu_order":0,"comment_status":"closed","ping_status":"closed","template":"","meta":{"inline_featured_image":false,"footnotes":""},"class_list":["post-1379","page","type-page","status-publish","hentry"],"jetpack_sharing_enabled":true,"_links":{"self":[{"href":"https:\/\/murface.com\/de\/wp-json\/wp\/v2\/pages\/1379","targetHints":{"allow":["GET"]}}],"collection":[{"href":"https:\/\/murface.com\/de\/wp-json\/wp\/v2\/pages"}],"about":[{"href":"https:\/\/murface.com\/de\/wp-json\/wp\/v2\/types\/page"}],"author":[{"embeddable":true,"href":"https:\/\/murface.com\/de\/wp-json\/wp\/v2\/users\/1"}],"replies":[{"embeddable":true,"href":"https:\/\/murface.com\/de\/wp-json\/wp\/v2\/comments?post=1379"}],"version-history":[{"count":7,"href":"https:\/\/murface.com\/de\/wp-json\/wp\/v2\/pages\/1379\/revisions"}],"predecessor-version":[{"id":1394,"href":"https:\/\/murface.com\/de\/wp-json\/wp\/v2\/pages\/1379\/revisions\/1394"}],"wp:attachment":[{"href":"https:\/\/murface.com\/de\/wp-json\/wp\/v2\/media?parent=1379"}],"curies":[{"name":"wp","href":"https:\/\/api.w.org\/{rel}","templated":true}]}}