{"id":1395,"date":"2025-02-12T10:14:27","date_gmt":"2025-02-12T09:14:27","guid":{"rendered":"https:\/\/murface.com\/?page_id=1395"},"modified":"2025-02-12T10:20:10","modified_gmt":"2025-02-12T09:20:10","slug":"betonbodenoptik","status":"publish","type":"page","link":"https:\/\/murface.com\/de\/betonbodenoptik\/","title":{"rendered":"Betonbodenoptik"},"content":{"rendered":"\t\t<div data-elementor-type=\"wp-page\" data-elementor-id=\"1395\" class=\"elementor elementor-1395\" data-elementor-post-type=\"page\">\n\t\t\t\t<div class=\"elementor-element elementor-element-15a52bf e-grid e-con-boxed e-con e-parent\" data-id=\"15a52bf\" data-element_type=\"container\" data-e-type=\"container\">\n\t\t\t\t\t<div class=\"e-con-inner\">\n\t\t\t\t\t<\/div>\n\t\t\t\t<\/div>\n\t\t<div class=\"elementor-element elementor-element-13c70262 e-grid e-con-boxed e-con e-parent\" data-id=\"13c70262\" data-element_type=\"container\" data-e-type=\"container\" id=\"hero-intro\" data-settings=\"{&quot;background_background&quot;:&quot;classic&quot;,&quot;background_motion_fx_motion_fx_mouse&quot;:&quot;yes&quot;}\">\n\t\t\t\t\t<div class=\"e-con-inner\">\n\t\t\t\t<div class=\"elementor-element elementor-element-3bb1bcda elementor-widget__width-initial elementor-widget elementor-widget-text-editor\" data-id=\"3bb1bcda\" data-element_type=\"widget\" data-e-type=\"widget\" data-widget_type=\"text-editor.default\">\n\t\t\t\t<div class=\"elementor-widget-container\">\n\t\t\t\t\t\t\t\t\t<h1 data-v-9ead72d2=\"\">Betonoptikboden<\/h1><div class=\"text\" data-v-9ead72d2=\"\"><p>Wer einen wirklich robusten und leicht zu pflegenden Bodenbelag sucht, sollte sich \u00fcberlegen, ob nicht ein Betonoptikboden infrage kommt. Der Bodenbelag erfreut sich auch in privaten Wohnh\u00e4usern immer gr\u00f6\u00dferer Beliebtheit.<\/p><\/div>\t\t\t\t\t\t\t\t<\/div>\n\t\t\t\t<\/div>\n\t\t<div class=\"elementor-element elementor-element-7f636cb e-con-full elementor-hidden-tablet elementor-hidden-mobile e-flex e-con e-child\" data-id=\"7f636cb\" data-element_type=\"container\" data-e-type=\"container\">\n\t\t\t\t<\/div>\n\t\t\t\t\t<\/div>\n\t\t\t\t<\/div>\n\t\t<div class=\"elementor-element elementor-element-6372f484 e-con-full murspace-box e-flex e-con e-parent\" data-id=\"6372f484\" data-element_type=\"container\" data-e-type=\"container\" id=\"murspace-box-murspace\" data-settings=\"{&quot;background_background&quot;:&quot;classic&quot;}\">\n\t\t<div class=\"elementor-element elementor-element-7648ba93 e-con-full e-flex e-con e-child\" data-id=\"7648ba93\" data-element_type=\"container\" data-e-type=\"container\" data-settings=\"{&quot;background_background&quot;:&quot;classic&quot;}\">\n\t\t\t\t<div class=\"elementor-element elementor-element-4ab67101 murspace-box-image elementor-widget elementor-widget-image\" data-id=\"4ab67101\" data-element_type=\"widget\" data-e-type=\"widget\" data-widget_type=\"image.default\">\n\t\t\t\t<div class=\"elementor-widget-container\">\n\t\t\t\t\t\t\t\t\t\t\t\t\t\t\t<img decoding=\"async\" src=\"https:\/\/murface.com\/wp-content\/uploads\/elementor\/thumbs\/trend-1-r1e2wt3jj59uhgjnnpbtjh95rjcfjhta1l8g0rmi2o.avif\" title=\"trend\" alt=\"trend\" loading=\"lazy\" \/>\t\t\t\t\t\t\t\t\t\t\t\t\t\t\t<\/div>\n\t\t\t\t<\/div>\n\t\t\t\t<\/div>\n\t\t<div class=\"elementor-element elementor-element-1a62aa0d e-con-full e-flex e-con e-child\" data-id=\"1a62aa0d\" data-element_type=\"container\" data-e-type=\"container\" data-settings=\"{&quot;background_background&quot;:&quot;classic&quot;}\">\n\t\t\t\t<div class=\"elementor-element elementor-element-3cf575fd elementor-widget elementor-widget-text-editor\" data-id=\"3cf575fd\" data-element_type=\"widget\" data-e-type=\"widget\" data-widget_type=\"text-editor.default\">\n\t\t\t\t<div class=\"elementor-widget-container\">\n\t\t\t\t\t\t\t\t\t<h2 class=\"title\" data-v-662045fd=\"\">Der neue Trend im Wohnbereich<\/h2><div class=\"text\" data-v-662045fd=\"\"><p>Fugenlose Oberfl\u00e4chen sind der neuer Trend im Wohnbereich. Und sp\u00e4testens mit den Lofts ist der Wunsch nach industriellem Flair in der Wohnung aufgekommen, der Betonoptikboden hat Eingang in den privaten Bereich gefunden. Inzwischen findet sich Beton als Stilelement auch in vielen modernen Wohnh\u00e4usern<\/p><\/div>\t\t\t\t\t\t\t\t<\/div>\n\t\t\t\t<\/div>\n\t\t\t\t<\/div>\n\t\t\t\t<\/div>\n\t\t<div class=\"elementor-element elementor-element-65157778 e-con-full murspace-box e-flex e-con e-parent\" data-id=\"65157778\" data-element_type=\"container\" data-e-type=\"container\" data-settings=\"{&quot;background_background&quot;:&quot;classic&quot;}\">\n\t\t<div class=\"elementor-element elementor-element-607b38db e-con-full e-flex e-con e-child\" data-id=\"607b38db\" data-element_type=\"container\" data-e-type=\"container\" data-settings=\"{&quot;background_background&quot;:&quot;classic&quot;}\">\n\t\t\t\t<div class=\"elementor-element elementor-element-6c4e4c4f elementor-widget elementor-widget-text-editor\" data-id=\"6c4e4c4f\" data-element_type=\"widget\" data-e-type=\"widget\" data-widget_type=\"text-editor.default\">\n\t\t\t\t<div class=\"elementor-widget-container\">\n\t\t\t\t\t\t\t\t\t<h2 class=\"title\" data-v-662045fd=\"\">Was ist ein Betonoptikboden?<\/h2><div class=\"text\" data-v-662045fd=\"\"><p>Von Betonoptikb\u00f6den spricht man, wenn der Bodenbelag aus unverkleidetem Beton, bzw. aus Spachtelmasse besteht. Solche B\u00f6den wurden fr\u00fcher in der Industrie eingesetzt, denn dort sollte der Bodenbelag resistent gegen Chemikalien, kratz- und druckfest und leicht zu reinigen sein. Solch ein fugenfreier Boden hat aber auch im Wohnbereich seinen Charme, und inzwischen ist er nicht mehr auf die graue Farbe von einst beschr\u00e4nkt. Ein fugenfreier Boden in Betonoptik kann in unterschiedlichen Farben und Oberfl\u00e4chenstrukturen realisiert werden, au\u00dferdem sind Effekte m\u00f6glich, beispielsweise Metallglanz, der durch den Zusatz von Metallstaub zur Spachtelmasse entsteht.<\/p><p>\u00a0<\/p><p>Ein Boden in Betonoptik wird auch als fugenfreier Sichtestrich bezeichnet. Wichtig zu wissen ist, dass es sich bei dem Boden nicht um den Beton handelt, mit dem der Rohbau des Hauses erstellt wurde. Das w\u00e4re aus bauphysikalischer Sicht nicht sinnvoll. Ein solcher fugenfreier Boden ist viel mehr ein gesonderter Bodenbelag, der beispielsweise anstelle von Fliesen oder Parkett auf den Estrich aufgebracht wird. So erf\u00fcllt er alle Anforderungen an einen Bodenbelag, beispielsweise in puncto Schallentkopplung, au\u00dferdem kann er mit einer Fu\u00dfbodenheizung versehen und bei Bedarf ausgetauscht werden.<\/p><\/div>\t\t\t\t\t\t\t\t<\/div>\n\t\t\t\t<\/div>\n\t\t\t\t<\/div>\n\t\t<div class=\"elementor-element elementor-element-5910d026 e-con-full e-flex e-con e-child\" data-id=\"5910d026\" data-element_type=\"container\" data-e-type=\"container\" data-settings=\"{&quot;background_background&quot;:&quot;classic&quot;}\">\n\t\t\t\t<div class=\"elementor-element elementor-element-10331762 murspace-box-image elementor-widget elementor-widget-image\" data-id=\"10331762\" data-element_type=\"widget\" data-e-type=\"widget\" data-widget_type=\"image.default\">\n\t\t\t\t<div class=\"elementor-widget-container\">\n\t\t\t\t\t\t\t\t\t\t\t\t\t\t\t<img decoding=\"async\" src=\"https:\/\/murface.com\/wp-content\/uploads\/elementor\/thumbs\/betonoptik-1-r1e2yh97ojk74i49wfbxz22ns73x84g3luziqh5b0g.avif\" title=\"betonoptik\" alt=\"betonoptik\" loading=\"lazy\" \/>\t\t\t\t\t\t\t\t\t\t\t\t\t\t\t<\/div>\n\t\t\t\t<\/div>\n\t\t\t\t<\/div>\n\t\t\t\t<\/div>\n\t\t<div class=\"elementor-element elementor-element-522df0cd e-con-full murspace-box e-flex e-con e-parent\" data-id=\"522df0cd\" data-element_type=\"container\" data-e-type=\"container\" id=\"murspace-box-murspace\" data-settings=\"{&quot;background_background&quot;:&quot;classic&quot;}\">\n\t\t<div class=\"elementor-element elementor-element-63989bf5 e-con-full e-flex e-con e-child\" data-id=\"63989bf5\" data-element_type=\"container\" data-e-type=\"container\" data-settings=\"{&quot;background_background&quot;:&quot;classic&quot;}\">\n\t\t\t\t<div class=\"elementor-element elementor-element-45dc2bde murspace-box-image elementor-widget elementor-widget-image\" data-id=\"45dc2bde\" data-element_type=\"widget\" data-e-type=\"widget\" data-widget_type=\"image.default\">\n\t\t\t\t<div class=\"elementor-widget-container\">\n\t\t\t\t\t\t\t\t\t\t\t\t\t\t\t<img decoding=\"async\" src=\"https:\/\/murface.com\/wp-content\/uploads\/elementor\/thumbs\/herstellung-beton-r1e30usiygtah0o10yazryhlu9ebokvo9mcpenmha8.avif\" title=\"herstellung-beton\" alt=\"herstellung-beton\" loading=\"lazy\" \/>\t\t\t\t\t\t\t\t\t\t\t\t\t\t\t<\/div>\n\t\t\t\t<\/div>\n\t\t\t\t<\/div>\n\t\t<div class=\"elementor-element elementor-element-7a3d676d e-con-full e-flex e-con e-child\" data-id=\"7a3d676d\" data-element_type=\"container\" data-e-type=\"container\" data-settings=\"{&quot;background_background&quot;:&quot;classic&quot;}\">\n\t\t\t\t<div class=\"elementor-element elementor-element-122adad7 elementor-widget elementor-widget-text-editor\" data-id=\"122adad7\" data-element_type=\"widget\" data-e-type=\"widget\" data-widget_type=\"text-editor.default\">\n\t\t\t\t<div class=\"elementor-widget-container\">\n\t\t\t\t\t\t\t\t\t<h2 class=\"title\" data-v-662045fd=\"\">Wie werden Betonoptikb\u00f6den hergestellt?<\/h2><div class=\"text\" data-v-662045fd=\"\"><p>Betonoptikb\u00f6den lassen sich auf zwei Arten realisieren: mit fl\u00fcssiger Spachtelmasse (Flie\u00dfspachtel) und mit fester Spachtelmasse. Der Flie\u00dfspachtel wird 4-15 mm dick auf den Estrich oder auf vorhandene Fliesen gegossen, w\u00e4hrend der feste Spachtel in einer Schicht von 2-4 mm aufgetragen wird und sich damit d\u00fcnner verarbeiten l\u00e4sst. Unterschiedliche Spachteltechniken und die pers\u00f6nliche Handschrift des Verarbeiters verleihen der Oberfl\u00e4che ihre individuelle Charakteristik, sodass so mancher Boden in Betonoptik sogar zum Unikat wird. Ist die Spachtelmasse ausgeh\u00e4rtet, wird sie in mehreren Schichten versiegelt. So bekommt sie ihre Resistenz gegen Kratzer und Verf\u00e4rbungen.<\/p><\/div>\t\t\t\t\t\t\t\t<\/div>\n\t\t\t\t<\/div>\n\t\t\t\t<\/div>\n\t\t\t\t<\/div>\n\t\t<div class=\"elementor-element elementor-element-1e8a6053 e-con-full murspace-box e-flex e-con e-parent\" data-id=\"1e8a6053\" data-element_type=\"container\" data-e-type=\"container\" data-settings=\"{&quot;background_background&quot;:&quot;classic&quot;}\">\n\t\t<div class=\"elementor-element elementor-element-21510758 e-con-full e-flex e-con e-child\" data-id=\"21510758\" data-element_type=\"container\" data-e-type=\"container\" data-settings=\"{&quot;background_background&quot;:&quot;classic&quot;}\">\n\t\t\t\t<div class=\"elementor-element elementor-element-2455dffe elementor-widget elementor-widget-text-editor\" data-id=\"2455dffe\" data-element_type=\"widget\" data-e-type=\"widget\" data-widget_type=\"text-editor.default\">\n\t\t\t\t<div class=\"elementor-widget-container\">\n\t\t\t\t\t\t\t\t\t<h2 class=\"title\" data-v-662045fd=\"\">Die Vorteile eines Betonoptikbodens<\/h2><div class=\"text\" data-v-662045fd=\"\"><ul><li>Fugenlose Oberfl\u00e4chen in Betonoptik lassen den Raum gr\u00f6\u00dfer erscheinen als ein Fliesen- oder Holzboden.<\/li><li>Eine komplett mit Betonoptikboden ausgestattete Wohnung wirkt weiter, weil die R\u00e4ume durch den Bodenbelag verbunden sind.<\/li><li>Fugenfreier Sichtestrich ist sehr langlebig. 25 Jahre Haltbarkeit sind auf jeden Fall gegeben.<\/li><li>Fugenlose Oberfl\u00e4chen in Betonoptik lassen sich auch \u00fcber Fu\u00dfbodenheizungen realisieren. Kalt muss dieser Boden also \u00fcberhaupt nicht sein.<\/li><li>Als Flie\u00dfspachtel kann fugenfreier Sichtestrich auf Fliesen gegossen werden. Damit ersparen Sie sich bei der Renovierung des Bades Kosten.<\/li><li>B\u00f6den in Betonoptik sind dadurch, dass Sie keine Fugen aufweisen, pflegeleicht.<\/li><\/ul><\/div>\t\t\t\t\t\t\t\t<\/div>\n\t\t\t\t<\/div>\n\t\t\t\t<\/div>\n\t\t<div class=\"elementor-element elementor-element-4d8f672d e-con-full e-flex e-con e-child\" data-id=\"4d8f672d\" data-element_type=\"container\" data-e-type=\"container\" data-settings=\"{&quot;background_background&quot;:&quot;classic&quot;}\">\n\t\t\t\t<div class=\"elementor-element elementor-element-eb0ad6b murspace-box-image elementor-widget elementor-widget-image\" data-id=\"eb0ad6b\" data-element_type=\"widget\" data-e-type=\"widget\" data-widget_type=\"image.default\">\n\t\t\t\t<div class=\"elementor-widget-container\">\n\t\t\t\t\t\t\t\t\t\t\t\t\t\t\t<img decoding=\"async\" src=\"https:\/\/murface.com\/wp-content\/uploads\/elementor\/thumbs\/vorteile-beton-r1e331qywjtdk9hc7wfnlekbqml5n5l4kh5hpwderk.avif\" title=\"vorteile-beton\" alt=\"vorteile-beton\" loading=\"lazy\" \/>\t\t\t\t\t\t\t\t\t\t\t\t\t\t\t<\/div>\n\t\t\t\t<\/div>\n\t\t\t\t<\/div>\n\t\t\t\t<\/div>\n\t\t\t\t<\/div>\n\t\t","protected":false},"excerpt":{"rendered":"<p>Betonoptikboden Wer einen wirklich robusten und leicht zu pflegenden Bodenbelag sucht, sollte sich \u00fcberlegen, ob nicht ein Betonoptikboden infrage kommt. Der Bodenbelag erfreut sich auch in privaten Wohnh\u00e4usern immer gr\u00f6\u00dferer Beliebtheit. Der neue Trend im Wohnbereich Fugenlose Oberfl\u00e4chen sind der neuer Trend im Wohnbereich. Und sp\u00e4testens mit den Lofts ist der Wunsch nach industriellem Flair [&hellip;]<\/p>\n","protected":false},"author":1,"featured_media":0,"parent":0,"menu_order":0,"comment_status":"closed","ping_status":"closed","template":"","meta":{"inline_featured_image":false,"footnotes":""},"class_list":["post-1395","page","type-page","status-publish","hentry"],"jetpack_sharing_enabled":true,"_links":{"self":[{"href":"https:\/\/murface.com\/de\/wp-json\/wp\/v2\/pages\/1395","targetHints":{"allow":["GET"]}}],"collection":[{"href":"https:\/\/murface.com\/de\/wp-json\/wp\/v2\/pages"}],"about":[{"href":"https:\/\/murface.com\/de\/wp-json\/wp\/v2\/types\/page"}],"author":[{"embeddable":true,"href":"https:\/\/murface.com\/de\/wp-json\/wp\/v2\/users\/1"}],"replies":[{"embeddable":true,"href":"https:\/\/murface.com\/de\/wp-json\/wp\/v2\/comments?post=1395"}],"version-history":[{"count":10,"href":"https:\/\/murface.com\/de\/wp-json\/wp\/v2\/pages\/1395\/revisions"}],"predecessor-version":[{"id":1411,"href":"https:\/\/murface.com\/de\/wp-json\/wp\/v2\/pages\/1395\/revisions\/1411"}],"wp:attachment":[{"href":"https:\/\/murface.com\/de\/wp-json\/wp\/v2\/media?parent=1395"}],"curies":[{"name":"wp","href":"https:\/\/api.w.org\/{rel}","templated":true}]}}