{"id":1412,"date":"2025-02-12T10:21:23","date_gmt":"2025-02-12T09:21:23","guid":{"rendered":"https:\/\/murface.com\/?page_id=1412"},"modified":"2025-02-12T10:25:20","modified_gmt":"2025-02-12T09:25:20","slug":"metalloberflaechen-boden","status":"publish","type":"page","link":"https:\/\/murface.com\/de\/metalloberflaechen-boden\/","title":{"rendered":"Metalloberfl\u00e4chen"},"content":{"rendered":"\t\t<div data-elementor-type=\"wp-page\" data-elementor-id=\"1412\" class=\"elementor elementor-1412\" data-elementor-post-type=\"page\">\n\t\t\t\t<div class=\"elementor-element elementor-element-15a52bf e-grid e-con-boxed e-con e-parent\" data-id=\"15a52bf\" data-element_type=\"container\" data-e-type=\"container\">\n\t\t\t\t\t<div class=\"e-con-inner\">\n\t\t\t\t\t<\/div>\n\t\t\t\t<\/div>\n\t\t<div class=\"elementor-element elementor-element-13c70262 e-grid e-con-boxed e-con e-parent\" data-id=\"13c70262\" data-element_type=\"container\" data-e-type=\"container\" id=\"hero-intro\" data-settings=\"{&quot;background_background&quot;:&quot;classic&quot;,&quot;background_motion_fx_motion_fx_mouse&quot;:&quot;yes&quot;}\">\n\t\t\t\t\t<div class=\"e-con-inner\">\n\t\t\t\t<div class=\"elementor-element elementor-element-3bb1bcda elementor-widget__width-initial elementor-widget elementor-widget-text-editor\" data-id=\"3bb1bcda\" data-element_type=\"widget\" data-e-type=\"widget\" data-widget_type=\"text-editor.default\">\n\t\t\t\t<div class=\"elementor-widget-container\">\n\t\t\t\t\t\t\t\t\t<h1 data-v-9ead72d2=\"\">Metalloberfl\u00e4chen<\/h1><div class=\"text\" data-v-9ead72d2=\"\"><p>Metalloberfl\u00e4chen fugenloser Boden Metalloberfl\u00e4chen f\u00fcr den fugenlosen Boden Wer sich f\u00fcr die Wohnr\u00e4ume ein ganz besonderes Oberfl\u00e4chendesign w\u00fcnscht, sollte \u00fcberlegen, ob nicht ein fugenloser Boden mit Metalloberfl\u00e4che infrage kommt. Dieser Bodenbelag wirkt absolut exklusiv und edel und stellt in jedem Raum einen Blickfang dar.<\/p><\/div>\t\t\t\t\t\t\t\t<\/div>\n\t\t\t\t<\/div>\n\t\t<div class=\"elementor-element elementor-element-7f636cb e-con-full elementor-hidden-tablet elementor-hidden-mobile e-flex e-con e-child\" data-id=\"7f636cb\" data-element_type=\"container\" data-e-type=\"container\">\n\t\t\t\t<\/div>\n\t\t\t\t\t<\/div>\n\t\t\t\t<\/div>\n\t\t<div class=\"elementor-element elementor-element-6372f484 e-con-full murspace-box e-flex e-con e-parent\" data-id=\"6372f484\" data-element_type=\"container\" data-e-type=\"container\" id=\"murspace-box-murspace\" data-settings=\"{&quot;background_background&quot;:&quot;classic&quot;}\">\n\t\t<div class=\"elementor-element elementor-element-7648ba93 e-con-full e-flex e-con e-child\" data-id=\"7648ba93\" data-element_type=\"container\" data-e-type=\"container\" data-settings=\"{&quot;background_background&quot;:&quot;classic&quot;}\">\n\t\t\t\t<div class=\"elementor-element elementor-element-4ab67101 murspace-box-image elementor-widget elementor-widget-image\" data-id=\"4ab67101\" data-element_type=\"widget\" data-e-type=\"widget\" data-widget_type=\"image.default\">\n\t\t\t\t<div class=\"elementor-widget-container\">\n\t\t\t\t\t\t\t\t\t\t\t\t\t\t\t<img decoding=\"async\" src=\"https:\/\/murface.com\/wp-content\/uploads\/elementor\/thumbs\/rewn-r1e388suokxfqnxmvnaevld1yaz76x7pm6z47yo2dc.avif\" title=\"rewn\" alt=\"rewn\" loading=\"lazy\" \/>\t\t\t\t\t\t\t\t\t\t\t\t\t\t\t<\/div>\n\t\t\t\t<\/div>\n\t\t\t\t<\/div>\n\t\t<div class=\"elementor-element elementor-element-1a62aa0d e-con-full e-flex e-con e-child\" data-id=\"1a62aa0d\" data-element_type=\"container\" data-e-type=\"container\" data-settings=\"{&quot;background_background&quot;:&quot;classic&quot;}\">\n\t\t\t\t<div class=\"elementor-element elementor-element-3cf575fd elementor-widget elementor-widget-text-editor\" data-id=\"3cf575fd\" data-element_type=\"widget\" data-e-type=\"widget\" data-widget_type=\"text-editor.default\">\n\t\t\t\t<div class=\"elementor-widget-container\">\n\t\t\t\t\t\t\t\t\t<h2 class=\"title\" data-v-662045fd=\"\">Trend im Wohnbereich<\/h2><div class=\"text\" data-v-662045fd=\"\"><p>Fugenlose Oberfl\u00e4chen sind der neue Trend im Wohnbereich. Nun ist es aber so, dass fugenfreie Oberfl\u00e4chen nicht alle gleich sind. Es gibt sie in unterschiedlichen Farben und Strukturen. Eine Neuheit sind Metalloberfl\u00e4chen. Mit diesem Oberfl\u00e4chendesign ist der fugenlose Boden, der fr\u00fcher nur in Industriehallen und Werkst\u00e4tten zu finden war, endg\u00fcltig im privaten Wohnbereich angekommen.<\/p><\/div>\t\t\t\t\t\t\t\t<\/div>\n\t\t\t\t<\/div>\n\t\t\t\t<\/div>\n\t\t\t\t<\/div>\n\t\t<div class=\"elementor-element elementor-element-65157778 e-con-full murspace-box e-flex e-con e-parent\" data-id=\"65157778\" data-element_type=\"container\" data-e-type=\"container\" data-settings=\"{&quot;background_background&quot;:&quot;classic&quot;}\">\n\t\t<div class=\"elementor-element elementor-element-607b38db e-con-full e-flex e-con e-child\" data-id=\"607b38db\" data-element_type=\"container\" data-e-type=\"container\" data-settings=\"{&quot;background_background&quot;:&quot;classic&quot;}\">\n\t\t\t\t<div class=\"elementor-element elementor-element-6c4e4c4f elementor-widget elementor-widget-text-editor\" data-id=\"6c4e4c4f\" data-element_type=\"widget\" data-e-type=\"widget\" data-widget_type=\"text-editor.default\">\n\t\t\t\t<div class=\"elementor-widget-container\">\n\t\t\t\t\t\t\t\t\t<h2 class=\"title\" data-v-662045fd=\"\">Was sind Metalloberfl\u00e4chen beim fugenlosen Boden?<\/h2><div class=\"text\" data-v-662045fd=\"\"><p>Von einer Metalloberfl\u00e4che spricht man bei fugenlosen B\u00f6den, wenn auf die fertige Spachtelmasse eine d\u00fcnne Haut aus einer Metalllegierung aufgetragen wird. Diese Metallhaut l\u00e4sst sich auf unterschiedliche fugenfreie Oberfl\u00e4chen aufbringen. M\u00f6glich sind mehrere Legierungen: Aluminium, Bronze, Eisen, Kupfer oder Messing. Das Besondere an diesem Oberfl\u00e4chendesign ist, dass die Oberfl\u00e4che sich sp\u00e4ter wie Metall anf\u00fchlt und dadurch sehr edel wirkt. Wie bei echtem Metall sind unterschiedliche Effekte m\u00f6glich: matt oder gl\u00e4nzend, rostig oder patiniert.<\/p><\/div>\t\t\t\t\t\t\t\t<\/div>\n\t\t\t\t<\/div>\n\t\t\t\t<\/div>\n\t\t<div class=\"elementor-element elementor-element-5910d026 e-con-full e-flex e-con e-child\" data-id=\"5910d026\" data-element_type=\"container\" data-e-type=\"container\" data-settings=\"{&quot;background_background&quot;:&quot;classic&quot;}\">\n\t\t\t\t<div class=\"elementor-element elementor-element-10331762 murspace-box-image elementor-widget elementor-widget-image\" data-id=\"10331762\" data-element_type=\"widget\" data-e-type=\"widget\" data-widget_type=\"image.default\">\n\t\t\t\t<div class=\"elementor-widget-container\">\n\t\t\t\t\t\t\t\t\t\t\t\t\t\t\t<img decoding=\"async\" src=\"https:\/\/murface.com\/wp-content\/uploads\/elementor\/thumbs\/was-sind-r1e392vora2m26py00ah3drsymuy18j4ebunktfgu8.avif\" title=\"was-sind\" alt=\"was-sind\" loading=\"lazy\" \/>\t\t\t\t\t\t\t\t\t\t\t\t\t\t\t<\/div>\n\t\t\t\t<\/div>\n\t\t\t\t<\/div>\n\t\t\t\t<\/div>\n\t\t<div class=\"elementor-element elementor-element-522df0cd e-con-full murspace-box e-flex e-con e-parent\" data-id=\"522df0cd\" data-element_type=\"container\" data-e-type=\"container\" id=\"murspace-box-murspace\" data-settings=\"{&quot;background_background&quot;:&quot;classic&quot;}\">\n\t\t<div class=\"elementor-element elementor-element-63989bf5 e-con-full e-flex e-con e-child\" data-id=\"63989bf5\" data-element_type=\"container\" data-e-type=\"container\" data-settings=\"{&quot;background_background&quot;:&quot;classic&quot;}\">\n\t\t\t\t<div class=\"elementor-element elementor-element-45dc2bde murspace-box-image elementor-widget elementor-widget-image\" data-id=\"45dc2bde\" data-element_type=\"widget\" data-e-type=\"widget\" data-widget_type=\"image.default\">\n\t\t\t\t<div class=\"elementor-widget-container\">\n\t\t\t\t\t\t\t\t\t\t\t\t\t\t\t<img decoding=\"async\" src=\"https:\/\/murface.com\/wp-content\/uploads\/elementor\/thumbs\/metall-hergestellt-r1e3a0pvlbcxo5csiex1l58eci85qc9gizc4us1am8.avif\" title=\"metall-hergestellt\" alt=\"metall-hergestellt\" loading=\"lazy\" \/>\t\t\t\t\t\t\t\t\t\t\t\t\t\t\t<\/div>\n\t\t\t\t<\/div>\n\t\t\t\t<\/div>\n\t\t<div class=\"elementor-element elementor-element-7a3d676d e-con-full e-flex e-con e-child\" data-id=\"7a3d676d\" data-element_type=\"container\" data-e-type=\"container\" data-settings=\"{&quot;background_background&quot;:&quot;classic&quot;}\">\n\t\t\t\t<div class=\"elementor-element elementor-element-122adad7 elementor-widget elementor-widget-text-editor\" data-id=\"122adad7\" data-element_type=\"widget\" data-e-type=\"widget\" data-widget_type=\"text-editor.default\">\n\t\t\t\t<div class=\"elementor-widget-container\">\n\t\t\t\t\t\t\t\t\t<h2 class=\"title\" data-v-662045fd=\"\">Wie werden Metalloberfl\u00e4chen beim fugenlosen Boden hergestellt?<\/h2><div class=\"text\" data-v-662045fd=\"\"><p>Zun\u00e4chst muss ein normaler fugenloser Boden hergestellt werden. Das hei\u00dft, die Spachtelmasse wird entweder als Flie\u00dfspachtel gegossen oder als feste Masse mit dem Spachtel auf den vorbereiteten Untergrund aufgetragen. Flie\u00dfspachtel bietet sich besonders da an, wo Unebenheiten auf dem Untergrund ausgeglichen werden m\u00fcssen, beispielsweise wenn alte Fliesen unter der neuen Oberfl\u00e4che verborgen werden sollen. Aber auch beim Verlegen eines fugenlosen Bodens unter einer Treppe ist Flie\u00dfspachtel sehr praktisch. Feste Spachtelmasse kommt hingegen zum Einsatz, wenn eine strukturierte Oberfl\u00e4che erw\u00fcnscht ist oder wenn eine fugenlose Treppe hergestellt werden soll. Ist die Spachtelmasse aufgetragen, kommt es darauf an, wie sich der Boden anf\u00fchlen soll. Das hei\u00dft, er kann mit glatter Oberfl\u00e4che hergestellt, aber mit unterschiedlichen Spachteltechniken auch mit einer Struktur wie bei einer verputzten Wand gestaltet werden. Wenn die Spachtelmasse ausgeh\u00e4rtet ist, wird die Oberfl\u00e4che mit der gew\u00fcnschten Metallhaut \u00fcberzogen. Diese muss ebenfalls trocknen, damit der Boden begehbar wird.<\/p><\/div>\t\t\t\t\t\t\t\t<\/div>\n\t\t\t\t<\/div>\n\t\t\t\t<\/div>\n\t\t\t\t<\/div>\n\t\t<div class=\"elementor-element elementor-element-1e8a6053 e-con-full murspace-box e-flex e-con e-parent\" data-id=\"1e8a6053\" data-element_type=\"container\" data-e-type=\"container\" data-settings=\"{&quot;background_background&quot;:&quot;classic&quot;}\">\n\t\t<div class=\"elementor-element elementor-element-21510758 e-con-full e-flex e-con e-child\" data-id=\"21510758\" data-element_type=\"container\" data-e-type=\"container\" data-settings=\"{&quot;background_background&quot;:&quot;classic&quot;}\">\n\t\t\t\t<div class=\"elementor-element elementor-element-2455dffe elementor-widget elementor-widget-text-editor\" data-id=\"2455dffe\" data-element_type=\"widget\" data-e-type=\"widget\" data-widget_type=\"text-editor.default\">\n\t\t\t\t<div class=\"elementor-widget-container\">\n\t\t\t\t\t\t\t\t\t<h2 class=\"title\" data-v-662045fd=\"\">Die Vorteile einer Metalloberfl\u00e4che<\/h2><div class=\"text\" data-v-662045fd=\"\"><ul><li>Ein fugenloser Boden hat generell den Vorteil, dass er robust ist und sich leicht reinigen l\u00e4sst. Die Metalloberfl\u00e4che ist besonders hygienisch.<\/li><li>Mit einer Metallhaut versehen wirken fugenfreie Oberfl\u00e4chen besonders edel und setzen im Wohn-oder Gesch\u00e4ftsraum einen optischen Akzent.<\/li><li>Ein fugenloser Boden mit Metallhaut ist UV-best\u00e4ndig und resistent gegen Verf\u00e4rbungen.<\/li><li>Fugenlose B\u00f6den lassen sich auch \u00fcber einer Fu\u00dfbodenheizung verlegen. Somit ist der Bodenbelag niemals fu\u00dfkalt, Obwohl er aus einem an sich nicht sehr warmen Material besteht.<\/li><li>Die Metallhaut auf der fugenfreien Oberfl\u00e4che ist sehr d\u00fcnn. So kann an teurem Material und Gewicht gespart werden.<\/li><\/ul><\/div>\t\t\t\t\t\t\t\t<\/div>\n\t\t\t\t<\/div>\n\t\t\t\t<\/div>\n\t\t<div class=\"elementor-element elementor-element-4d8f672d e-con-full e-flex e-con e-child\" data-id=\"4d8f672d\" data-element_type=\"container\" data-e-type=\"container\" data-settings=\"{&quot;background_background&quot;:&quot;classic&quot;}\">\n\t\t\t\t<div class=\"elementor-element elementor-element-eb0ad6b murspace-box-image elementor-widget elementor-widget-image\" data-id=\"eb0ad6b\" data-element_type=\"widget\" data-e-type=\"widget\" data-widget_type=\"image.default\">\n\t\t\t\t<div class=\"elementor-widget-container\">\n\t\t\t\t\t\t\t\t\t\t\t\t\t\t\t<img decoding=\"async\" src=\"https:\/\/murface.com\/wp-content\/uploads\/elementor\/thumbs\/vorteile-metall-1-r1e3axm88ilyyi106b4ziexj4zq07qw2bi64ngoikg.avif\" title=\"vorteile-metall\" alt=\"vorteile-metall\" loading=\"lazy\" \/>\t\t\t\t\t\t\t\t\t\t\t\t\t\t\t<\/div>\n\t\t\t\t<\/div>\n\t\t\t\t<\/div>\n\t\t\t\t<\/div>\n\t\t\t\t<\/div>\n\t\t","protected":false},"excerpt":{"rendered":"<p>Metalloberfl\u00e4chen Metalloberfl\u00e4chen fugenloser Boden Metalloberfl\u00e4chen f\u00fcr den fugenlosen Boden Wer sich f\u00fcr die Wohnr\u00e4ume ein ganz besonderes Oberfl\u00e4chendesign w\u00fcnscht, sollte \u00fcberlegen, ob nicht ein fugenloser Boden mit Metalloberfl\u00e4che infrage kommt. Dieser Bodenbelag wirkt absolut exklusiv und edel und stellt in jedem Raum einen Blickfang dar. Trend im Wohnbereich Fugenlose Oberfl\u00e4chen sind der neue Trend im [&hellip;]<\/p>\n","protected":false},"author":1,"featured_media":0,"parent":0,"menu_order":0,"comment_status":"closed","ping_status":"closed","template":"","meta":{"inline_featured_image":false,"footnotes":""},"class_list":["post-1412","page","type-page","status-publish","hentry"],"jetpack_sharing_enabled":true,"_links":{"self":[{"href":"https:\/\/murface.com\/de\/wp-json\/wp\/v2\/pages\/1412","targetHints":{"allow":["GET"]}}],"collection":[{"href":"https:\/\/murface.com\/de\/wp-json\/wp\/v2\/pages"}],"about":[{"href":"https:\/\/murface.com\/de\/wp-json\/wp\/v2\/types\/page"}],"author":[{"embeddable":true,"href":"https:\/\/murface.com\/de\/wp-json\/wp\/v2\/users\/1"}],"replies":[{"embeddable":true,"href":"https:\/\/murface.com\/de\/wp-json\/wp\/v2\/comments?post=1412"}],"version-history":[{"count":4,"href":"https:\/\/murface.com\/de\/wp-json\/wp\/v2\/pages\/1412\/revisions"}],"predecessor-version":[{"id":1421,"href":"https:\/\/murface.com\/de\/wp-json\/wp\/v2\/pages\/1412\/revisions\/1421"}],"wp:attachment":[{"href":"https:\/\/murface.com\/de\/wp-json\/wp\/v2\/media?parent=1412"}],"curies":[{"name":"wp","href":"https:\/\/api.w.org\/{rel}","templated":true}]}}