{"id":1717,"date":"2025-02-14T11:09:12","date_gmt":"2025-02-14T10:09:12","guid":{"rendered":"https:\/\/murface.com\/?page_id=1717"},"modified":"2025-02-14T14:19:35","modified_gmt":"2025-02-14T13:19:35","slug":"agb","status":"publish","type":"page","link":"https:\/\/murface.com\/de\/agb\/","title":{"rendered":"AGB"},"content":{"rendered":"\t\t<div data-elementor-type=\"wp-page\" data-elementor-id=\"1717\" class=\"elementor elementor-1717\" data-elementor-post-type=\"page\">\n\t\t\t\t<div class=\"elementor-element elementor-element-6559d9c7 e-grid e-con-boxed e-con e-parent\" data-id=\"6559d9c7\" data-element_type=\"container\" data-e-type=\"container\" id=\"hero-intro\" data-settings=\"{&quot;background_background&quot;:&quot;classic&quot;,&quot;background_motion_fx_motion_fx_mouse&quot;:&quot;yes&quot;}\">\n\t\t\t\t\t<div class=\"e-con-inner\">\n\t\t\t\t<div class=\"elementor-element elementor-element-238e8363 elementor-widget__width-initial elementor-widget elementor-widget-text-editor\" data-id=\"238e8363\" data-element_type=\"widget\" data-e-type=\"widget\" data-widget_type=\"text-editor.default\">\n\t\t\t\t<div class=\"elementor-widget-container\">\n\t\t\t\t\t\t\t\t\t<h1 data-v-9ead72d2=\"\">AGB<\/h1><div class=\"text\" data-v-9ead72d2=\"\"><p><strong>ALLGEMEINE GESCH\u00c4FTSBEDINGUNGEN<\/strong><\/p><\/div>\t\t\t\t\t\t\t\t<\/div>\n\t\t\t\t<\/div>\n\t\t<div class=\"elementor-element elementor-element-63d86cb6 e-con-full elementor-hidden-tablet elementor-hidden-mobile e-flex e-con e-child\" data-id=\"63d86cb6\" data-element_type=\"container\" data-e-type=\"container\">\n\t\t\t\t<\/div>\n\t\t\t\t\t<\/div>\n\t\t\t\t<\/div>\n\t\t<div class=\"elementor-element elementor-element-8dbf9f9 e-con-full e-flex e-con e-parent\" data-id=\"8dbf9f9\" data-element_type=\"container\" data-e-type=\"container\">\n\t\t\t\t<div class=\"elementor-element elementor-element-333e36b elementor-widget elementor-widget-text-editor\" data-id=\"333e36b\" data-element_type=\"widget\" data-e-type=\"widget\" data-widget_type=\"text-editor.default\">\n\t\t\t\t<div class=\"elementor-widget-container\">\n\t\t\t\t\t\t\t\t\t<section class=\"marginTop\" data-v-24124070=\"\"><div data-v-24124070=\"\"><section class=\"fullTextSection\"><div class=\"text\"><h2><strong>ALLGEMEINE GESCH\u00c4FTSBEDINGUNGEN<\/strong><\/h2><ol><li><strong>ALLGEMEINES<\/strong><br \/>Diese Gesch\u00e4ftsbedingungen gelten f\u00fcr alle Vertr\u00e4ge, Lieferungen und Leistungen und sonstigen Nebenleistungen, auch wenn im Einzelnen nicht mehr gesondert darauf hingewiesen wird. Abweichungen, Erg\u00e4nzungen, besondere Zusicherungen und sonstige Einzelabreden bed\u00fcrfen zu ihrer Wirksamkeit ausnahmslos der Schriftform. Abweichende Bedingungen des K\u00e4ufers, die wir nicht ausdr\u00fccklich schriftlich anerkennen, sind f\u00fcr uns unverbindlich, auch wenn wir Ihnen nicht ausdr\u00fccklich widersprechen. Mit vorbehaltloser Entgegennahme der Lieferung bzw. Leistung erkennt der K\u00e4ufer jedenfalls die Geltung dieser Bedingungen an. Wir weisen des Weiteren darauf hin, dass die Nutzung nur f\u00fcr gewerbliche Kunden zul\u00e4ssig ist.<br \/><br \/><\/li><li><strong>\u00c4NDERUNGEN DER ALLGEMEINEN GESCH\u00c4FTSBEDINGUNGEN<\/strong><br \/>Wir sind jederzeit berechtigt, diese AGB zu \u00e4ndern oder zu erg\u00e4nzen. Kunden haben das Recht, einer solchen \u00c4nderung zu widersprechen. Erfolgt der Widerspruch nicht in Textform innerhalb von vier Wochen nach Zugang der Mitteilung, so werden diese entsprechend der \u00c4nderung wirksam. Kunden werden in Textform bei Beginn der Frist darauf hingewiesen, dass die \u00c4nderungsmitteilung als akzeptiert gilt, wenn nicht binnen vier Wochen widersprochen wird. Ist der Kunde nicht Unternehmer im Sinne des \u00a7 14 BGB, werden die ge\u00e4nderten Vertragsbedingungen nur dann Vertragsbestandteil, wenn sie dem Kunden zuvor unter drucktechnischer Hervorhebung der \u00c4nderungen \u00fcbermittelt worden sind.<br \/><br \/><\/li><li><strong>\u00c4NDERUNG DER VEREINBARTEN LEISTUNG<\/strong><br \/>Wir haben das Recht, die versprochenen Leistungen zu \u00e4ndern oder hiervon abzuweichen, wenn die \u00c4nderung oder Abweichung unter Ber\u00fccksichtigung unserer Interessen f\u00fcr den Kunden zumutbar ist. Zumutbar ist die \u00c4nderung oder die Abweichung, wenn der Kunde nicht schlechter oder besser gestellt oder von der Leistung nicht wesentlich abgewichen wird. Diese Allgemeinen Gesch\u00e4ftsbedingungen (nachfolgend \u201eAGB\u201c) der MURFACE GmbH (nachfolgend \u201eVerk\u00e4ufer\u201c), gelten f\u00fcr alle Vertr\u00e4ge \u00fcber die Lieferung von Waren, die ein Unternehmer (nachfolgend \u201eKunde\u201c) mit dem Verk\u00e4ufer unter Verwendung von Fernkommunikationsmitteln (z. B. Telefon, Fax, E-Mail, Brief) ausschlie\u00dflich durch individuelle Kommunikation im Sinne des \u00a7 312j Abs. 5 Satz 1 BGB abschlie\u00dft. Hiermit wird der Einbeziehung von eigenen Bedingungen des Kunden widersprochen, es sei denn, es ist etwas anderes vereinbart.<br \/><br \/><\/li><li><strong>VERTRAGSSCHLUSS<\/strong><br \/>Der Kunde kann per Telefon, Fax, E-Mail, Brief oder \u00fcber das auf der Website des Verk\u00e4ufers vorgehaltene Online-Kontaktformular eine unverbindliche Anfrage auf Abgabe eines Angebots an den Verk\u00e4ufer richten. Der Verk\u00e4ufer l\u00e4sst dem Kunden auf dessen Anfrage hin per E-Mail, Fax oder Brief, ein verbindliches Angebot zum Verkauf der vom Kunden zuvor ausgew\u00e4hlten Ware aus dem Warensortiment des Verk\u00e4ufers zukommen. Dieses Angebot kann der Kunde durch eine gegen\u00fcber dem Verk\u00e4ufer abzugebende Annahmeerkl\u00e4rung per Fax, E-Mail oder Brief oder durch Zahlung des vom Verk\u00e4ufer angebotenen Kaufpreises innerhalb von 7 (sieben) Tagen ab Zugang des Angebots annehmen, wobei f\u00fcr die Berechnung der Frist der Tag des Angebotszugangs nicht mitgerechnet wird. F\u00fcr die Annahme durch Zahlung ist der Tag des Zahlungseingangs beim Verk\u00e4ufer ma\u00dfgeblich. F\u00e4llt der letzte Tag der Frist zur Annahme des Angebots auf einen Samstag, Sonntag, oder einen am Sitz des Kunden staatlich anerkannten allgemeinen Feiertag, so tritt an die Stelle eines solchen Tages der n\u00e4chste Werktag. Nimmt der Kunde das Angebot des Verk\u00e4ufers innerhalb der vorgenannten Frist nicht an, so ist der Verk\u00e4ufer nicht mehr an sein Angebot gebunden und kann wieder frei \u00fcber die Ware verf\u00fcgen. Hierauf wird der Verk\u00e4ufer den Kunden in seinem Angebot nochmals besonders hinweisen.<br \/><br \/><\/li><li><strong>PREISE UND ZAHLUNGSBEDINGUNGEN<\/strong><br \/>5.1 Die angegebenen Preise des Verk\u00e4ufers sind Nettopreise und verstehen sich zuz\u00fcglich der gesetzlichen Umsatzsteuer. Verpackungs- und Versandkosten, Verladung, Versicherung (insbesondere Transportversicherung), Z\u00f6lle und Abgaben werden gegebenenfalls gesondert berechnet.<br \/>5.2 Dem Kunden stehen verschiedene Zahlungsm\u00f6glichkeiten zur Verf\u00fcgung, die ihm im Angebot des Verk\u00e4ufers mitgeteilt werden.<br \/>5.3 Bei Lieferungen in L\u00e4nder au\u00dferhalb der Europ\u00e4ischen Union k\u00f6nnen im Einzelfall weitere Kosten anfallen, die der Verk\u00e4ufer nicht zu vertreten hat und die vom Kunden zu tragen sind. Hierzu z\u00e4hlen beispielsweise Kosten f\u00fcr die Geld\u00fcbermittlung durch Kreditinstitute (z.B. \u00dcberweisungsgeb\u00fchren, Wechselkursgeb\u00fchren) oder einfuhrrechtliche Abgaben bzw. Steuern (z.B. Z\u00f6lle). Solche Kosten k\u00f6nnen in Bezug auf die Geld\u00fcbermittlung auch dann anfallen, wenn die Lieferung nicht in ein Land au\u00dferhalb der Europ\u00e4ischen Union erfolgt, der Kunde die Zahlung aber von einem Land au\u00dferhalb der Europ\u00e4ischen Union aus vornimmt.<br \/>5.4 Ist Vorauskasse per Bank\u00fcberweisung vereinbart, ist die Zahlung sofort nach Vertragsabschluss f\u00e4llig, sofern die Parteien keinen sp\u00e4teren F\u00e4lligkeitstermin vereinbart haben.<br \/>5.5 Bei Auswahl der Zahlungsart Lieferung auf Rechnung ist der Kaufpreis innerhalb von 14 (vierzehn) Tagen ab Erhalt der Rechnung ohne Abzug zu zahlen, sofern nichts anderes vereinbart ist. Der Verk\u00e4ufer beh\u00e4lt sich vor, bei Auswahl der Zahlungsart Lieferung auf Rechnung eine Bonit\u00e4tspr\u00fcfung durchzuf\u00fchren und diese Zahlungsart bei negativer Bonit\u00e4tspr\u00fcfung abzulehnen.<br \/>5.6 Eine Zahlung gilt als eingegangen, sobald der Gegenwert einem der Konten des Verk\u00e4ufers gutgeschrieben wurde. Im Falle des Zahlungsverzuges hat der Verk\u00e4ufer Anspruch auf Verzugszinsen in H\u00f6he von 9,5 Prozentpunkten \u00fcber dem jeweiligen Basiszinssatz. Die \u00fcbrigen gesetzlichen Rechte des Verk\u00e4ufers im Falle eines Zahlungsverzuges des Kunden bleiben hiervon unber\u00fchrt. Sofern Forderungen \u00fcberf\u00e4llig sind, werden eingehende Zahlungen zun\u00e4chst auf eventuelle Kosten und Zinsen, sodann auf die \u00e4lteste Forderung angerechnet.<br \/>5.7 Sollten nicht vorhersehbare Kostenerh\u00f6hungen eintreten (z.B. W\u00e4hrungsschwankungen, unerwartete Preiserh\u00f6hungen der Lieferanten etc.) ist der Verk\u00e4ufer berechtigt, die Preiserh\u00f6hung an den Kunden weiterzugeben. Dies gilt jedoch nur, wenn die Lieferung vereinbarungsgem\u00e4\u00df sp\u00e4ter als vier Monate nach dem Vertragsschluss erfolgen soll.<br \/><br \/><\/li><li><strong>LIEFER- UND VERSANDBEDINGUNGEN<\/strong><br \/>6.1 Die Lieferung von Waren erfolgt auf dem Versandweg an die vom Kunden angegebene Lieferanschrift, sofern nichts anderes vereinbart ist.<br \/>6.2 Der Verk\u00e4ufer ist zu Teillieferungen berechtigt, soweit dies dem Kunden zumutbar ist. Im Falle von zul\u00e4ssigen Teillieferungen ist der Verk\u00e4ufer berechtigt, auch Teilrechnungen zu stellen.<br \/>6.3 Der Verk\u00e4ufer beh\u00e4lt sich das Recht vor, im Falle nicht richtiger oder nicht ordnungsgem\u00e4\u00dfer Selbstbelieferung vom Vertrag zur\u00fcckzutreten. Dies gilt nur f\u00fcr den Fall, dass die Nichtlieferung nicht vom Verk\u00e4ufer zu vertreten ist und dieser mit der gebotenen Sorgfalt ein konkretes Deckungsgesch\u00e4ft mit dem Zulieferer abgeschlossen hat. Der Verk\u00e4ufer wird alle zumutbaren Anstrengungen unternehmen, um die Ware zu beschaffen. Im Falle der Nichtverf\u00fcgbarkeit oder der nur teilweisen Verf\u00fcgbarkeit der Ware wird der Kunde unverz\u00fcglich informiert und die Gegenleistung unverz\u00fcglich erstattet.<br \/>6.4 Die Gefahr des zuf\u00e4lligen Untergangs und der zuf\u00e4lligen Verschlechterung der verkauften Ware geht auf den Kunden \u00fcber, sobald der Verk\u00e4ufer die Sache dem Spediteur, dem Frachtf\u00fchrer oder der sonst zur Ausf\u00fchrung der Versendung bestimmten Person oder Anstalt ausgeliefert hat. Dies gilt auch dann, wenn der Verk\u00e4ufer die Kosten des Transportes tr\u00e4gt. Eine Transportversicherung erfolgt nur auf besonderen Wunsch und auf Rechnung des Kunden.<br \/>6.5 F\u00fcr den Fall, dass sich der Versand der Ware an den Kunden aus Gr\u00fcnden, die dieser zu vertreten hat, verz\u00f6gert, erfolgt der Gefahr\u00fcbergang bereits mit Anzeige der Versandbereitschaft an den Kunden. Eventuell anfallende Lagerkosten hat nach Gefahr\u00fcbergang der Kunde zu tragen.<br \/>6.6 H\u00f6here Gewalt<br \/>Im Falle von Ereignissen h\u00f6herer Gewalt, die sich auf die Vertragserf\u00fcllung auswirken, ist der Verk\u00e4ufer berechtigt, die Lieferung um die Dauer der Behinderung hinauszuschieben und bei l\u00e4ngerfristigen Verz\u00f6gerungen ganz oder teilweise zur\u00fcckzutreten, ohne dass hieraus irgendwelche Anspr\u00fcche gegen den Verk\u00e4ufer hergeleitet werden k\u00f6nnen. Als h\u00f6here Gewalt gelten alle f\u00fcr den Verk\u00e4ufer unvorhersehbaren Ereignisse oder solche, die \u2013 selbst wenn sie vorhersehbar waren \u2013 au\u00dferhalb des Einflussbereichs des Verk\u00e4ufers liegen und deren Auswirken auf die Vertragserf\u00fcllung durch zumutbare Bem\u00fchungen des Verk\u00e4ufers nicht verhindert werden k\u00f6nnen. Etwaige gesetzliche Anspr\u00fcche des Kunden bleiben unber\u00fchrt.<br \/>6.7 Verz\u00f6gerung der Leistung auf Wunsch des Kunden<br \/>Werden Versand oder Zustellung der Ware auf Wunsch des Kunden um mehr als einen Monat nach Anzeige der Versandbereitschaft verz\u00f6gert, kann dem Kunden f\u00fcr jeden weiteren angefangenen Monat Lagergeld in H\u00f6he von 0,5 % des Kaufpreises, h\u00f6chstens jedoch insgesamt 5 % des Kaufpreises, berechnet werden. Der Nachweis eines h\u00f6heren oder niedrigeren Schadens bleibt den Vertragsparteien unbenommen.<br \/><br \/><\/li><li><strong>EIGENTUMSVORBEHALT<\/strong><br \/>7.1 Der Verk\u00e4ufer beh\u00e4lt sich bis zur vollst\u00e4ndigen Bezahlung des geschuldeten Kaufpreises das Eigentum an der gelieferten Ware vor. Weiterhin beh\u00e4lt sich der Verk\u00e4ufer das Eigentum an der gelieferten Ware bis zur Erf\u00fcllung aller seiner Anspr\u00fcche aus der Gesch\u00e4ftsbeziehung mit dem Kunden vor.<br \/>7.2 Gegenst\u00e4nde unter Eigentums- oder Rechtsvorbehalt darf der Kunde weder verpf\u00e4nden noch sicherungs\u00fcbereignen. Dem Kunden ist nur als Wiederverk\u00e4ufer eine Weiterver\u00e4u\u00dferung im gew\u00f6hnlichen Gesch\u00e4ftsgang unter der Bedingung gestattet, dass dem Verk\u00e4ufer vom Kunden dessen Anspr\u00fcche gegen seine Abnehmer im Zusammenhang mit der Weiterver\u00e4u\u00dferung wirksam abgetreten worden sind und der Kunde seinem Abnehmer das Eigentum unter Vorbehalt der Zahlung \u00fcbertr\u00e4gt. Der Kunde tritt durch den Vertragsabschluss seine Anspr\u00fcche im Zusammenhang mit solchen Ver\u00e4u\u00dferungen gegen seine Abnehmer sicherungshalber an den Verk\u00e4ufer ab, der diese Abtretung gleichzeitig annimmt.<br \/>7.3 Der Kunde hat Zugriff auf die im Eigentum oder Miteigentum des Verk\u00e4ufers stehende Ware oder auf die abgetretenen Forderungen sofort mitzuteilen. Er hat an den Verk\u00e4ufer abgetretene, von ihm eingezogene Betr\u00e4ge sofort an den Verk\u00e4ufer abzuf\u00fchren, soweit dessen Forderung f\u00e4llig ist.<br \/>7.4 Soweit der Wert der Sicherungsrechte des Verk\u00e4ufers die H\u00f6he der gesicherten Anspr\u00fcche um mehr als 10% \u00fcbersteigt, wird der Verk\u00e4ufer auf Wunsch des Kunden einen entsprechenden Anteil der Sicherungsrechte freigeben.<br \/><br \/><\/li><li><strong>M\u00c4NGELHAFTUNG \/ GEW\u00c4HRLEISTUNG<\/strong><br \/>8.1 M\u00e4ngelanspr\u00fcche entstehen nicht bei nat\u00fcrlicher Abnutzung oder Sch\u00e4den, die nach dem Gefahr\u00fcbergang infolge fehlerhafter oder nachl\u00e4ssiger Behandlung, \u00fcberm\u00e4\u00dfiger Beanspruchung, ungeeigneter Betriebsmittel oder die aufgrund besonderer \u00e4u\u00dferer Einfl\u00fcsse entstehen, die nach dem Vertrag nicht vorausgesetzt sind. Werden vom Kunden oder von Dritten unsachgem\u00e4\u00df \u00c4nderungen oder Instandsetzungsarbeiten vorgenommen, so bestehen f\u00fcr diese und die daraus entstehenden Folgen ebenfalls keine M\u00e4ngelanspr\u00fcche, es sei denn der Kunde kann nachweisen, dass die ger\u00fcgte St\u00f6rung nicht durch diese \u00c4nderungen oder Instandsetzungsarbeiten verursacht worden sind.<br \/>8.2 Bei neuen Waren betr\u00e4gt die Verj\u00e4hrungsfrist f\u00fcr M\u00e4ngelanspr\u00fcche ein Jahr ab Gefahr\u00fcbergang.<br \/>8.3 Bei gebrauchten Waren sind die Rechte und Anspr\u00fcche wegen M\u00e4ngeln ausgeschlossen.<br \/>8.4 Die vorstehend geregelten Haftungsbeschr\u00e4nkungen und Verj\u00e4hrungsfristverk\u00fcrzungen gelten nicht<br \/>&#8211; f\u00fcr Sachen, die entsprechend ihrer \u00fcblichen Verwendungsweise f\u00fcr ein Bauwerk verwendet worden sind und dessen Mangelhaftigkeit verursacht haben<br \/>&#8211; f\u00fcr Schadensersatz- und Aufwendungsersatzanspr\u00fcche des Kunden, f\u00fcr den Fall, dass der Verk\u00e4ufer den Mangel arglistig verschwiegen hat, sowie<br \/>&#8211; f\u00fcr den R\u00fcckgriffsanspruch nach \u00a7 478 BGB.<br \/>8.5 Der Verk\u00e4ufer hat im Falle der Nacherf\u00fcllung das Wahlrecht zwischen Nachbesserung oder Ersatzlieferung.<br \/>8.6 Erfolgt im Rahmen der M\u00e4ngelhaftung eine Ersatzlieferung, beginnt die Verj\u00e4hrung nicht erneut.<br \/>8.7 Ist die Nacherf\u00fcllung im Wege der Ersatzlieferung erfolgt, ist der Kunde verpflichtet, die zuerst gelieferte Ware innerhalb von 30 Tagen an den Verk\u00e4ufer zur\u00fcckzusenden. Das R\u00fccksendepaket muss den Grund der R\u00fccksendung, den Kundennamen und die f\u00fcr den Kauf der mangelhaften Ware vergebene Nummer enthalten, die dem Verk\u00e4ufer die Zuordnung der zur\u00fcckgesandten Ware erm\u00f6glicht. Solange und soweit die Zuordnung der R\u00fccksendung aus Gr\u00fcnden, die der Kunde zu vertreten hat, nicht m\u00f6glich ist, ist der Verk\u00e4ufer zur Entgegennahme zur\u00fcckgesandter Ware und zur R\u00fcckzahlung des Kaufpreises nicht verpflichtet. Die Kosten einer erneuten Versendung tr\u00e4gt der Kunde.<br \/>8.8 Liefert der Verk\u00e4ufer zum Zwecke der Nacherf\u00fcllung eine mangelfreie Sache, kann der Verk\u00e4ufer vom Kunden eine Nutzungsentsch\u00e4digung gem. \u00a7 346 Abs. 1 BGB geltend machen. Sonstige gesetzliche Anspr\u00fcche bleiben unber\u00fchrt.<br \/>8.9 Handelt der Kunde als Kaufmann i.S.d. \u00a7 1 HGB, trifft ihn die kaufm\u00e4nnische Untersuchungs- und R\u00fcgepflicht gem\u00e4\u00df \u00a7 377 HGB. Unterl\u00e4sst der Kunde die dort geregelten Anzeigepflichten, gilt die Ware als genehmigt.<br \/><br \/><\/li><li><strong>HAFTUNG<\/strong><br \/>Der Verk\u00e4ufer haftet dem Kunden aus allen vertraglichen, vertrags\u00e4hnlichen und gesetzlichen, auch deliktischen Anspr\u00fcchen auf Schadens- und Aufwendungsersatz wie folgt:<br \/>9.1 Der Verk\u00e4ufer haftet aus jedem Rechtsgrund uneingeschr\u00e4nkt<br \/>&#8211; bei Vorsatz oder grober Fahrl\u00e4ssigkeit,<br \/>&#8211; bei vors\u00e4tzlicher oder fahrl\u00e4ssiger Verletzung des Lebens, des K\u00f6rpers oder der Gesundheit<br \/>&#8211; aufgrund eines Garantieversprechens, soweit diesbez\u00fcglich nichts anderes geregelt ist,<br \/>&#8211; aufgrund zwingender Haftung wie etwa nach dem Produkthaftungsgesetz.<br \/>9.2 Verletzt der Verk\u00e4ufer fahrl\u00e4ssig eine wesentliche Vertragspflicht, ist die Haftung auf den vertragstypischen, vorhersehbaren Schaden begrenzt, sofern nicht gem\u00e4\u00df vorstehender Ziffer unbeschr\u00e4nkt gehaftet wird. Wesentliche Vertragspflichten sind Pflichten, die der Vertrag dem Verk\u00e4ufer nach seinem Inhalt zur Erreichung des Vertragszwecks auferlegt, deren Erf\u00fcllung die ordnungsgem\u00e4\u00dfe Durchf\u00fchrung des Vertrags \u00fcberhaupt erst erm\u00f6glicht und auf deren Einhaltung der Kunde regelm\u00e4\u00dfig vertrauen darf.<br \/>9.3 Im \u00dcbrigen ist eine Haftung des Verk\u00e4ufers ausgeschlossen.<br \/>9.4 Vorstehende Haftungsregelungen gelten auch im Hinblick auf die Haftung des Verk\u00e4ufers f\u00fcr seine Erf\u00fcllungsgehilfen und gesetzlichen Vertreter.<br \/><br \/><\/li><li><strong>VERJ\u00c4HRUNG<\/strong><br \/>Anspr\u00fcche des Kunden gegen\u00fcber dem Verk\u00e4ufer verj\u00e4hren \u2013 mit Ausnahme der unter dem Punkt \u201eM\u00e4ngelhaftung \/ Gew\u00e4hrleistung\u201c geregelten Anspr\u00fcche \u2013 in einem Jahr ab Kenntnis von den anspruchsbegr\u00fcndenden Tatsachen, sp\u00e4testens jedoch in f\u00fcnf Jahren nach Erbringung der Leistung, sofern nicht gem\u00e4\u00df vorstehender Ziffer unbeschr\u00e4nkt gehaftet wird.<br \/><br \/><\/li><li><strong>ZUR\u00dcCKBEHALTUNG, ABTRETUNG<\/strong><br \/>11.1 Zur\u00fcckbehaltungs- und Leistungsverweigerungsrechte des Kunden sind ausgeschlossen, es sei denn, der Verk\u00e4ufer bestreitet die zugrunde liegenden Gegenanspr\u00fcche nicht oder diese sind rechtskr\u00e4ftig festgestellt.<br \/>11.2 Eine Abtretung von Anspr\u00fcchen aus dem mit dem Kunden geschlossenen Vertrag durch den Kunden, insbesondere eine Abtretung etwaiger M\u00e4ngelanspr\u00fcche des Kunden, ist ausgeschlossen.<br \/><br \/><\/li><li><strong>ANWENDBARES RECHT, GERICHTSSTAND, VERTRAGSSPRACHE<\/strong><br \/>12.1 F\u00fcr s\u00e4mtliche Rechtsbeziehungen der Parteien gilt das Recht der Bundesrepublik Deutschland unter Ausschluss der Gesetze \u00fcber den internationalen Kauf beweglicher Waren.<br \/>12.2 Handelt der Kunde als Kaufmann, juristische Person des \u00f6ffentlichen Rechts oder \u00f6ffentlichrechtliches Sonderverm\u00f6gen mit Sitz im Hoheitsgebiet der Bundesrepublik Deutschland, ist ausschlie\u00dflicher Gerichtsstand f\u00fcr alle Streitigkeiten aus diesem Vertrag der Gesch\u00e4ftssitz des Verk\u00e4ufers. Hat der Kunde seinen Sitz au\u00dferhalb des Hoheitsgebiets der Bundesrepublik Deutschland, so ist der Gesch\u00e4ftssitz des Verk\u00e4ufers ausschlie\u00dflicher Gerichtsstand f\u00fcr alle Streitigkeiten aus diesem Vertrag, wenn der Vertrag oder Anspr\u00fcche aus dem Vertrag der beruflichen oder gewerblichen T\u00e4tigkeit des Kunden zugerechnet werden k\u00f6nnen. Der Verk\u00e4ufer ist in den vorstehenden F\u00e4llen jedoch in jedem Fall berechtigt, das Gericht am Sitz des Kunden anzurufen.<br \/>12.3 Die Vertragssprache ist Deutsch.<\/li><\/ol><p>Stand 02.01.2020<\/p><\/div><\/section><\/div><\/section>\t\t\t\t\t\t\t\t<\/div>\n\t\t\t\t<\/div>\n\t\t\t\t<\/div>\n\t\t\t\t<\/div>\n\t\t","protected":false},"excerpt":{"rendered":"<p>AGB ALLGEMEINE GESCH\u00c4FTSBEDINGUNGEN ALLGEMEINE GESCH\u00c4FTSBEDINGUNGEN ALLGEMEINESDiese Gesch\u00e4ftsbedingungen gelten f\u00fcr alle Vertr\u00e4ge, Lieferungen und Leistungen und sonstigen Nebenleistungen, auch wenn im Einzelnen nicht mehr gesondert darauf hingewiesen wird. Abweichungen, Erg\u00e4nzungen, besondere Zusicherungen und sonstige Einzelabreden bed\u00fcrfen zu ihrer Wirksamkeit ausnahmslos der Schriftform. Abweichende Bedingungen des K\u00e4ufers, die wir nicht ausdr\u00fccklich schriftlich anerkennen, sind f\u00fcr uns unverbindlich, [&hellip;]<\/p>\n","protected":false},"author":1,"featured_media":0,"parent":0,"menu_order":0,"comment_status":"closed","ping_status":"closed","template":"","meta":{"inline_featured_image":false,"footnotes":""},"class_list":["post-1717","page","type-page","status-publish","hentry"],"jetpack_sharing_enabled":true,"_links":{"self":[{"href":"https:\/\/murface.com\/de\/wp-json\/wp\/v2\/pages\/1717","targetHints":{"allow":["GET"]}}],"collection":[{"href":"https:\/\/murface.com\/de\/wp-json\/wp\/v2\/pages"}],"about":[{"href":"https:\/\/murface.com\/de\/wp-json\/wp\/v2\/types\/page"}],"author":[{"embeddable":true,"href":"https:\/\/murface.com\/de\/wp-json\/wp\/v2\/users\/1"}],"replies":[{"embeddable":true,"href":"https:\/\/murface.com\/de\/wp-json\/wp\/v2\/comments?post=1717"}],"version-history":[{"count":4,"href":"https:\/\/murface.com\/de\/wp-json\/wp\/v2\/pages\/1717\/revisions"}],"predecessor-version":[{"id":1723,"href":"https:\/\/murface.com\/de\/wp-json\/wp\/v2\/pages\/1717\/revisions\/1723"}],"wp:attachment":[{"href":"https:\/\/murface.com\/de\/wp-json\/wp\/v2\/media?parent=1717"}],"curies":[{"name":"wp","href":"https:\/\/api.w.org\/{rel}","templated":true}]}}