{"id":1807,"date":"2025-02-14T20:35:03","date_gmt":"2025-02-14T19:35:03","guid":{"rendered":"https:\/\/murface.com\/?page_id=1807"},"modified":"2025-02-14T21:17:51","modified_gmt":"2025-02-14T20:17:51","slug":"presse","status":"publish","type":"page","link":"https:\/\/murface.com\/de\/presse\/","title":{"rendered":"Presse"},"content":{"rendered":"\t\t<div data-elementor-type=\"wp-page\" data-elementor-id=\"1807\" class=\"elementor elementor-1807\" data-elementor-post-type=\"page\">\n\t\t\t\t<div class=\"elementor-element elementor-element-6559d9c7 e-grid e-con-boxed e-con e-parent\" data-id=\"6559d9c7\" data-element_type=\"container\" data-e-type=\"container\" id=\"hero-intro\" data-settings=\"{&quot;background_background&quot;:&quot;classic&quot;,&quot;background_motion_fx_motion_fx_mouse&quot;:&quot;yes&quot;}\">\n\t\t\t\t\t<div class=\"e-con-inner\">\n\t\t\t\t<div class=\"elementor-element elementor-element-238e8363 elementor-widget__width-initial elementor-widget elementor-widget-text-editor\" data-id=\"238e8363\" data-element_type=\"widget\" data-e-type=\"widget\" data-widget_type=\"text-editor.default\">\n\t\t\t\t<div class=\"elementor-widget-container\">\n\t\t\t\t\t\t\t\t\t<h1 data-v-9ead72d2=\"\">Presse<\/h1><div class=\"text\" data-v-9ead72d2=\"\"><p>Willkommen im Presse- und Newsbereich! Hier halten wir Sie \u00fcber spannende Projekte, Produktinnovationen und bevorstehende Seminare\/Events auf dem Laufenden.\u00a0<\/p><\/div>\t\t\t\t\t\t\t\t<\/div>\n\t\t\t\t<\/div>\n\t\t<div class=\"elementor-element elementor-element-63d86cb6 e-con-full elementor-hidden-tablet elementor-hidden-mobile e-flex e-con e-child\" data-id=\"63d86cb6\" data-element_type=\"container\" data-e-type=\"container\">\n\t\t\t\t<\/div>\n\t\t\t\t\t<\/div>\n\t\t\t\t<\/div>\n\t\t<div class=\"elementor-element elementor-element-73a66903 e-con-full e-flex e-con e-parent\" data-id=\"73a66903\" data-element_type=\"container\" data-e-type=\"container\">\n\t\t\t\t<div class=\"elementor-element elementor-element-4d9b0fd3 elementor-widget__width-inherit elementor-widget elementor-widget-text-editor\" data-id=\"4d9b0fd3\" data-element_type=\"widget\" data-e-type=\"widget\" data-widget_type=\"text-editor.default\">\n\t\t\t\t<div class=\"elementor-widget-container\">\n\t\t\t\t\t\t\t\t\t<div data-v-6c7aabba=\"\"><section class=\"titleSection view-in--gt-half view-in--full view-in\" data-v-6c7aabba=\"\"><h2 class=\"title\" data-v-6c7aabba=\"\">Murface in der Presse<\/h2><\/section><\/div>\t\t\t\t\t\t\t\t<\/div>\n\t\t\t\t<\/div>\n\t\t\t\t<\/div>\n\t\t<div class=\"elementor-element elementor-element-7a9fadc e-con-full e-flex e-con e-parent\" data-id=\"7a9fadc\" data-element_type=\"container\" data-e-type=\"container\">\n\t\t\t\t<div class=\"elementor-element elementor-element-25d46fe elementor-widget elementor-widget-text-editor\" data-id=\"25d46fe\" data-element_type=\"widget\" data-e-type=\"widget\" data-widget_type=\"text-editor.default\">\n\t\t\t\t<div class=\"elementor-widget-container\">\n\t\t\t\t\t\t\t\t\t<section class=\"fullTextSection\"><div class=\"text\"><p>In unserem Pressebereich halten wir Sie mit allen Pressemitteilungen und Neuigkeiten von MURFACE auf dem Laufenden. Unsere Abteilung Presse und \u00d6ffentlichkeitsarbeit steht Ihnen f\u00fcr alle weiteren Fragen mit Rat und Tat zur Seite. Schreiben Sie einfach an\u00a0<a href=\"mailto:presse@murface.de\">presse@murface.de<\/a>\u00a0\u2013 wir freuen uns \u00fcber Ihre Anregungen oder stellen Ihnen f\u00fcr Ihre Pressemitteilungen nat\u00fcrlich auch gerne Bildmaterial zur Verf\u00fcgung.<\/p><p>Bitte loggen Sie sich mit Ihrem Benutzernamen und Passwort f\u00fcr den Pressebereich ein. Sie sind noch nicht registriert? Dann nutzen Sie bitte das unten stehendes Formular, um sich anzumelden. Wir senden Ihnen in K\u00fcrze Ihre Zugangsdaten an die von Ihnen genannte Mailadresse. Mit diesen haben Sie Zugriff auf den Pressebereich.<\/p><\/div><\/section><section class=\"presseAnmeldungSlice\" data-v-4f06b9fb=\"\"><div class=\"anmeldung\" data-v-4f06b9fb=\"\">\u00a0<\/div><\/section>\t\t\t\t\t\t\t\t<\/div>\n\t\t\t\t<\/div>\n\t\t\t\t<\/div>\n\t\t\t\t<\/div>\n\t\t","protected":false},"excerpt":{"rendered":"<p>Presse Willkommen im Presse- und Newsbereich! Hier halten wir Sie \u00fcber spannende Projekte, Produktinnovationen und bevorstehende Seminare\/Events auf dem Laufenden.\u00a0 Murface in der Presse In unserem Pressebereich halten wir Sie mit allen Pressemitteilungen und Neuigkeiten von MURFACE auf dem Laufenden. Unsere Abteilung Presse und \u00d6ffentlichkeitsarbeit steht Ihnen f\u00fcr alle weiteren Fragen mit Rat und Tat [&hellip;]<\/p>\n","protected":false},"author":1,"featured_media":0,"parent":0,"menu_order":0,"comment_status":"closed","ping_status":"closed","template":"","meta":{"inline_featured_image":false,"footnotes":""},"class_list":["post-1807","page","type-page","status-publish","hentry"],"jetpack_sharing_enabled":true,"_links":{"self":[{"href":"https:\/\/murface.com\/de\/wp-json\/wp\/v2\/pages\/1807","targetHints":{"allow":["GET"]}}],"collection":[{"href":"https:\/\/murface.com\/de\/wp-json\/wp\/v2\/pages"}],"about":[{"href":"https:\/\/murface.com\/de\/wp-json\/wp\/v2\/types\/page"}],"author":[{"embeddable":true,"href":"https:\/\/murface.com\/de\/wp-json\/wp\/v2\/users\/1"}],"replies":[{"embeddable":true,"href":"https:\/\/murface.com\/de\/wp-json\/wp\/v2\/comments?post=1807"}],"version-history":[{"count":4,"href":"https:\/\/murface.com\/de\/wp-json\/wp\/v2\/pages\/1807\/revisions"}],"predecessor-version":[{"id":1813,"href":"https:\/\/murface.com\/de\/wp-json\/wp\/v2\/pages\/1807\/revisions\/1813"}],"wp:attachment":[{"href":"https:\/\/murface.com\/de\/wp-json\/wp\/v2\/media?parent=1807"}],"curies":[{"name":"wp","href":"https:\/\/api.w.org\/{rel}","templated":true}]}}