{"id":2089,"date":"2025-02-21T16:02:39","date_gmt":"2025-02-21T15:02:39","guid":{"rendered":"https:\/\/murface.com\/?page_id=2089"},"modified":"2025-02-21T16:16:09","modified_gmt":"2025-02-21T15:16:09","slug":"mission-fugenfrei","status":"publish","type":"page","link":"https:\/\/murface.com\/de\/mission-fugenfrei\/","title":{"rendered":"Mission Fugenfrei"},"content":{"rendered":"\t\t<div data-elementor-type=\"wp-page\" data-elementor-id=\"2089\" class=\"elementor elementor-2089\" data-elementor-post-type=\"page\">\n\t\t\t\t<div class=\"elementor-element elementor-element-2f0812c e-flex e-con-boxed e-con e-parent\" data-id=\"2f0812c\" data-element_type=\"container\" data-e-type=\"container\">\n\t\t\t\t\t<div class=\"e-con-inner\">\n\t\t\t\t\t<\/div>\n\t\t\t\t<\/div>\n\t\t<div class=\"elementor-element elementor-element-e5b28e7 e-flex e-con-boxed e-con e-parent\" data-id=\"e5b28e7\" data-element_type=\"container\" data-e-type=\"container\">\n\t\t\t\t\t<div class=\"e-con-inner\">\n\t\t\t\t<div class=\"elementor-element elementor-element-13b6f16 elementor-widget elementor-widget-image\" data-id=\"13b6f16\" data-element_type=\"widget\" data-e-type=\"widget\" data-widget_type=\"image.default\">\n\t\t\t\t<div class=\"elementor-widget-container\">\n\t\t\t\t\t\t\t\t\t\t\t\t\t\t\t<img fetchpriority=\"high\" decoding=\"async\" width=\"744\" height=\"704\" src=\"https:\/\/murface.com\/wp-content\/uploads\/2025\/02\/mission-fugenfrei.png\" class=\"attachment-large size-large wp-image-2091\" alt=\"\" srcset=\"https:\/\/murface.com\/wp-content\/uploads\/2025\/02\/mission-fugenfrei.png 744w, https:\/\/murface.com\/wp-content\/uploads\/2025\/02\/mission-fugenfrei-300x284.png 300w, https:\/\/murface.com\/wp-content\/uploads\/2025\/02\/mission-fugenfrei-600x568.png 600w\" sizes=\"(max-width: 744px) 100vw, 744px\" \/>\t\t\t\t\t\t\t\t\t\t\t\t\t\t\t<\/div>\n\t\t\t\t<\/div>\n\t\t\t\t\t<\/div>\n\t\t\t\t<\/div>\n\t\t<div class=\"elementor-element elementor-element-fe62c54 video-element hidden e-flex e-con-boxed e-con e-parent\" data-id=\"fe62c54\" data-element_type=\"container\" data-e-type=\"container\" id=\"video2\">\n\t\t\t\t\t<div class=\"e-con-inner\">\n\t\t\t\t<div class=\"elementor-element elementor-element-e90a8a7 elementor-widget elementor-widget-video\" data-id=\"e90a8a7\" data-element_type=\"widget\" data-e-type=\"widget\" data-settings=\"{&quot;youtube_url&quot;:&quot;https:\\\/\\\/youtu.be\\\/eWN-k60e8RQ&quot;,&quot;video_type&quot;:&quot;youtube&quot;,&quot;controls&quot;:&quot;yes&quot;}\" data-widget_type=\"video.default\">\n\t\t\t\t<div class=\"elementor-widget-container\">\n\t\t\t\t\t\t\t<div class=\"elementor-wrapper elementor-open-inline\">\n\t\t\t<div class=\"elementor-video\"><\/div>\t\t<\/div>\n\t\t\t\t\t\t<\/div>\n\t\t\t\t<\/div>\n\t\t\t\t<div class=\"elementor-element elementor-element-bcd7df5 elementor-widget elementor-widget-text-editor\" data-id=\"bcd7df5\" data-element_type=\"widget\" data-e-type=\"widget\" data-widget_type=\"text-editor.default\">\n\t\t\t\t<div class=\"elementor-widget-container\">\n\t\t\t\t\t\t\t\t\t<h3>Murface Interview &#8211; Lutz Schwentker<\/h3>\t\t\t\t\t\t\t\t<\/div>\n\t\t\t\t<\/div>\n\t\t\t\t\t<\/div>\n\t\t\t\t<\/div>\n\t\t<div class=\"elementor-element elementor-element-997012f video-element hidden e-flex e-con-boxed e-con e-parent\" data-id=\"997012f\" data-element_type=\"container\" data-e-type=\"container\" id=\"video3\">\n\t\t\t\t\t<div class=\"e-con-inner\">\n\t\t\t\t<div class=\"elementor-element elementor-element-8a6ef73 elementor-widget elementor-widget-video\" data-id=\"8a6ef73\" data-element_type=\"widget\" data-e-type=\"widget\" data-settings=\"{&quot;youtube_url&quot;:&quot;https:\\\/\\\/youtu.be\\\/oaK8KYJDr7A&quot;,&quot;video_type&quot;:&quot;youtube&quot;,&quot;controls&quot;:&quot;yes&quot;}\" data-widget_type=\"video.default\">\n\t\t\t\t<div class=\"elementor-widget-container\">\n\t\t\t\t\t\t\t<div class=\"elementor-wrapper elementor-open-inline\">\n\t\t\t<div class=\"elementor-video\"><\/div>\t\t<\/div>\n\t\t\t\t\t\t<\/div>\n\t\t\t\t<\/div>\n\t\t\t\t<div class=\"elementor-element elementor-element-738c68c elementor-widget elementor-widget-text-editor\" data-id=\"738c68c\" data-element_type=\"widget\" data-e-type=\"widget\" data-widget_type=\"text-editor.default\">\n\t\t\t\t<div class=\"elementor-widget-container\">\n\t\t\t\t\t\t\t\t\t<h3>Murface Interview &#8211; Klaus Hu\u0308lsmann<\/h3>\t\t\t\t\t\t\t\t<\/div>\n\t\t\t\t<\/div>\n\t\t\t\t\t<\/div>\n\t\t\t\t<\/div>\n\t\t<div class=\"elementor-element elementor-element-7e68714a e-con-full murspace-box e-flex e-con e-parent\" data-id=\"7e68714a\" data-element_type=\"container\" data-e-type=\"container\" data-settings=\"{&quot;background_background&quot;:&quot;classic&quot;}\">\n\t\t<div class=\"elementor-element elementor-element-728f8cb1 e-con-full e-flex e-con e-child\" data-id=\"728f8cb1\" data-element_type=\"container\" data-e-type=\"container\" data-settings=\"{&quot;background_background&quot;:&quot;classic&quot;}\">\n\t\t\t\t<div class=\"elementor-element elementor-element-f80ab8b elementor-widget elementor-widget-text-editor\" data-id=\"f80ab8b\" data-element_type=\"widget\" data-e-type=\"widget\" data-widget_type=\"text-editor.default\">\n\t\t\t\t<div class=\"elementor-widget-container\">\n\t\t\t\t\t\t\t\t\t<h2>MISSION FUGENFREI<\/h2><div class=\"text\" data-v-11c0db11=\"\"><p>Mission Fugenfrei ist das Motto unserer Bewegung. Wir schaffen mit au\u00dfergew\u00f6hnlichen Produkten L\u00f6sungen f\u00fcr fugenfreie Oberfl\u00e4chen auf B\u00f6den, an W\u00e4nden und Decken in Wohn- und Gesch\u00e4ftsr\u00e4umen. Und tragen so dazu bei, dass neue Wohnkonzepte entstehen, die einem modernen Design mit h\u00f6chsten Anspr\u00fcchen an Funktion und \u00c4sthetik folgen. Sie sind auch Liebhaber fugenloser Oberfl\u00e4chen? Dann werden Sie Teil unserer Bewegung \u201eMission Fugenfrei\u201c. Bringen Sie Ihre Leidenschaft mit Aufklebern, Stickern, Buttons oder auch Textilien zum Ausdruck.<\/p><\/div>\t\t\t\t\t\t\t\t<\/div>\n\t\t\t\t<\/div>\n\t\t\t\t<div class=\"elementor-element elementor-element-3b515cce btn-read-more elementor-widget elementor-widget-button\" data-id=\"3b515cce\" data-element_type=\"widget\" data-e-type=\"widget\" data-widget_type=\"button.default\">\n\t\t\t\t<div class=\"elementor-widget-container\">\n\t\t\t\t\t\t\t\t\t<div class=\"elementor-button-wrapper\">\n\t\t\t\t\t<a class=\"elementor-button elementor-button-link elementor-size-sm\" href=\"#\">\n\t\t\t\t\t\t<span class=\"elementor-button-content-wrapper\">\n\t\t\t\t\t\t\t\t\t<span class=\"elementor-button-text\">Weiterlesen<\/span>\n\t\t\t\t\t<\/span>\n\t\t\t\t\t<\/a>\n\t\t\t\t<\/div>\n\t\t\t\t\t\t\t\t<\/div>\n\t\t\t\t<\/div>\n\t\t\t\t<\/div>\n\t\t<div class=\"elementor-element elementor-element-4bf85229 e-con-full e-flex e-con e-child\" data-id=\"4bf85229\" data-element_type=\"container\" data-e-type=\"container\" data-settings=\"{&quot;background_background&quot;:&quot;classic&quot;}\">\n\t\t\t\t<div class=\"elementor-element elementor-element-df518ea elementor-pagination-position-outside elementor-widget elementor-widget-image-carousel\" data-id=\"df518ea\" data-element_type=\"widget\" data-e-type=\"widget\" data-settings=\"{&quot;slides_to_show&quot;:&quot;1&quot;,&quot;navigation&quot;:&quot;dots&quot;,&quot;autoplay&quot;:&quot;yes&quot;,&quot;pause_on_hover&quot;:&quot;yes&quot;,&quot;pause_on_interaction&quot;:&quot;yes&quot;,&quot;autoplay_speed&quot;:5000,&quot;infinite&quot;:&quot;yes&quot;,&quot;effect&quot;:&quot;slide&quot;,&quot;speed&quot;:500}\" data-widget_type=\"image-carousel.default\">\n\t\t\t\t<div class=\"elementor-widget-container\">\n\t\t\t\t\t\t\t<div class=\"elementor-image-carousel-wrapper swiper\" role=\"region\" aria-roledescription=\"carousel\" aria-label=\"Bild Karussell\" dir=\"ltr\">\n\t\t\t<div class=\"elementor-image-carousel swiper-wrapper swiper-image-stretch\" aria-live=\"off\">\n\t\t\t\t\t\t\t\t<div class=\"swiper-slide\" role=\"group\" aria-roledescription=\"slide\" aria-label=\"1 von 4\"><figure class=\"swiper-slide-inner\"><img decoding=\"async\" class=\"swiper-slide-image\" src=\"https:\/\/murface.com\/wp-content\/uploads\/2025\/02\/fugenfrei2.avif\" alt=\"fugenfrei2\" \/><\/figure><\/div><div class=\"swiper-slide\" role=\"group\" aria-roledescription=\"slide\" aria-label=\"2 von 4\"><figure class=\"swiper-slide-inner\"><img decoding=\"async\" class=\"swiper-slide-image\" src=\"https:\/\/murface.com\/wp-content\/uploads\/2025\/02\/fugenfrei3.avif\" alt=\"fugenfrei3\" \/><\/figure><\/div><div class=\"swiper-slide\" role=\"group\" aria-roledescription=\"slide\" aria-label=\"3 von 4\"><figure class=\"swiper-slide-inner\"><img decoding=\"async\" class=\"swiper-slide-image\" src=\"https:\/\/murface.com\/wp-content\/uploads\/2025\/02\/fugenfrei4.avif\" alt=\"fugenfrei4\" \/><\/figure><\/div><div class=\"swiper-slide\" role=\"group\" aria-roledescription=\"slide\" aria-label=\"4 von 4\"><figure class=\"swiper-slide-inner\"><img decoding=\"async\" class=\"swiper-slide-image\" src=\"https:\/\/murface.com\/wp-content\/uploads\/2025\/02\/fugen5.png\" alt=\"fugen5\" \/><\/figure><\/div>\t\t\t<\/div>\n\t\t\t\t\t\t\t\n\t\t\t\t\t\t\t\t\t<div class=\"swiper-pagination\"><\/div>\n\t\t\t\t\t\t\t\t\t<\/div>\n\t\t\t\t\t\t<\/div>\n\t\t\t\t<\/div>\n\t\t\t\t<\/div>\n\t\t\t\t<\/div>\n\t\t<div class=\"elementor-element elementor-element-31f696d6 e-con-full murspace-box e-flex e-con e-parent\" data-id=\"31f696d6\" data-element_type=\"container\" data-e-type=\"container\" id=\"murspace-box-murspace\" data-settings=\"{&quot;background_background&quot;:&quot;classic&quot;}\">\n\t\t<div class=\"elementor-element elementor-element-431c8e2c e-con-full e-flex e-con e-child\" data-id=\"431c8e2c\" data-element_type=\"container\" data-e-type=\"container\" data-settings=\"{&quot;background_background&quot;:&quot;classic&quot;}\">\n\t\t\t\t<div class=\"elementor-element elementor-element-1b4eff4b murspace-box-image elementor-widget elementor-widget-image\" data-id=\"1b4eff4b\" data-element_type=\"widget\" data-e-type=\"widget\" data-widget_type=\"image.default\">\n\t\t\t\t<div class=\"elementor-widget-container\">\n\t\t\t\t\t\t\t\t\t\t\t\t\t\t\t<img decoding=\"async\" src=\"https:\/\/murface.com\/wp-content\/uploads\/elementor\/thumbs\/mission-fugenfrei-r1u61yj8rs6tk5zo9d3h1ro6g2j7t6hwvb0v5odpts.png\" title=\"mission-fugenfrei\" alt=\"mission-fugenfrei\" loading=\"lazy\" \/>\t\t\t\t\t\t\t\t\t\t\t\t\t\t\t<\/div>\n\t\t\t\t<\/div>\n\t\t\t\t<\/div>\n\t\t<div class=\"elementor-element elementor-element-ee64ac5 e-con-full e-flex e-con e-child\" data-id=\"ee64ac5\" data-element_type=\"container\" data-e-type=\"container\" data-settings=\"{&quot;background_background&quot;:&quot;classic&quot;}\">\n\t\t\t\t<div class=\"elementor-element elementor-element-14443287 elementor-widget elementor-widget-text-editor\" data-id=\"14443287\" data-element_type=\"widget\" data-e-type=\"widget\" data-widget_type=\"text-editor.default\">\n\t\t\t\t<div class=\"elementor-widget-container\">\n\t\t\t\t\t\t\t\t\t<h2>#missionfugenfrei<\/h2><div class=\"text\" data-v-11c0db11=\"\"><p>Gemeinsam mit unserem St\u00e4dtepartnern rocken wir diese anspruchsvolle Aufgabe. Aber auch jeder andere, der mindestens genau so viel Leidenschaft f\u00fcr fugenfreie Oberfl\u00e4chen, hochgradig \u00e4sthetisches Design und einen freien Geist hat ist eingeladen mitzumachen. #missionfugenfrei &#8211; bei insta oder auch bei facebook. Einfach treffsicher verschlagworten und Du bist dabei!<\/p><\/div>\t\t\t\t\t\t\t\t<\/div>\n\t\t\t\t<\/div>\n\t\t\t\t<div class=\"elementor-element elementor-element-23eec977 btn-read-more elementor-widget elementor-widget-button\" data-id=\"23eec977\" data-element_type=\"widget\" data-e-type=\"widget\" data-widget_type=\"button.default\">\n\t\t\t\t<div class=\"elementor-widget-container\">\n\t\t\t\t\t\t\t\t\t<div class=\"elementor-button-wrapper\">\n\t\t\t\t\t<a class=\"elementor-button elementor-button-link elementor-size-sm\" href=\"https:\/\/www.instagram.com\/murface_official\/\" target=\"_blank\">\n\t\t\t\t\t\t<span class=\"elementor-button-content-wrapper\">\n\t\t\t\t\t\t\t\t\t<span class=\"elementor-button-text\">zu Instagram<\/span>\n\t\t\t\t\t<\/span>\n\t\t\t\t\t<\/a>\n\t\t\t\t<\/div>\n\t\t\t\t\t\t\t\t<\/div>\n\t\t\t\t<\/div>\n\t\t\t\t<\/div>\n\t\t\t\t<\/div>\n\t\t\t\t<\/div>\n\t\t","protected":false},"excerpt":{"rendered":"<p>https:\/\/youtu.be\/eWN-k60e8RQ Murface Interview &#8211; Lutz Schwentker https:\/\/youtu.be\/oaK8KYJDr7A Murface Interview &#8211; Klaus Hu\u0308lsmann MISSION FUGENFREI Mission Fugenfrei ist das Motto unserer Bewegung. Wir schaffen mit au\u00dfergew\u00f6hnlichen Produkten L\u00f6sungen f\u00fcr fugenfreie Oberfl\u00e4chen auf B\u00f6den, an W\u00e4nden und Decken in Wohn- und Gesch\u00e4ftsr\u00e4umen. Und tragen so dazu bei, dass neue Wohnkonzepte entstehen, die einem modernen Design mit h\u00f6chsten [&hellip;]<\/p>\n","protected":false},"author":1,"featured_media":0,"parent":0,"menu_order":0,"comment_status":"closed","ping_status":"closed","template":"","meta":{"inline_featured_image":false,"footnotes":""},"class_list":["post-2089","page","type-page","status-publish","hentry"],"jetpack_sharing_enabled":true,"_links":{"self":[{"href":"https:\/\/murface.com\/de\/wp-json\/wp\/v2\/pages\/2089","targetHints":{"allow":["GET"]}}],"collection":[{"href":"https:\/\/murface.com\/de\/wp-json\/wp\/v2\/pages"}],"about":[{"href":"https:\/\/murface.com\/de\/wp-json\/wp\/v2\/types\/page"}],"author":[{"embeddable":true,"href":"https:\/\/murface.com\/de\/wp-json\/wp\/v2\/users\/1"}],"replies":[{"embeddable":true,"href":"https:\/\/murface.com\/de\/wp-json\/wp\/v2\/comments?post=2089"}],"version-history":[{"count":10,"href":"https:\/\/murface.com\/de\/wp-json\/wp\/v2\/pages\/2089\/revisions"}],"predecessor-version":[{"id":2108,"href":"https:\/\/murface.com\/de\/wp-json\/wp\/v2\/pages\/2089\/revisions\/2108"}],"wp:attachment":[{"href":"https:\/\/murface.com\/de\/wp-json\/wp\/v2\/media?parent=2089"}],"curies":[{"name":"wp","href":"https:\/\/api.w.org\/{rel}","templated":true}]}}