{"id":3679,"date":"2025-03-24T09:41:21","date_gmt":"2025-03-24T08:41:21","guid":{"rendered":"https:\/\/murface.com\/?page_id=3679"},"modified":"2025-03-24T15:45:13","modified_gmt":"2025-03-24T14:45:13","slug":"luechtenborg","status":"publish","type":"page","link":"https:\/\/murface.com\/de\/showroom-partner\/luechtenborg\/","title":{"rendered":"L\u00dcCHTENBORG"},"content":{"rendered":"\t\t<div data-elementor-type=\"wp-page\" data-elementor-id=\"3679\" class=\"elementor elementor-3679\" data-elementor-post-type=\"page\">\n\t\t\t\t<div class=\"elementor-element elementor-element-60659c9d e-grid e-con-boxed e-con e-parent\" data-id=\"60659c9d\" data-element_type=\"container\" data-e-type=\"container\" id=\"hero-intro\" data-settings=\"{&quot;background_background&quot;:&quot;classic&quot;,&quot;background_motion_fx_motion_fx_mouse&quot;:&quot;yes&quot;}\">\n\t\t\t\t\t<div class=\"e-con-inner\">\n\t\t\t\t<div class=\"elementor-element elementor-element-ceb5fc7 elementor-widget__width-initial elementor-widget elementor-widget-text-editor\" data-id=\"ceb5fc7\" data-element_type=\"widget\" data-e-type=\"widget\" data-widget_type=\"text-editor.default\">\n\t\t\t\t<div class=\"elementor-widget-container\">\n\t\t\t\t\t\t\t\t\t<img decoding=\"async\" style=\"width: 250px;\" src=\"\/wp-content\/uploads\/2025\/03\/luechtenborg-logo.avif\" \/>\n<h1 data-v-9ead72d2=\"\">L\u00fcchtenborg<\/h1>\n<div class=\"content\" data-v-9ead72d2=\"\">\n<div class=\"text\" data-v-9ead72d2=\"\">\n\nTextile Innenausstattung\n\n<\/div>\n<\/div>\t\t\t\t\t\t\t\t<\/div>\n\t\t\t\t<\/div>\n\t\t<div class=\"elementor-element elementor-element-7adca39 e-con-full elementor-hidden-tablet elementor-hidden-mobile e-flex e-con e-child\" data-id=\"7adca39\" data-element_type=\"container\" data-e-type=\"container\">\n\t\t\t\t<\/div>\n\t\t\t\t\t<\/div>\n\t\t\t\t<\/div>\n\t\t<div class=\"elementor-element elementor-element-23a44111 e-con-full e-flex e-con e-parent\" data-id=\"23a44111\" data-element_type=\"container\" data-e-type=\"container\">\n\t\t\t\t<div class=\"elementor-element elementor-element-225d2910 elementor-widget__width-inherit showroom-partner-intro elementor-widget elementor-widget-text-editor\" data-id=\"225d2910\" data-element_type=\"widget\" data-e-type=\"widget\" data-widget_type=\"text-editor.default\">\n\t\t\t\t<div class=\"elementor-widget-container\">\n\t\t\t\t\t\t\t\t\t<h2>L\u00dcCHTENBORG Textile Innenausstattung | Wohnkonzepte<\/h2><p>Zusammen mit seinem Team k\u00fcmmert Detlef L\u00fcchtenborg um die Gestaltung von R\u00e4umen in privaten Wohnungen oder H\u00e4usern und in gewerblichen oder \u00f6ffentlichen Objekten.<\/p><p>Kunden finden bei L\u00fcchtenborg alles, was ihre Wohn- oder Arbeitsr\u00e4ume sch\u00f6ner macht. Das Unternehmen ist von der Raumplanung bis zur Ausf\u00fchrung gerne f\u00fcr seine Kunden da. Der Raumausstatterbetrieb wurde 1994 gegr\u00fcndet.<\/p><p>1995 kam die Polsterwerkstatt dazu. Heute findet man die beiden Betriebe unter einem Dach in Rheda-Wiedenbr\u00fcck.<\/p><p>L\u00fcchtenborg steht f\u00fcr h\u00f6chste Kreativit\u00e4t, einzigartige Vielfalt und Handwerkskunst in Vollendung. Dabei ist es das ganz spezielle Wechselspiel von Tradition und Innovation was das Unternehmen auszeichnet. Mit viel Liebe zum Detail arbeiten sie f\u00fcr den Privat- und Objektbereich. Dabei beraten sie, planen und fertigen nach Kundenw\u00fcnschen und dem individuellen Bedarf.<\/p>\t\t\t\t\t\t\t\t<\/div>\n\t\t\t\t<\/div>\n\t\t\t\t<\/div>\n\t\t<div class=\"elementor-element elementor-element-5c890ed2 e-grid murface-icons e-con-boxed e-con e-parent\" data-id=\"5c890ed2\" data-element_type=\"container\" data-e-type=\"container\" data-settings=\"{&quot;background_background&quot;:&quot;classic&quot;}\">\n\t\t\t\t\t<div class=\"e-con-inner\">\n\t\t\t\t<div class=\"elementor-element elementor-element-404fb587 elementor-widget elementor-widget-image\" data-id=\"404fb587\" data-element_type=\"widget\" data-e-type=\"widget\" data-widget_type=\"image.default\">\n\t\t\t\t<div class=\"elementor-widget-container\">\n\t\t\t\t\t\t\t\t\t\t\t\t<figure class=\"wp-caption\">\n\t\t\t\t\t\t\t\t\t\t<img decoding=\"async\" src=\"https:\/\/murface.com\/wp-content\/uploads\/2025\/03\/empathie.avif\" title=\"empathie\" alt=\"empathie\" loading=\"lazy\" \/>\t\t\t\t\t\t\t\t\t\t\t<figcaption class=\"widget-image-caption wp-caption-text\"><strong>H\u00d6CHSTE KREATIVIT\u00c4T<\/strong>Bei L\u00dcCHTENBORG finden Kunden individuelle Ideen und L\u00f6sungen f\u00fcr ihren Wohnbereich. Das Team legt dabei gro\u00dfen Wert auf ein Wechselspiel von Tradition und Innovation. Alle Kunden werden vom Fachpersonal pers\u00f6nlich beraten<\/figcaption>\n\t\t\t\t\t\t\t\t\t\t<\/figure>\n\t\t\t\t\t\t\t\t\t<\/div>\n\t\t\t\t<\/div>\n\t\t\t\t<div class=\"elementor-element elementor-element-0999e40 elementor-widget elementor-widget-image\" data-id=\"0999e40\" data-element_type=\"widget\" data-e-type=\"widget\" data-widget_type=\"image.default\">\n\t\t\t\t<div class=\"elementor-widget-container\">\n\t\t\t\t\t\t\t\t\t\t\t\t<figure class=\"wp-caption\">\n\t\t\t\t\t\t\t\t\t\t<img decoding=\"async\" src=\"https:\/\/murface.com\/wp-content\/uploads\/2025\/03\/team.avif\" title=\"team\" alt=\"team\" loading=\"lazy\" \/>\t\t\t\t\t\t\t\t\t\t\t<figcaption class=\"widget-image-caption wp-caption-text\"><strong>EINZIGARTIGE VIELFALT<\/strong>Das Unternehmen bietet eine bereit Produktauswahl f\u00fcr die Innenausstattung. Von Dekorationsartikeln, Polstern, Teppichen und Tapeten bis hin zu Wandgestaltung und Sonnenschutz. Das breite Portfolio wird durch das Angebot an Wohnraumokonzepten erg\u00e4nzt.novation. Alle Kunden werden vom Fachpersonal pers\u00f6nlich beraten<\/figcaption>\n\t\t\t\t\t\t\t\t\t\t<\/figure>\n\t\t\t\t\t\t\t\t\t<\/div>\n\t\t\t\t<\/div>\n\t\t\t\t<div class=\"elementor-element elementor-element-3100150 elementor-widget elementor-widget-image\" data-id=\"3100150\" data-element_type=\"widget\" data-e-type=\"widget\" data-widget_type=\"image.default\">\n\t\t\t\t<div class=\"elementor-widget-container\">\n\t\t\t\t\t\t\t\t\t\t\t\t<figure class=\"wp-caption\">\n\t\t\t\t\t\t\t\t\t\t<img decoding=\"async\" src=\"https:\/\/murface.com\/wp-content\/uploads\/2025\/03\/handwerk.avif\" title=\"handwerk\" alt=\"handwerk\" loading=\"lazy\" \/>\t\t\t\t\t\t\t\t\t\t\t<figcaption class=\"widget-image-caption wp-caption-text\"><strong>HANDWERKSKUNST<\/strong>Bei L\u00dcCHTENBORG wird Handwerk gelebt. In der hauseigenen Werkstatt verstehen die Polsterer und N\u00e4herinnen ihr Handwerk. Sie fertigen M\u00f6bel an, polstern alte Sofas, St\u00fchle und Sessel auf und bieten einen N\u00e4h- und B\u00fcgelservice f\u00fcr Gardinen und Vorh\u00e4nge an.<\/figcaption>\n\t\t\t\t\t\t\t\t\t\t<\/figure>\n\t\t\t\t\t\t\t\t\t<\/div>\n\t\t\t\t<\/div>\n\t\t\t\t\t<\/div>\n\t\t\t\t<\/div>\n\t\t<div class=\"elementor-element elementor-element-53c65a5 e-con-full e-flex e-con e-parent\" data-id=\"53c65a5\" data-element_type=\"container\" data-e-type=\"container\">\n\t\t\t\t<div class=\"elementor-element elementor-element-6c660c97 elementor-widget__width-inherit elementor-widget elementor-widget-text-editor\" data-id=\"6c660c97\" data-element_type=\"widget\" data-e-type=\"widget\" data-widget_type=\"text-editor.default\">\n\t\t\t\t<div class=\"elementor-widget-container\">\n\t\t\t\t\t\t\t\t\t<h2>Unsere Referenzen<\/h2>\t\t\t\t\t\t\t\t<\/div>\n\t\t\t\t<\/div>\n\t\t\t\t<\/div>\n\t\t<div class=\"elementor-element elementor-element-84e965e e-flex e-con-boxed e-con e-parent\" data-id=\"84e965e\" data-element_type=\"container\" data-e-type=\"container\">\n\t\t\t\t\t<div class=\"e-con-inner\">\n\t\t\t\t<div class=\"elementor-element elementor-element-e293553 elementor-invisible elementor-widget elementor-widget-gallery\" data-id=\"e293553\" data-element_type=\"widget\" data-e-type=\"widget\" data-settings=\"{&quot;columns&quot;:3,&quot;_animation&quot;:&quot;fadeIn&quot;,&quot;lazyload&quot;:&quot;yes&quot;,&quot;gallery_layout&quot;:&quot;grid&quot;,&quot;columns_tablet&quot;:2,&quot;columns_mobile&quot;:1,&quot;gap&quot;:{&quot;unit&quot;:&quot;px&quot;,&quot;size&quot;:10,&quot;sizes&quot;:[]},&quot;gap_tablet&quot;:{&quot;unit&quot;:&quot;px&quot;,&quot;size&quot;:10,&quot;sizes&quot;:[]},&quot;gap_mobile&quot;:{&quot;unit&quot;:&quot;px&quot;,&quot;size&quot;:10,&quot;sizes&quot;:[]},&quot;aspect_ratio&quot;:&quot;3:2&quot;,&quot;overlay_background&quot;:&quot;yes&quot;,&quot;content_hover_animation&quot;:&quot;fade-in&quot;}\" data-widget_type=\"gallery.default\">\n\t\t\t\t<div class=\"elementor-widget-container\">\n\t\t\t\t\t\t\t<div class=\"elementor-gallery__container\">\n\t\t\t\t\t\t\t<div class=\"e-gallery-item elementor-gallery-item elementor-animated-content\">\n\t\t\t\t\t<div class=\"e-gallery-image elementor-gallery-item__image\" data-thumbnail=\"https:\/\/murface.com\/wp-content\/uploads\/2025\/03\/luechte2-300x200.avif\" data-width=\"300\" data-height=\"200\" aria-label=\"\" role=\"img\" ><\/div>\n\t\t\t\t\t\t\t\t\t\t\t<div class=\"elementor-gallery-item__overlay\"><\/div>\n\t\t\t\t\t\t\t\t\t\t\t\t\t\t<\/div>\n\t\t\t\t\t\t\t<div class=\"e-gallery-item elementor-gallery-item elementor-animated-content\">\n\t\t\t\t\t<div class=\"e-gallery-image elementor-gallery-item__image\" data-thumbnail=\"https:\/\/murface.com\/wp-content\/uploads\/2025\/03\/luechte3-300x200.avif\" data-width=\"300\" data-height=\"200\" aria-label=\"\" role=\"img\" ><\/div>\n\t\t\t\t\t\t\t\t\t\t\t<div class=\"elementor-gallery-item__overlay\"><\/div>\n\t\t\t\t\t\t\t\t\t\t\t\t\t\t<\/div>\n\t\t\t\t\t\t\t<div class=\"e-gallery-item elementor-gallery-item elementor-animated-content\">\n\t\t\t\t\t<div class=\"e-gallery-image elementor-gallery-item__image\" data-thumbnail=\"https:\/\/murface.com\/wp-content\/uploads\/2025\/03\/luechte4-300x200.avif\" data-width=\"300\" data-height=\"200\" aria-label=\"\" role=\"img\" ><\/div>\n\t\t\t\t\t\t\t\t\t\t\t<div class=\"elementor-gallery-item__overlay\"><\/div>\n\t\t\t\t\t\t\t\t\t\t\t\t\t\t<\/div>\n\t\t\t\t\t\t\t<div class=\"e-gallery-item elementor-gallery-item elementor-animated-content\">\n\t\t\t\t\t<div class=\"e-gallery-image elementor-gallery-item__image\" data-thumbnail=\"https:\/\/murface.com\/wp-content\/uploads\/2025\/03\/luechte5-300x200.avif\" data-width=\"300\" data-height=\"200\" aria-label=\"\" role=\"img\" ><\/div>\n\t\t\t\t\t\t\t\t\t\t\t<div class=\"elementor-gallery-item__overlay\"><\/div>\n\t\t\t\t\t\t\t\t\t\t\t\t\t\t<\/div>\n\t\t\t\t\t\t\t<div class=\"e-gallery-item elementor-gallery-item elementor-animated-content\">\n\t\t\t\t\t<div class=\"e-gallery-image elementor-gallery-item__image\" data-thumbnail=\"https:\/\/murface.com\/wp-content\/uploads\/2025\/03\/luechte6-300x200.avif\" data-width=\"300\" data-height=\"200\" aria-label=\"\" role=\"img\" ><\/div>\n\t\t\t\t\t\t\t\t\t\t\t<div class=\"elementor-gallery-item__overlay\"><\/div>\n\t\t\t\t\t\t\t\t\t\t\t\t\t\t<\/div>\n\t\t\t\t\t\t\t<div class=\"e-gallery-item elementor-gallery-item elementor-animated-content\">\n\t\t\t\t\t<div class=\"e-gallery-image elementor-gallery-item__image\" data-thumbnail=\"https:\/\/murface.com\/wp-content\/uploads\/2025\/03\/luechte7-300x200.avif\" data-width=\"300\" data-height=\"200\" aria-label=\"\" role=\"img\" ><\/div>\n\t\t\t\t\t\t\t\t\t\t\t<div class=\"elementor-gallery-item__overlay\"><\/div>\n\t\t\t\t\t\t\t\t\t\t\t\t\t\t<\/div>\n\t\t\t\t\t\t\t<div class=\"e-gallery-item elementor-gallery-item elementor-animated-content\">\n\t\t\t\t\t<div class=\"e-gallery-image elementor-gallery-item__image\" data-thumbnail=\"https:\/\/murface.com\/wp-content\/uploads\/2025\/03\/luechte8-300x200.avif\" data-width=\"300\" data-height=\"200\" aria-label=\"\" role=\"img\" ><\/div>\n\t\t\t\t\t\t\t\t\t\t\t<div class=\"elementor-gallery-item__overlay\"><\/div>\n\t\t\t\t\t\t\t\t\t\t\t\t\t\t<\/div>\n\t\t\t\t\t\t\t<div class=\"e-gallery-item elementor-gallery-item elementor-animated-content\">\n\t\t\t\t\t<div class=\"e-gallery-image elementor-gallery-item__image\" data-thumbnail=\"https:\/\/murface.com\/wp-content\/uploads\/2025\/03\/luechte9-300x200.avif\" data-width=\"300\" data-height=\"200\" aria-label=\"\" role=\"img\" ><\/div>\n\t\t\t\t\t\t\t\t\t\t\t<div class=\"elementor-gallery-item__overlay\"><\/div>\n\t\t\t\t\t\t\t\t\t\t\t\t\t\t<\/div>\n\t\t\t\t\t<\/div>\n\t\t\t\t\t<\/div>\n\t\t\t\t<\/div>\n\t\t\t\t\t<\/div>\n\t\t\t\t<\/div>\n\t\t<div class=\"elementor-element elementor-element-75737ae5 e-con-full e-flex e-con e-parent\" data-id=\"75737ae5\" data-element_type=\"container\" data-e-type=\"container\">\n\t\t\t\t<div class=\"elementor-element elementor-element-29dcaae elementor-widget__width-inherit elementor-widget elementor-widget-text-editor\" data-id=\"29dcaae\" data-element_type=\"widget\" data-e-type=\"widget\" data-widget_type=\"text-editor.default\">\n\t\t\t\t<div class=\"elementor-widget-container\">\n\t\t\t\t\t\t\t\t\t<h2>Jetzt Kontakt aufnehmen<\/h2>\t\t\t\t\t\t\t\t<\/div>\n\t\t\t\t<\/div>\n\t\t\t\t<\/div>\n\t\t<div class=\"elementor-element elementor-element-4be67a2 e-flex e-con-boxed e-con e-parent\" data-id=\"4be67a2\" data-element_type=\"container\" data-e-type=\"container\">\n\t\t\t\t\t<div class=\"e-con-inner\">\n\t\t\t\t<div class=\"elementor-element elementor-element-b1807ad elementor-widget elementor-widget-wpforms\" data-id=\"b1807ad\" data-element_type=\"widget\" data-e-type=\"widget\" data-widget_type=\"wpforms.default\">\n\t\t\t\t<div class=\"elementor-widget-container\">\n\t\t\t\t\t<div class=\"wpforms-container wpforms-container-full wpforms-render-modern\" id=\"wpforms-3349\"><form id=\"wpforms-form-3349\" class=\"wpforms-validate wpforms-form wpforms-ajax-form\" data-formid=\"3349\" method=\"post\" enctype=\"multipart\/form-data\" action=\"\/de\/wp-json\/wp\/v2\/pages\/3679\" data-token=\"1376c5760c26dcb78f959ec10196c5a3\" data-token-time=\"1775464360\"><noscript class=\"wpforms-error-noscript\">Bitte aktiviere JavaScript in deinem Browser, um dieses Formular fertigzustellen.<\/noscript><div id=\"wpforms-error-noscript\" style=\"display: none;\">Bitte aktiviere JavaScript in deinem Browser, um dieses Formular fertigzustellen.<\/div><div class=\"wpforms-field-container\">\t\t<div id=\"wpforms-3349-field_8-container\"\n\t\t\tclass=\"wpforms-field wpforms-field-text\"\n\t\t\tdata-field-type=\"text\"\n\t\t\tdata-field-id=\"8\"\n\t\t\t>\n\t\t\t<label class=\"wpforms-field-label\" for=\"wpforms-3349-field_8\" >Budget E-Mail-Adresse Nachricht<\/label>\n\t\t\t<input type=\"text\" id=\"wpforms-3349-field_8\" class=\"wpforms-field-medium\" name=\"wpforms[fields][8]\" >\n\t\t<\/div>\n\t\t<div id=\"wpforms-3349-field_1-container\" class=\"wpforms-field wpforms-field-text wpforms-one-half wpforms-first\" data-field-id=\"1\"><label class=\"wpforms-field-label wpforms-label-hide\" for=\"wpforms-3349-field_1\" aria-hidden=\"false\">Vorname<\/label><input type=\"text\" id=\"wpforms-3349-field_1\" class=\"wpforms-field-medium\" name=\"wpforms[fields][1]\" placeholder=\"Vorname\" aria-errormessage=\"wpforms-3349-field_1-error\" ><\/div><div id=\"wpforms-3349-field_2-container\" class=\"wpforms-field wpforms-field-text wpforms-one-half\" data-field-id=\"2\"><label class=\"wpforms-field-label wpforms-label-hide\" for=\"wpforms-3349-field_2\" aria-hidden=\"false\">Nachname<\/label><input type=\"text\" id=\"wpforms-3349-field_2\" class=\"wpforms-field-medium\" name=\"wpforms[fields][2]\" placeholder=\"Nachname\" aria-errormessage=\"wpforms-3349-field_2-error\" ><\/div><div id=\"wpforms-3349-field_3-container\" class=\"wpforms-field wpforms-field-text wpforms-one-half wpforms-first\" data-field-id=\"3\"><label class=\"wpforms-field-label wpforms-label-hide\" for=\"wpforms-3349-field_3\" aria-hidden=\"false\">Telefon<\/label><input type=\"text\" id=\"wpforms-3349-field_3\" class=\"wpforms-field-medium\" name=\"wpforms[fields][3]\" placeholder=\"Telefon\" aria-errormessage=\"wpforms-3349-field_3-error\" ><\/div><div id=\"wpforms-3349-field_4-container\" class=\"wpforms-field wpforms-field-text wpforms-one-half\" data-field-id=\"4\"><label class=\"wpforms-field-label wpforms-label-hide\" for=\"wpforms-3349-field_4\" aria-hidden=\"false\">Unternehmen<\/label><input type=\"text\" id=\"wpforms-3349-field_4\" class=\"wpforms-field-medium\" name=\"wpforms[fields][4]\" placeholder=\"Unternehmen\" aria-errormessage=\"wpforms-3349-field_4-error\" ><\/div><div id=\"wpforms-3349-field_5-container\" class=\"wpforms-field wpforms-field-email wpforms-one-half wpforms-first\" data-field-id=\"5\"><label class=\"wpforms-field-label wpforms-label-hide\" for=\"wpforms-3349-field_5\" aria-hidden=\"false\">E-Mail-Adresse <span class=\"wpforms-required-label\" aria-hidden=\"true\">*<\/span><\/label><input type=\"email\" id=\"wpforms-3349-field_5\" class=\"wpforms-field-medium wpforms-field-required\" name=\"wpforms[fields][5]\" placeholder=\"E-Mail-Adresse\" spellcheck=\"false\" aria-errormessage=\"wpforms-3349-field_5-error\" required><\/div><div id=\"wpforms-3349-field_6-container\" class=\"wpforms-field wpforms-field-text wpforms-one-half\" data-field-id=\"6\"><label class=\"wpforms-field-label wpforms-label-hide\" for=\"wpforms-3349-field_6\" aria-hidden=\"false\">Budget<\/label><input type=\"text\" id=\"wpforms-3349-field_6\" class=\"wpforms-field-medium\" name=\"wpforms[fields][6]\" placeholder=\"Budget\" aria-errormessage=\"wpforms-3349-field_6-error\" ><\/div><div id=\"wpforms-3349-field_7-container\" class=\"wpforms-field wpforms-field-textarea\" data-field-id=\"7\"><label class=\"wpforms-field-label wpforms-label-hide\" for=\"wpforms-3349-field_7\" aria-hidden=\"false\">Ihre Nachricht<\/label><textarea id=\"wpforms-3349-field_7\" class=\"wpforms-field-medium\" name=\"wpforms[fields][7]\" placeholder=\"Ihre Nachricht\" aria-errormessage=\"wpforms-3349-field_7-error\" ><\/textarea><\/div><script>\n\t\t\t\t( function() {\n\t\t\t\t\tconst style = document.createElement( 'style' );\n\t\t\t\t\tstyle.appendChild( document.createTextNode( '#wpforms-3349-field_8-container { position: absolute !important; overflow: hidden !important; display: inline !important; height: 1px !important; width: 1px !important; z-index: -1000 !important; padding: 0 !important; } #wpforms-3349-field_8-container input { visibility: hidden; } #wpforms-conversational-form-page #wpforms-3349-field_8-container label { counter-increment: none; }' ) );\n\t\t\t\t\tdocument.head.appendChild( style );\n\t\t\t\t\tdocument.currentScript?.remove();\n\t\t\t\t} )();\n\t\t\t<\/script><\/div><!-- .wpforms-field-container --><div class=\"wpforms-submit-container\" ><input type=\"hidden\" name=\"wpforms[id]\" value=\"3349\"><input type=\"hidden\" name=\"page_title\" value=\"\"><input type=\"hidden\" name=\"page_url\" value=\"https:\/\/murface.com\/de\/wp-json\/wp\/v2\/pages\/3679\"><input type=\"hidden\" name=\"url_referer\" value=\"\"><button type=\"submit\" name=\"wpforms[submit]\" id=\"wpforms-submit-3349\" class=\"wpforms-submit\" data-alt-text=\"Wird gesendet\u00a0\u2026\" data-submit-text=\"Absenden\" aria-live=\"assertive\" value=\"wpforms-submit\">Absenden<\/button><img decoding=\"async\" src=\"https:\/\/murface.com\/wp-content\/plugins\/wpforms-lite\/assets\/images\/submit-spin.svg\" class=\"wpforms-submit-spinner\" style=\"display: none;\" width=\"26\" height=\"26\" alt=\"Wird geladen\"><\/div><\/form><\/div>  <!-- .wpforms-container -->\t\t\t\t<\/div>\n\t\t\t\t<\/div>\n\t\t\t\t\t<\/div>\n\t\t\t\t<\/div>\n\t\t\t\t<\/div>\n\t\t","protected":false},"excerpt":{"rendered":"<p>L\u00fcchtenborg Textile Innenausstattung L\u00dcCHTENBORG Textile Innenausstattung | Wohnkonzepte Zusammen mit seinem Team k\u00fcmmert Detlef L\u00fcchtenborg um die Gestaltung von R\u00e4umen in privaten Wohnungen oder H\u00e4usern und in gewerblichen oder \u00f6ffentlichen Objekten. Kunden finden bei L\u00fcchtenborg alles, was ihre Wohn- oder Arbeitsr\u00e4ume sch\u00f6ner macht. Das Unternehmen ist von der Raumplanung bis zur Ausf\u00fchrung gerne f\u00fcr seine [&hellip;]<\/p>\n","protected":false},"author":1,"featured_media":0,"parent":2908,"menu_order":0,"comment_status":"closed","ping_status":"closed","template":"","meta":{"inline_featured_image":false,"footnotes":""},"class_list":["post-3679","page","type-page","status-publish","hentry"],"jetpack_sharing_enabled":true,"_links":{"self":[{"href":"https:\/\/murface.com\/de\/wp-json\/wp\/v2\/pages\/3679","targetHints":{"allow":["GET"]}}],"collection":[{"href":"https:\/\/murface.com\/de\/wp-json\/wp\/v2\/pages"}],"about":[{"href":"https:\/\/murface.com\/de\/wp-json\/wp\/v2\/types\/page"}],"author":[{"embeddable":true,"href":"https:\/\/murface.com\/de\/wp-json\/wp\/v2\/users\/1"}],"replies":[{"embeddable":true,"href":"https:\/\/murface.com\/de\/wp-json\/wp\/v2\/comments?post=3679"}],"version-history":[{"count":10,"href":"https:\/\/murface.com\/de\/wp-json\/wp\/v2\/pages\/3679\/revisions"}],"predecessor-version":[{"id":3702,"href":"https:\/\/murface.com\/de\/wp-json\/wp\/v2\/pages\/3679\/revisions\/3702"}],"up":[{"embeddable":true,"href":"https:\/\/murface.com\/de\/wp-json\/wp\/v2\/pages\/2908"}],"wp:attachment":[{"href":"https:\/\/murface.com\/de\/wp-json\/wp\/v2\/media?parent=3679"}],"curies":[{"name":"wp","href":"https:\/\/api.w.org\/{rel}","templated":true}]}}