{"id":414,"date":"2025-02-04T07:46:32","date_gmt":"2025-02-04T06:46:32","guid":{"rendered":"https:\/\/murface.com\/?page_id=414"},"modified":"2025-02-25T10:42:31","modified_gmt":"2025-02-25T09:42:31","slug":"leistungen","status":"publish","type":"page","link":"https:\/\/murface.com\/de\/leistungen\/","title":{"rendered":"Leistungen"},"content":{"rendered":"\t\t<div data-elementor-type=\"wp-page\" data-elementor-id=\"414\" class=\"elementor elementor-414\" data-elementor-post-type=\"page\">\n\t\t\t\t<div class=\"elementor-element elementor-element-2f0812c e-flex e-con-boxed e-con e-parent\" data-id=\"2f0812c\" data-element_type=\"container\" data-e-type=\"container\">\n\t\t\t\t\t<div class=\"e-con-inner\">\n\t\t\t\t\t<\/div>\n\t\t\t\t<\/div>\n\t\t<div class=\"elementor-element elementor-element-1125194b e-grid e-con-boxed elementor-invisible e-con e-parent\" data-id=\"1125194b\" data-element_type=\"container\" data-e-type=\"container\" id=\"hero-intro\" data-settings=\"{&quot;background_background&quot;:&quot;classic&quot;,&quot;background_motion_fx_motion_fx_mouse&quot;:&quot;yes&quot;,&quot;animation&quot;:&quot;fadeIn&quot;,&quot;animation_delay&quot;:500}\">\n\t\t\t\t\t<div class=\"e-con-inner\">\n\t\t\t\t<div class=\"elementor-element elementor-element-5685b963 elementor-widget__width-initial elementor-widget elementor-widget-text-editor\" data-id=\"5685b963\" data-element_type=\"widget\" data-e-type=\"widget\" data-widget_type=\"text-editor.default\">\n\t\t\t\t<div class=\"elementor-widget-container\">\n\t\t\t\t\t\t\t\t\t<h1 data-v-9ead72d2=\"\">Leistungen<\/h1><div class=\"text\" data-v-9ead72d2=\"\"><div class=\"content\" data-v-9ead72d2=\"\"><div class=\"text\" data-v-9ead72d2=\"\"><p>Offene R\u00e4ume in Kombination mit Materialien, die gegenseitig auf sich wirken und der Architektur Ihre Freiheit zur\u00fcckgeben. Und dabei stilistische Ungebundenheit schenken. Dies sind die Bausteine, aus denen Unikate in Form von Lebensr\u00e4umen entstehen, die das Lebensgef\u00fchl der Menschen verbessern. Das ist der Antrieb f\u00fcr unseren Leitsatz \u201efree your room\u201c, der sich in jedem Bereich wiederfindet.<\/p><\/div><\/div><\/div>\t\t\t\t\t\t\t\t<\/div>\n\t\t\t\t<\/div>\n\t\t<div class=\"elementor-element elementor-element-2660474 e-con-full elementor-hidden-tablet elementor-hidden-mobile e-flex e-con e-child\" data-id=\"2660474\" data-element_type=\"container\" data-e-type=\"container\">\n\t\t\t\t<\/div>\n\t\t\t\t\t<\/div>\n\t\t\t\t<\/div>\n\t\t<div class=\"elementor-element elementor-element-7ccdba2e e-con-full murspace-box e-flex e-con e-parent\" data-id=\"7ccdba2e\" data-element_type=\"container\" data-e-type=\"container\" id=\"murspace-box-murspace\" data-settings=\"{&quot;background_background&quot;:&quot;classic&quot;}\">\n\t\t<div class=\"elementor-element elementor-element-4d238e56 e-con-full e-flex e-con e-child\" data-id=\"4d238e56\" data-element_type=\"container\" data-e-type=\"container\" data-settings=\"{&quot;background_background&quot;:&quot;classic&quot;}\">\n\t\t\t\t<div class=\"elementor-element elementor-element-1503efe2 murspace-box-image elementor-invisible elementor-widget elementor-widget-image\" data-id=\"1503efe2\" data-element_type=\"widget\" data-e-type=\"widget\" data-settings=\"{&quot;motion_fx_motion_fx_scrolling&quot;:&quot;yes&quot;,&quot;_animation&quot;:&quot;fadeIn&quot;,&quot;_animation_delay&quot;:500,&quot;motion_fx_devices&quot;:[&quot;desktop&quot;,&quot;tablet&quot;,&quot;mobile&quot;]}\" data-widget_type=\"image.default\">\n\t\t\t\t<div class=\"elementor-widget-container\">\n\t\t\t\t\t\t\t\t\t\t\t\t\t\t\t<img decoding=\"async\" src=\"https:\/\/murface.com\/wp-content\/uploads\/elementor\/thumbs\/fugenloser-boden-r1axmbdte24ig0s76r3smo7mvxpouqhdaxf4equgao.avif\" title=\"fugenloser-boden\" alt=\"fugenloser-boden\" loading=\"lazy\" \/>\t\t\t\t\t\t\t\t\t\t\t\t\t\t\t<\/div>\n\t\t\t\t<\/div>\n\t\t\t\t<\/div>\n\t\t<div class=\"elementor-element elementor-element-18d23bac e-con-full e-flex e-con e-child\" data-id=\"18d23bac\" data-element_type=\"container\" data-e-type=\"container\" data-settings=\"{&quot;background_background&quot;:&quot;classic&quot;}\">\n\t\t\t\t<div class=\"elementor-element elementor-element-1107ca6f elementor-widget elementor-widget-text-editor\" data-id=\"1107ca6f\" data-element_type=\"widget\" data-e-type=\"widget\" data-widget_type=\"text-editor.default\">\n\t\t\t\t<div class=\"elementor-widget-container\">\n\t\t\t\t\t\t\t\t\t<h2>Fugenloser Boden<\/h2><div class=\"text\" data-v-11c0db11=\"\"><p>ZEITLOSER TREND. Fugenlose B\u00f6den erm\u00f6glichen au\u00dfergew\u00f6hnliche Wohnkonzepte. Sie \u00fcberzeugen nicht nur dadurch, dass sie glatte oder strukturierte Fl\u00e4chen erm\u00f6glichen, die sich ohne \u00dcberg\u00e4nge durch einen oder mehrere R\u00e4ume ziehen, sondern dass sie auch noch besonders langlebig und pflegeleicht sind. Nicht zuletzt deshalb werden sie schon seit vielen Jahren im Industriebereich eingesetzt.<\/p><\/div>\t\t\t\t\t\t\t\t<\/div>\n\t\t\t\t<\/div>\n\t\t\t\t<div class=\"elementor-element elementor-element-6250b6ec btn-read-more elementor-widget elementor-widget-button\" data-id=\"6250b6ec\" data-element_type=\"widget\" data-e-type=\"widget\" data-widget_type=\"button.default\">\n\t\t\t\t<div class=\"elementor-widget-container\">\n\t\t\t\t\t\t\t\t\t<div class=\"elementor-button-wrapper\">\n\t\t\t\t\t<a class=\"elementor-button elementor-button-link elementor-size-sm\" href=\"\/boden\">\n\t\t\t\t\t\t<span class=\"elementor-button-content-wrapper\">\n\t\t\t\t\t\t\t\t\t<span class=\"elementor-button-text\">Mehr erfahren<\/span>\n\t\t\t\t\t<\/span>\n\t\t\t\t\t<\/a>\n\t\t\t\t<\/div>\n\t\t\t\t\t\t\t\t<\/div>\n\t\t\t\t<\/div>\n\t\t\t\t<\/div>\n\t\t\t\t<\/div>\n\t\t<div class=\"elementor-element elementor-element-7e9ce035 e-con-full murspace-box e-flex e-con e-parent\" data-id=\"7e9ce035\" data-element_type=\"container\" data-e-type=\"container\" data-settings=\"{&quot;background_background&quot;:&quot;classic&quot;}\">\n\t\t<div class=\"elementor-element elementor-element-5fccb1a3 e-con-full e-flex e-con e-child\" data-id=\"5fccb1a3\" data-element_type=\"container\" data-e-type=\"container\" data-settings=\"{&quot;background_background&quot;:&quot;classic&quot;}\">\n\t\t\t\t<div class=\"elementor-element elementor-element-6a2ec78e elementor-widget elementor-widget-text-editor\" data-id=\"6a2ec78e\" data-element_type=\"widget\" data-e-type=\"widget\" data-widget_type=\"text-editor.default\">\n\t\t\t\t<div class=\"elementor-widget-container\">\n\t\t\t\t\t\t\t\t\t<h2>NASSZELLE WAR GESTERN<\/h2><p><strong> BADEN SIE IN DER ZUKUNFT<\/strong>. Zweckdienlich ist ja sch\u00f6n, aber bestimmt nicht \u00e4sthetisch. Wie w\u00e4re es mit der Kombination von beidem? Murface bietet alles, um Wohnraum mit Wellnesseigenschaften zu kreieren, K\u00f6rperpflege inklusive. Denn die zertifizierten Produkte geben Sicherheit und Vertrauen bei der Verarbeitung, bei l\u00e4ngster Haltbarkeit und Erfu\u0308llung h\u00f6chster hygienischer Standards.<\/p>\t\t\t\t\t\t\t\t<\/div>\n\t\t\t\t<\/div>\n\t\t\t\t<div class=\"elementor-element elementor-element-5e1f0026 btn-read-more elementor-widget elementor-widget-button\" data-id=\"5e1f0026\" data-element_type=\"widget\" data-e-type=\"widget\" data-widget_type=\"button.default\">\n\t\t\t\t<div class=\"elementor-widget-container\">\n\t\t\t\t\t\t\t\t\t<div class=\"elementor-button-wrapper\">\n\t\t\t\t\t<a class=\"elementor-button elementor-button-link elementor-size-sm\" href=\"\/badezimmer\">\n\t\t\t\t\t\t<span class=\"elementor-button-content-wrapper\">\n\t\t\t\t\t\t\t\t\t<span class=\"elementor-button-text\">Badezimmer<\/span>\n\t\t\t\t\t<\/span>\n\t\t\t\t\t<\/a>\n\t\t\t\t<\/div>\n\t\t\t\t\t\t\t\t<\/div>\n\t\t\t\t<\/div>\n\t\t\t\t<\/div>\n\t\t<div class=\"elementor-element elementor-element-773e2ea8 e-con-full e-flex e-con e-child\" data-id=\"773e2ea8\" data-element_type=\"container\" data-e-type=\"container\" data-settings=\"{&quot;background_background&quot;:&quot;classic&quot;}\">\n\t\t\t\t<div class=\"elementor-element elementor-element-46bbf5e2 murspace-box-image elementor-invisible elementor-widget elementor-widget-image\" data-id=\"46bbf5e2\" data-element_type=\"widget\" data-e-type=\"widget\" data-settings=\"{&quot;motion_fx_motion_fx_scrolling&quot;:&quot;yes&quot;,&quot;_animation&quot;:&quot;fadeIn&quot;,&quot;_animation_delay&quot;:500,&quot;motion_fx_devices&quot;:[&quot;desktop&quot;,&quot;tablet&quot;,&quot;mobile&quot;]}\" data-widget_type=\"image.default\">\n\t\t\t\t<div class=\"elementor-widget-container\">\n\t\t\t\t\t\t\t\t\t\t\t\t\t\t\t<img decoding=\"async\" src=\"https:\/\/murface.com\/wp-content\/uploads\/elementor\/thumbs\/nasszelle-r1axpi24juhhsg5ml4oa2v9vcy0gxt4mep0cyi4f7k.avif\" title=\"nasszelle\" alt=\"nasszelle\" loading=\"lazy\" \/>\t\t\t\t\t\t\t\t\t\t\t\t\t\t\t<\/div>\n\t\t\t\t<\/div>\n\t\t\t\t<\/div>\n\t\t\t\t<\/div>\n\t\t<div class=\"elementor-element elementor-element-2794e4b e-con-full murspace-box e-flex e-con e-parent\" data-id=\"2794e4b\" data-element_type=\"container\" data-e-type=\"container\" data-settings=\"{&quot;background_background&quot;:&quot;classic&quot;}\">\n\t\t<div class=\"elementor-element elementor-element-80f3a90 e-con-full e-flex e-con e-child\" data-id=\"80f3a90\" data-element_type=\"container\" data-e-type=\"container\" data-settings=\"{&quot;background_background&quot;:&quot;classic&quot;}\">\n\t\t\t\t<div class=\"elementor-element elementor-element-aa13f41 murspace-box-image elementor-invisible elementor-widget elementor-widget-image\" data-id=\"aa13f41\" data-element_type=\"widget\" data-e-type=\"widget\" data-settings=\"{&quot;motion_fx_motion_fx_scrolling&quot;:&quot;yes&quot;,&quot;_animation&quot;:&quot;fadeIn&quot;,&quot;_animation_delay&quot;:500,&quot;motion_fx_devices&quot;:[&quot;desktop&quot;,&quot;tablet&quot;,&quot;mobile&quot;]}\" data-widget_type=\"image.default\">\n\t\t\t\t<div class=\"elementor-widget-container\">\n\t\t\t\t\t\t\t\t\t\t\t\t\t\t\t<img decoding=\"async\" src=\"https:\/\/murface.com\/wp-content\/uploads\/elementor\/thumbs\/fugenlose-wand-scaled-r1axrm71xfdpwv318jl26u27h5l79aivp5uotwzj7k.avif\" title=\"fugenlose-wand\" alt=\"fugenlose-wand\" loading=\"lazy\" \/>\t\t\t\t\t\t\t\t\t\t\t\t\t\t\t<\/div>\n\t\t\t\t<\/div>\n\t\t\t\t<\/div>\n\t\t<div class=\"elementor-element elementor-element-0aee204 e-con-full e-flex e-con e-child\" data-id=\"0aee204\" data-element_type=\"container\" data-e-type=\"container\" data-settings=\"{&quot;background_background&quot;:&quot;classic&quot;}\">\n\t\t\t\t<div class=\"elementor-element elementor-element-78274bb elementor-widget elementor-widget-text-editor\" data-id=\"78274bb\" data-element_type=\"widget\" data-e-type=\"widget\" data-widget_type=\"text-editor.default\">\n\t\t\t\t<div class=\"elementor-widget-container\">\n\t\t\t\t\t\t\t\t\t<h2>Fugenlose Wand<\/h2><div class=\"text\" data-v-11c0db11=\"\"><p><strong>FUGENLOSE OBERFL\u00c4CHE.<\/strong> Ob in Wohn- oder Arbeitsr\u00e4umen, fugenlose W\u00e4nde verleihen jedem Raum einen einzigartigen Touch. Badezimmer oder K\u00fcchen k\u00f6nnen zu glatten W\u00e4nden umgestaltet werden, ohne dass die Fliesen abgeschlagen werden m\u00fcssen. Treppenaufg\u00e4nge, Schlaf- und Wohnr\u00e4ume oder auch B\u00fcros oder Konferenzr\u00e4ume k\u00f6nnen zu zeitlosen und kreativen R\u00e4umen geschaffen werden. Fugenlose W\u00e4nde sind zudem robust, pflegeleicht und UV-best\u00e4ndig.<\/p><\/div>\t\t\t\t\t\t\t\t<\/div>\n\t\t\t\t<\/div>\n\t\t\t\t<\/div>\n\t\t\t\t<\/div>\n\t\t<div class=\"elementor-element elementor-element-41f0a2d e-con-full murspace-box e-flex e-con e-parent\" data-id=\"41f0a2d\" data-element_type=\"container\" data-e-type=\"container\" data-settings=\"{&quot;background_background&quot;:&quot;classic&quot;}\">\n\t\t<div class=\"elementor-element elementor-element-7213241 e-con-full e-flex e-con e-child\" data-id=\"7213241\" data-element_type=\"container\" data-e-type=\"container\" data-settings=\"{&quot;background_background&quot;:&quot;classic&quot;}\">\n\t\t\t\t<div class=\"elementor-element elementor-element-e0764da elementor-widget elementor-widget-text-editor\" data-id=\"e0764da\" data-element_type=\"widget\" data-e-type=\"widget\" data-widget_type=\"text-editor.default\">\n\t\t\t\t<div class=\"elementor-widget-container\">\n\t\t\t\t\t\t\t\t\t<h2><strong style=\"font-family: -apple-system, BlinkMacSystemFont, 'Segoe UI', Roboto, 'Helvetica Neue', Arial, 'Noto Sans', sans-serif, 'Apple Color Emoji', 'Segoe UI Emoji', 'Segoe UI Symbol', 'Noto Color Emoji';\">Warum Murface<\/strong><\/h2><p>Offene R\u00e4ume in Kombination mit Materialien, die gegenseitig auf sich wirken und der Architektur Ihre Freiheit zur\u00fcckgeben. Und dabei stilistische Ungebundenheit schenken. Dies sind die Bausteine, aus denen Unikate in Form von Lebensr\u00e4umen entstehen, die das Lebensgef\u00fchl der Menschen verbessern. Dies sicherzustellen ist unsere Mission &#8211; weswegen wir als Hersteller, Komplett-Lieferant und Vermittler zwischen Endkunde und Handwerker (unseren Friends of Murface) f\u00fcr jede Form fugenfreier Oberfl\u00e4chen agieren. Dabei verbinden wir nicht nur Planer- oder Architekten mit uneingeschr\u00e4nkten Gestaltungsm\u00f6glichkeiten, sondern begeistern als Ideengeber Designer und Umsetzer auf ganzer Linie.<\/p>\t\t\t\t\t\t\t\t<\/div>\n\t\t\t\t<\/div>\n\t\t\t\t<div class=\"elementor-element elementor-element-78f635d btn-read-more elementor-widget elementor-widget-button\" data-id=\"78f635d\" data-element_type=\"widget\" data-e-type=\"widget\" data-widget_type=\"button.default\">\n\t\t\t\t<div class=\"elementor-widget-container\">\n\t\t\t\t\t\t\t\t\t<div class=\"elementor-button-wrapper\">\n\t\t\t\t\t<a class=\"elementor-button elementor-button-link elementor-size-sm\" href=\"\/ueber-murface\">\n\t\t\t\t\t\t<span class=\"elementor-button-content-wrapper\">\n\t\t\t\t\t\t\t\t\t<span class=\"elementor-button-text\">\u00dcber Murface<\/span>\n\t\t\t\t\t<\/span>\n\t\t\t\t\t<\/a>\n\t\t\t\t<\/div>\n\t\t\t\t\t\t\t\t<\/div>\n\t\t\t\t<\/div>\n\t\t\t\t<\/div>\n\t\t<div class=\"elementor-element elementor-element-a6ed7e7 e-con-full e-flex e-con e-child\" data-id=\"a6ed7e7\" data-element_type=\"container\" data-e-type=\"container\" data-settings=\"{&quot;background_background&quot;:&quot;classic&quot;}\">\n\t\t\t\t<div class=\"elementor-element elementor-element-5b2d770 murspace-box-image elementor-invisible elementor-widget elementor-widget-image\" data-id=\"5b2d770\" data-element_type=\"widget\" data-e-type=\"widget\" data-settings=\"{&quot;motion_fx_motion_fx_scrolling&quot;:&quot;yes&quot;,&quot;_animation&quot;:&quot;fadeIn&quot;,&quot;_animation_delay&quot;:500,&quot;motion_fx_devices&quot;:[&quot;desktop&quot;,&quot;tablet&quot;,&quot;mobile&quot;]}\" data-widget_type=\"image.default\">\n\t\t\t\t<div class=\"elementor-widget-container\">\n\t\t\t\t\t\t\t\t\t\t\t\t\t\t\t<img decoding=\"async\" src=\"https:\/\/murface.com\/wp-content\/uploads\/elementor\/thumbs\/warum-murface-r1axy1fcmo698xr5qbja87pllxxhuu0ukyc4vzgoow.avif\" title=\"warum-murface\" alt=\"warum-murface\" loading=\"lazy\" \/>\t\t\t\t\t\t\t\t\t\t\t\t\t\t\t<\/div>\n\t\t\t\t<\/div>\n\t\t\t\t<\/div>\n\t\t\t\t<\/div>\n\t\t\t\t<\/div>\n\t\t","protected":false},"excerpt":{"rendered":"<p>Leistungen Offene R\u00e4ume in Kombination mit Materialien, die gegenseitig auf sich wirken und der Architektur Ihre Freiheit zur\u00fcckgeben. Und dabei stilistische Ungebundenheit schenken. Dies sind die Bausteine, aus denen Unikate in Form von Lebensr\u00e4umen entstehen, die das Lebensgef\u00fchl der Menschen verbessern. Das ist der Antrieb f\u00fcr unseren Leitsatz \u201efree your room\u201c, der sich in jedem [&hellip;]<\/p>\n","protected":false},"author":1,"featured_media":0,"parent":0,"menu_order":0,"comment_status":"closed","ping_status":"closed","template":"","meta":{"inline_featured_image":false,"footnotes":""},"class_list":["post-414","page","type-page","status-publish","hentry"],"jetpack_sharing_enabled":true,"_links":{"self":[{"href":"https:\/\/murface.com\/de\/wp-json\/wp\/v2\/pages\/414","targetHints":{"allow":["GET"]}}],"collection":[{"href":"https:\/\/murface.com\/de\/wp-json\/wp\/v2\/pages"}],"about":[{"href":"https:\/\/murface.com\/de\/wp-json\/wp\/v2\/types\/page"}],"author":[{"embeddable":true,"href":"https:\/\/murface.com\/de\/wp-json\/wp\/v2\/users\/1"}],"replies":[{"embeddable":true,"href":"https:\/\/murface.com\/de\/wp-json\/wp\/v2\/comments?post=414"}],"version-history":[{"count":10,"href":"https:\/\/murface.com\/de\/wp-json\/wp\/v2\/pages\/414\/revisions"}],"predecessor-version":[{"id":2298,"href":"https:\/\/murface.com\/de\/wp-json\/wp\/v2\/pages\/414\/revisions\/2298"}],"wp:attachment":[{"href":"https:\/\/murface.com\/de\/wp-json\/wp\/v2\/media?parent=414"}],"curies":[{"name":"wp","href":"https:\/\/api.w.org\/{rel}","templated":true}]}}