{"id":46,"date":"2025-01-08T11:51:57","date_gmt":"2025-01-08T10:51:57","guid":{"rendered":"https:\/\/murface.com\/?page_id=46"},"modified":"2026-01-06T16:17:23","modified_gmt":"2026-01-06T15:17:23","slug":"workshops","status":"publish","type":"page","link":"https:\/\/murface.com\/de\/workshops\/","title":{"rendered":"Workshops"},"content":{"rendered":"\t\t<div data-elementor-type=\"wp-page\" data-elementor-id=\"46\" class=\"elementor elementor-46\" data-elementor-post-type=\"page\">\n\t\t\t\t<div class=\"elementor-element elementor-element-7e416928 e-grid e-con-boxed elementor-invisible e-con e-parent\" data-id=\"7e416928\" data-element_type=\"container\" data-e-type=\"container\" id=\"hero-intro\" data-settings=\"{&quot;background_background&quot;:&quot;classic&quot;,&quot;background_motion_fx_motion_fx_mouse&quot;:&quot;yes&quot;,&quot;animation&quot;:&quot;fadeIn&quot;,&quot;animation_delay&quot;:500}\">\n\t\t\t\t\t<div class=\"e-con-inner\">\n\t\t\t\t<div class=\"elementor-element elementor-element-293a5088 elementor-widget__width-initial elementor-widget elementor-widget-text-editor\" data-id=\"293a5088\" data-element_type=\"widget\" data-e-type=\"widget\" data-widget_type=\"text-editor.default\">\n\t\t\t\t<div class=\"elementor-widget-container\">\n\t\t\t\t\t\t\t\t\t<h1 data-v-9ead72d2=\"\">WORKSHOPS<\/h1><div class=\"text\" data-v-9ead72d2=\"\"><p><strong>BESTE PRODUKTE, MASSIV VIEL HANDWERK \u2013 UND EINE GUTE PRISE KUNST.<br \/><\/strong> Freiheit hei\u00dft auch, dass du immer besser im Improvisieren und Individualisieren wirst. Daher bieten wir dir und deinem Team regelm\u00e4\u00dfig Schulungen, um unsere gemeinsamen Ergebnisse zu perfektionieren.<\/p><\/div>\t\t\t\t\t\t\t\t<\/div>\n\t\t\t\t<\/div>\n\t\t<div class=\"elementor-element elementor-element-5b47b4d9 e-con-full elementor-hidden-tablet elementor-hidden-mobile e-flex e-con e-child\" data-id=\"5b47b4d9\" data-element_type=\"container\" data-e-type=\"container\">\n\t\t\t\t<\/div>\n\t\t\t\t\t<\/div>\n\t\t\t\t<\/div>\n\t\t<div class=\"elementor-element elementor-element-61d5c9c8 e-con-full e-flex e-con e-parent\" data-id=\"61d5c9c8\" data-element_type=\"container\" data-e-type=\"container\">\n\t\t\t\t<div class=\"elementor-element elementor-element-1c61682c elementor-widget__width-inherit elementor-widget elementor-widget-text-editor\" data-id=\"1c61682c\" data-element_type=\"widget\" data-e-type=\"widget\" data-widget_type=\"text-editor.default\">\n\t\t\t\t<div class=\"elementor-widget-container\">\n\t\t\t\t\t\t\t\t\t<h2 style=\"font-size: 3rem;\">UNSER AUFTRAG: ZUSAMMEN ZU DEN BESTEN DER BESTEN WERDEN.<\/h2><p><em>Wenn es doch einmal \u00fcber den ohnehin schon ungew\u00f6hnlich hohen Standard hinausgehen soll, sind unsere Schulungen in der Murface Academy genau das richtige. Denn hier wird von uns und unseren Industriepartnern alles rund um die neuesten Innovationen und Verarbeitungstechniken vermittelt.<\/em><\/p>\t\t\t\t\t\t\t\t<\/div>\n\t\t\t\t<\/div>\n\t\t\t\t<\/div>\n\t\t<div class=\"elementor-element elementor-element-577702cd e-con-full murspace-box e-flex e-con e-parent\" data-id=\"577702cd\" data-element_type=\"container\" data-e-type=\"container\" data-settings=\"{&quot;background_background&quot;:&quot;classic&quot;}\">\n\t\t<div class=\"elementor-element elementor-element-3086c1ac e-con-full e-flex e-con e-child\" data-id=\"3086c1ac\" data-element_type=\"container\" data-e-type=\"container\" data-settings=\"{&quot;background_background&quot;:&quot;classic&quot;}\">\n\t\t\t\t<div class=\"elementor-element elementor-element-ec30869 elementor-widget__width-initial elementor-widget elementor-widget-text-editor\" data-id=\"ec30869\" data-element_type=\"widget\" data-e-type=\"widget\" data-widget_type=\"text-editor.default\">\n\t\t\t\t<div class=\"elementor-widget-container\">\n\t\t\t\t\t\t\t\t\t<h2>Unsere Workshops<\/h2><div class=\"text\" data-v-11c0db11=\"\"><ol><li><strong>GET TO KNOW | Basis-Workshop\u00a0<br \/><\/strong>Hier lernst du alles, was du f\u00fcr den ersten \u00dcberblick brauchst: Untergrund, Aufbau, Oberfl\u00e4chengestaltung und ein einfaches Finish. Locker erkl\u00e4rt und direkt ausprobiert!<\/li><li><b>DETAILS &amp; MORE | Technik-Workshop<\/b><br \/>Wir starten bei Untergrund und Abdichtung und du lernst, wie du Ecken, Nischen und Schattenfugen sauber ausbildest. Du gestaltest perfekte Oberfl\u00e4chen und gibst ihnen ein starkes Finish.<\/li><li><strong>POWDER &amp; PASTE | Kreativ-Workshop<\/strong><br \/>Nach dem Einstieg in Vorbereitung und Aufbau entdeckst du die kreativen M\u00f6glichkeiten von MurStone, Muslime und Mono. Jede Oberfl\u00e4che wirkt anders \u2013 und du probierst sie direkt aus.<\/li><li><strong>METAL &amp; PRINT | Kreativ-Workshop<\/strong><br \/>Wir arbeiten hands-on mit MurMetal und MurPrint und zeigen dir, wie viel Ausdruck in den beiden Techniken steckt. Du testest live, was die Looks k\u00f6nnen und wie unterschiedlich sie wirken.<\/li><li><strong>FLOOR &amp; MORE | Boden-Workshop<\/strong><br \/>Du lernst die Basics rund um unsere dekorativen Gussmassen ArchiPur und ConcreteFlow. Klassische Betonoptik oder Terrazzi \u2013 wir testen beide Varianten gemeinsam.<br \/><br \/><\/li><\/ol><h5><strong>Alle Details zu den einzelnen Workshops findest du in unserer Workshop-Brosch\u00fcre und weiter unten mitsamt der M\u00f6glichkeit zu Buchungen.<\/strong><\/h5><\/div>\t\t\t\t\t\t\t\t<\/div>\n\t\t\t\t<\/div>\n\t\t\t\t<div class=\"elementor-element elementor-element-08fa7b6 elementor-widget elementor-widget-button\" data-id=\"08fa7b6\" data-element_type=\"widget\" data-e-type=\"widget\" data-widget_type=\"button.default\">\n\t\t\t\t<div class=\"elementor-widget-container\">\n\t\t\t\t\t\t\t\t\t<div class=\"elementor-button-wrapper\">\n\t\t\t\t\t<a class=\"elementor-button elementor-button-link elementor-size-sm\" href=\"https:\/\/murface.com\/wp-content\/uploads\/2026\/01\/DE_MF-Academy_2026.pdf\" target=\"_blank\">\n\t\t\t\t\t\t<span class=\"elementor-button-content-wrapper\">\n\t\t\t\t\t\t\t\t\t<span class=\"elementor-button-text\">ZUM WORKSHOP-FLYER<\/span>\n\t\t\t\t\t<\/span>\n\t\t\t\t\t<\/a>\n\t\t\t\t<\/div>\n\t\t\t\t\t\t\t\t<\/div>\n\t\t\t\t<\/div>\n\t\t\t\t<\/div>\n\t\t\t\t<div class=\"elementor-element elementor-element-2b91e73 elementor-widget elementor-widget-image\" data-id=\"2b91e73\" data-element_type=\"widget\" data-e-type=\"widget\" data-widget_type=\"image.default\">\n\t\t\t\t<div class=\"elementor-widget-container\">\n\t\t\t\t\t\t\t\t\t\t\t\t\t\t\t<img fetchpriority=\"high\" decoding=\"async\" width=\"768\" height=\"1024\" src=\"https:\/\/murface.com\/wp-content\/uploads\/2025\/02\/workshop-768x1024.jpg\" class=\"attachment-large size-large wp-image-2330\" alt=\"\" srcset=\"https:\/\/murface.com\/wp-content\/uploads\/2025\/02\/workshop-768x1024.jpg 768w, https:\/\/murface.com\/wp-content\/uploads\/2025\/02\/workshop-225x300.jpg 225w, https:\/\/murface.com\/wp-content\/uploads\/2025\/02\/workshop-1152x1536.jpg 1152w, https:\/\/murface.com\/wp-content\/uploads\/2025\/02\/workshop-1536x2048.jpg 1536w, https:\/\/murface.com\/wp-content\/uploads\/2025\/02\/workshop-600x800.jpg 600w, https:\/\/murface.com\/wp-content\/uploads\/2025\/02\/workshop-scaled.jpg 1920w\" sizes=\"(max-width: 768px) 100vw, 768px\" \/>\t\t\t\t\t\t\t\t\t\t\t\t\t\t\t<\/div>\n\t\t\t\t<\/div>\n\t\t\t\t<\/div>\n\t\t<div class=\"elementor-element elementor-element-413f6d7 e-flex e-con-boxed e-con e-parent\" data-id=\"413f6d7\" data-element_type=\"container\" data-e-type=\"container\">\n\t\t\t\t\t<div class=\"e-con-inner\">\n\t\t\t\t<div class=\"elementor-element elementor-element-8f0c0e8 elementor-widget elementor-widget-ameliaeventslistbooking\" data-id=\"8f0c0e8\" data-element_type=\"widget\" data-e-type=\"widget\" data-widget_type=\"ameliaeventslistbooking.default\">\n\t\t\t\t<div class=\"elementor-widget-container\">\n\t\t\t\t\t<script>\n  if (typeof hasAmeliaEvent === 'undefined') {\n    var hasAmeliaEvent = true;\n  }\n  if (typeof hasEventApiCall === 'undefined' && ('' === '' && '' !== '1')) {\n    var hasEventApiCall = true;\n  }\n  var hasEventShortcode = (typeof hasEventShortcode === 'undefined') ? false : true;\n  var ameliaShortcodeData = (typeof ameliaShortcodeData === 'undefined') ? [] : ameliaShortcodeData;\n  ameliaShortcodeData.push(\n    {\n      'hasApiCall': (typeof hasEventApiCall !== 'undefined') && hasEventApiCall,\n      'trigger': '',\n      'trigger_type': '',\n      'triggered_form': 'elf',\n      'in_dialog': '',\n      'counter': '1000',\n      'employee': '',\n      'eventId': '',\n      'eventRecurring': 0,\n      'eventTag': \"\",\n      'locationId': \"\"\n    }\n  );\n  var ameliaShortcodeDataTriggered = (typeof ameliaShortcodeDataTriggered === 'undefined') ? [] : ameliaShortcodeDataTriggered;\n  if (ameliaShortcodeData[ameliaShortcodeData.length - 1].trigger !== '') {\n    if (ameliaShortcodeDataTriggered.filter(a => a.counter === ameliaShortcodeData[ameliaShortcodeData.length - 1].counter).length === 0) {\n      ameliaShortcodeDataTriggered.push(ameliaShortcodeData.pop());\n    } else {\n      ameliaShortcodeData.pop()\n    }\n  }\n  if (typeof hasEventApiCall !== 'undefined' && hasEventApiCall) {\n    hasEventApiCall = false;\n  }\n<\/script>\n\n<div\n  id=\"amelia-v2-booking-1000\"\n  class=\"amelia-v2-booking\"\n>\n    <events-list-form-wrapper><\/div>\n\t\t\t\t<\/div>\n\t\t\t\t<\/div>\n\t\t\t\t\t<\/div>\n\t\t\t\t<\/div>\n\t\t\t\t<\/div>\n\t\t","protected":false},"excerpt":{"rendered":"<p>WORKSHOPS BESTE PRODUKTE, MASSIV VIEL HANDWERK \u2013 UND EINE GUTE PRISE KUNST. Freiheit hei\u00dft auch, dass du immer besser im Improvisieren und Individualisieren wirst. Daher bieten wir dir und deinem Team regelm\u00e4\u00dfig Schulungen, um unsere gemeinsamen Ergebnisse zu perfektionieren. UNSER AUFTRAG: ZUSAMMEN ZU DEN BESTEN DER BESTEN WERDEN. Wenn es doch einmal \u00fcber den ohnehin [&hellip;]<\/p>\n","protected":false},"author":1,"featured_media":0,"parent":0,"menu_order":0,"comment_status":"closed","ping_status":"closed","template":"","meta":{"inline_featured_image":false,"footnotes":""},"class_list":["post-46","page","type-page","status-publish","hentry"],"jetpack_sharing_enabled":true,"_links":{"self":[{"href":"https:\/\/murface.com\/de\/wp-json\/wp\/v2\/pages\/46","targetHints":{"allow":["GET"]}}],"collection":[{"href":"https:\/\/murface.com\/de\/wp-json\/wp\/v2\/pages"}],"about":[{"href":"https:\/\/murface.com\/de\/wp-json\/wp\/v2\/types\/page"}],"author":[{"embeddable":true,"href":"https:\/\/murface.com\/de\/wp-json\/wp\/v2\/users\/1"}],"replies":[{"embeddable":true,"href":"https:\/\/murface.com\/de\/wp-json\/wp\/v2\/comments?post=46"}],"version-history":[{"count":10,"href":"https:\/\/murface.com\/de\/wp-json\/wp\/v2\/pages\/46\/revisions"}],"predecessor-version":[{"id":5556,"href":"https:\/\/murface.com\/de\/wp-json\/wp\/v2\/pages\/46\/revisions\/5556"}],"wp:attachment":[{"href":"https:\/\/murface.com\/de\/wp-json\/wp\/v2\/media?parent=46"}],"curies":[{"name":"wp","href":"https:\/\/api.w.org\/{rel}","templated":true}]}}