{"id":50,"date":"2025-01-08T11:52:22","date_gmt":"2025-01-08T10:52:22","guid":{"rendered":"https:\/\/murface.com\/?page_id=50"},"modified":"2025-02-25T21:25:32","modified_gmt":"2025-02-25T20:25:32","slug":"jobs","status":"publish","type":"page","link":"https:\/\/murface.com\/de\/jobs\/","title":{"rendered":"Jobs"},"content":{"rendered":"\t\t<div data-elementor-type=\"wp-page\" data-elementor-id=\"50\" class=\"elementor elementor-50\" data-elementor-post-type=\"page\">\n\t\t\t\t<div class=\"elementor-element elementor-element-6d66b9c1 e-grid e-con-boxed elementor-invisible e-con e-parent\" data-id=\"6d66b9c1\" data-element_type=\"container\" data-e-type=\"container\" id=\"hero-intro\" data-settings=\"{&quot;background_background&quot;:&quot;classic&quot;,&quot;background_motion_fx_motion_fx_mouse&quot;:&quot;yes&quot;,&quot;animation&quot;:&quot;fadeIn&quot;,&quot;animation_delay&quot;:500}\">\n\t\t\t\t\t<div class=\"e-con-inner\">\n\t\t\t\t<div class=\"elementor-element elementor-element-886e8ec elementor-widget__width-initial elementor-widget elementor-widget-text-editor\" data-id=\"886e8ec\" data-element_type=\"widget\" data-e-type=\"widget\" data-widget_type=\"text-editor.default\">\n\t\t\t\t<div class=\"elementor-widget-container\">\n\t\t\t\t\t\t\t\t\t<h1 data-v-9ead72d2=\"\">Jobs<\/h1><div class=\"text\" data-v-9ead72d2=\"\"><p>Zeitgen\u00f6ssische Architektur erfordert Einzigartigkeit, Kreativit\u00e4t, Leidenschaft, Bewusstsein, Perfektion und Nachhaltigkeit. Unser Beitrag zu dieser Bewegung ist ein Konzept mit au\u00dfergew\u00f6hnlichen Produkten. Was soll Dein Beitrag sein?<\/p><\/div>\t\t\t\t\t\t\t\t<\/div>\n\t\t\t\t<\/div>\n\t\t<div class=\"elementor-element elementor-element-52e3cfab e-con-full elementor-hidden-tablet elementor-hidden-mobile e-flex e-con e-child\" data-id=\"52e3cfab\" data-element_type=\"container\" data-e-type=\"container\">\n\t\t\t\t<\/div>\n\t\t\t\t\t<\/div>\n\t\t\t\t<\/div>\n\t\t<div class=\"elementor-element elementor-element-6187d52e e-con-full e-flex e-con e-parent\" data-id=\"6187d52e\" data-element_type=\"container\" data-e-type=\"container\">\n\t\t\t\t<div class=\"elementor-element elementor-element-7fd5ad33 elementor-widget__width-inherit elementor-widget elementor-widget-text-editor\" data-id=\"7fd5ad33\" data-element_type=\"widget\" data-e-type=\"widget\" data-widget_type=\"text-editor.default\">\n\t\t\t\t<div class=\"elementor-widget-container\">\n\t\t\t\t\t\t\t\t\t<h2>Jobs<\/h2>\t\t\t\t\t\t\t\t<\/div>\n\t\t\t\t<\/div>\n\t\t\t\t<\/div>\n\t\t<div class=\"elementor-element elementor-element-500ef433 e-con-full murface-jobs e-flex e-con e-parent\" data-id=\"500ef433\" data-element_type=\"container\" data-e-type=\"container\" data-settings=\"{&quot;background_background&quot;:&quot;classic&quot;}\">\n\t\t<div class=\"elementor-element elementor-element-edb0389 e-con-full e-flex e-con e-child\" data-id=\"edb0389\" data-element_type=\"container\" data-e-type=\"container\" data-settings=\"{&quot;background_background&quot;:&quot;classic&quot;}\">\n\t\t\t\t<div class=\"elementor-element elementor-element-1c39b72 jobs1-short elementor-widget elementor-widget-text-editor\" data-id=\"1c39b72\" data-element_type=\"widget\" data-e-type=\"widget\" data-widget_type=\"text-editor.default\">\n\t\t\t\t<div class=\"elementor-widget-container\">\n\t\t\t\t\t\t\t\t\t<div class=\"jobHeadRow\" data-v-1197531e=\"\"><h3 class=\"jobTitle\">Mitarbeiter Partnermanagement \/ Kundenbetreuung (m\/w\/d)<\/h3><p><span class=\"jobTime\" data-v-1197531e=\"\">Teilzeit<\/span><\/p><\/div><div class=\"shortContent\" data-v-1197531e=\"\"><div class=\"description\" data-v-1197531e=\"\"><div data-v-1197531e=\"\"><p>Wir suchen zur Erweiterung unseres Teams eine\/n Kollegen\/in (m\/w\/d) mit Berufserfahrung f\u00fcr unser Partnermanagement.<\/p><\/div><\/div><div class=\"toggle\" data-v-1197531e=\"\"><img decoding=\"async\" src=\"data:image\/svg+xml;base64,PHN2ZyB4bWxucz0iaHR0cDovL3d3dy53My5vcmcvMjAwMC9zdmciIHZpZXdCb3g9IjAgMCAzOS43NyAzOC42MSI+PGRlZnM+PHN0eWxlPi5jbHMtMXtmaWxsOm5vbmU7c3Ryb2tlOiMwMDA7c3Ryb2tlLWxpbmVjYXA6c3F1YXJlO3N0cm9rZS1taXRlcmxpbWl0OjEwO3N0cm9rZS13aWR0aDozcHg7fTwvc3R5bGU+PC9kZWZzPjxnIGlkPSJFYmVuZV8yIiBkYXRhLW5hbWU9IkViZW5lIDIiPjxnIGlkPSJFYmVuZV8xLTIiIGRhdGEtbmFtZT0iRWJlbmUgMSI+PGcgaWQ9Ikdyb3VwXzYiIGRhdGEtbmFtZT0iR3JvdXAgNiI+PHBhdGggaWQ9IlBhdGhfNCIgZGF0YS1uYW1lPSJQYXRoIDQiIGNsYXNzPSJjbHMtMSIgZD0iTTM4LjI3LDEuNVYzNy4xMUgxLjUiLz48cGF0aCBpZD0iUGF0aF81IiBkYXRhLW5hbWU9IlBhdGggNSIgY2xhc3M9ImNscy0xIiBkPSJNMzUuNTksMzQuNTIsNS4yMSw0LjE0Ii8+PC9nPjwvZz48L2c+PC9zdmc+\" alt=\"\" data-v-1197531e=\"\" \/><\/div><\/div>\t\t\t\t\t\t\t\t<\/div>\n\t\t\t\t<\/div>\n\t\t\t\t<div class=\"elementor-element elementor-element-f86119a jobs1-long elementor-widget elementor-widget-text-editor\" data-id=\"f86119a\" data-element_type=\"widget\" data-e-type=\"widget\" data-widget_type=\"text-editor.default\">\n\t\t\t\t<div class=\"elementor-widget-container\">\n\t\t\t\t\t\t\t\t\t<div class=\"jobHeadRow\" data-v-1197531e=\"\"><h2 class=\"jobTitle\">Mitarbeiter Partnermanagement \/ Kundenbetreuung (m\/w\/d)<\/h2><p><span class=\"jobTime\" data-v-1197531e=\"\">Teilzeit<\/span><\/p><\/div><div class=\"shortContent\" data-v-1197531e=\"\"><div class=\"description\" data-v-1197531e=\"\"><div data-v-1197531e=\"\"><div class=\"shortContent\" data-v-1197531e=\"\"><div class=\"description\" data-v-1197531e=\"\"><div data-v-1197531e=\"\"><div class=\"shortContent\" data-v-1197531e=\"\"><div class=\"description\" data-v-1197531e=\"\"><div data-v-1197531e=\"\"><p>Wir suchen zur Erweiterung unseres Teams eine\/n Kollegen\/in (m\/w\/d) mit Berufserfahrung f\u00fcr unser Partnermanagement.<\/p><\/div><\/div><\/div><div class=\"jobContent\" data-v-1197531e=\"\"><h3 data-v-1197531e=\"\">Beschreibung:<\/h3><div class=\"jobDesc\" data-v-1197531e=\"\"><ul><li>Betreuung von nationalen Kunden im Bereich Partnermanagement<\/li><li>Kaufm\u00e4nnische Korrespondenz<\/li><li>Kalkulation und Erstellung von Angeboten<\/li><li>Koordination der Auftragsabwicklung (Bestellung, Auftragsverfolgung, Transportabwicklung)<\/li><li>Rechnungslegung und Zahlungsverfolgung<\/li><li>Bearbeitung von Reklamationen<\/li><li>Innendienst-Unterst\u00fctzung bei der Erschlie\u00dfung neuer Kunden bzw. M\u00e4rkte<\/li><li>Datenpflege im ERP-System<\/li><\/ul><\/div><h3 data-v-1197531e=\"\">Was du mitbringst:<\/h3><div class=\"jobDesc\" data-v-1197531e=\"\"><ul><li>Abgeschlossene kaufm\u00e4nnische Ausbildung<\/li><li>Sehr gute deutsche Sprachkenntnisse<\/li><li>Sehr gute Kommunikationsf\u00e4higkeiten und Erfahrung in telefonischer Kundenbetreuung<\/li><li>Grundlegende Kenntnisse im Bereich der B\u00fcroorganisation und allgemeiner Administration<\/li><li>Flexibilit\u00e4t und Belastbarkeit<\/li><li>Sichere Anwendung von ERP-Systemen und MS-Office sowie gute Excel-Kenntnisse<\/li><\/ul><\/div><h3 data-v-1197531e=\"\">Was wir bieten:<\/h3><div class=\"jobDesc\" data-v-1197531e=\"\"><ul><li>Wir geben Dir Freiraum<\/li><li>Wir unterst\u00fctzen Dich bei Deinen T\u00e4tigkeiten<\/li><li>Wir teilen unsere Visionen<\/li><li>Wir sind pers\u00f6nlich f\u00fcr Dich da<\/li><li>Wir sind immer offen f\u00fcr neue Ideen von Dir<\/li><li>Du kannst Dich aktiv einbringen<\/li><li>Wir wachsen gemeinsam<\/li><\/ul><\/div><\/div><\/div><\/div><\/div><\/div><\/div><\/div>\t\t\t\t\t\t\t\t<\/div>\n\t\t\t\t<\/div>\n\t\t\t\t<div class=\"elementor-element elementor-element-c21f0a7 jobs2-short elementor-widget elementor-widget-text-editor\" data-id=\"c21f0a7\" data-element_type=\"widget\" data-e-type=\"widget\" data-widget_type=\"text-editor.default\">\n\t\t\t\t<div class=\"elementor-widget-container\">\n\t\t\t\t\t\t\t\t\t\n\n<div class=\"jobHeadRow\" data-v-1197531e=\"\">\n    <h3 class=\"jobTitle\">Vertriebsmitarbeiter Au\u00dfendienst (Selbstst\u00e4ndiger Handelsvertreter) (m\/w\/d)<\/h3>\n    <span class=\"jobTime\" data-v-1197531e=\"\">Freiberuflich<\/span>\n\n<\/div>\n<div class=\"shortContent\" data-v-1197531e=\"\">\n    <div class=\"description\" data-v-1197531e=\"\">\n        <div data-v-1197531e=\"\">\n\n            Zur Verst\u00e4rkung unseres Vertriebsteams suchen wir eine\/n akquisestarke\/n Kollegen\/in (m\/w\/d) f\u00fcr unseren Au\u00dfendienst.\n\n        <\/div>\n    <\/div>\n\n    <div class=\"toggle\" data-v-1197531e=\"\"><img decoding=\"async\" src=\"data:image\/svg+xml;base64,PHN2ZyB4bWxucz0iaHR0cDovL3d3dy53My5vcmcvMjAwMC9zdmciIHZpZXdCb3g9IjAgMCAzOS43NyAzOC42MSI+PGRlZnM+PHN0eWxlPi5jbHMtMXtmaWxsOm5vbmU7c3Ryb2tlOiMwMDA7c3Ryb2tlLWxpbmVjYXA6c3F1YXJlO3N0cm9rZS1taXRlcmxpbWl0OjEwO3N0cm9rZS13aWR0aDozcHg7fTwvc3R5bGU+PC9kZWZzPjxnIGlkPSJFYmVuZV8yIiBkYXRhLW5hbWU9IkViZW5lIDIiPjxnIGlkPSJFYmVuZV8xLTIiIGRhdGEtbmFtZT0iRWJlbmUgMSI+PGcgaWQ9Ikdyb3VwXzYiIGRhdGEtbmFtZT0iR3JvdXAgNiI+PHBhdGggaWQ9IlBhdGhfNCIgZGF0YS1uYW1lPSJQYXRoIDQiIGNsYXNzPSJjbHMtMSIgZD0iTTM4LjI3LDEuNVYzNy4xMUgxLjUiLz48cGF0aCBpZD0iUGF0aF81IiBkYXRhLW5hbWU9IlBhdGggNSIgY2xhc3M9ImNscy0xIiBkPSJNMzUuNTksMzQuNTIsNS4yMSw0LjE0Ii8+PC9nPjwvZz48L2c+PC9zdmc+\" alt=\"\" data-v-1197531e=\"\" \/><\/div>\n<\/div>\n\t\t\t\t\t\t\t\t<\/div>\n\t\t\t\t<\/div>\n\t\t\t\t<div class=\"elementor-element elementor-element-97681b4 jobs2-long elementor-widget elementor-widget-text-editor\" data-id=\"97681b4\" data-element_type=\"widget\" data-e-type=\"widget\" data-widget_type=\"text-editor.default\">\n\t\t\t\t<div class=\"elementor-widget-container\">\n\t\t\t\t\t\t\t\t\t<div class=\"jobHeadRow\" data-v-1197531e=\"\">\n<h2  class=\"jobTitle\">Vertriebsmitarbeiter Au\u00dfendienst (Selbstst\u00e4ndiger Handelsvertreter) (m\/w\/d)<\/h2>\n<span class=\"jobTime\" data-v-1197531e=\"\">Freiberuflich<\/span>\n\n<\/div>\n<div class=\"shortContent\" data-v-1197531e=\"\">\n<div class=\"description\" data-v-1197531e=\"\">\n<div data-v-1197531e=\"\">\n\nZur Verst\u00e4rkung unseres Vertriebsteams suchen wir eine\/n akquisestarke\/n Kollegen\/in (m\/w\/d) f\u00fcr unseren Au\u00dfendienst.\n\n<\/div>\n<\/div>\n<\/div>\n<div class=\"jobContent\" data-v-1197531e=\"\">\n<h3 data-v-1197531e=\"\">Beschreibung:<\/h3>\n<div class=\"jobDesc\" data-v-1197531e=\"\">\n<ul>\n \t<li>Du akquirierst Neukunden selbstst\u00e4ndig<\/li>\n \t<li>Du baust dein Kundennetzwerk aktiv aus und pflegst die Beziehungen zu deinen Kunden.<\/li>\n \t<li>Du ber\u00e4tst Kaufinteressierte bis zum Kaufabschluss.<\/li>\n \t<li>Du erstellst individuelle Angebote und bist Ansprechpartner von Angebotserstellung bis Vertragsabschluss<\/li>\n<\/ul>\n<\/div>\n<h3 data-v-1197531e=\"\">Was du mitbringst:<\/h3>\n<div class=\"jobDesc\" data-v-1197531e=\"\">\n<ul>\n \t<li>Du verf\u00fcgst \u00fcber einschl\u00e4gige Vertriebserfahrung und\/oder kannst bereits auf entsprechende Erfolge in einer \u00e4hnlichen Position verweisen<\/li>\n \t<li>Du hast Freude am Verkaufen und Lust auf Erfolg.<\/li>\n \t<li>Du hast ein ausgepr\u00e4gtes Interesse an Baustoffen und ein gutes Gesp\u00fcr f\u00fcr Design und \u00c4sthetik<\/li>\n \t<li>Du bist kontaktfreudig, \u00fcberzeugend, abschlussstark sowie erfolgsorientiert.<\/li>\n<\/ul>\n<\/div>\n<h3 data-v-1197531e=\"\">Was wir bieten:<\/h3>\n<div class=\"jobDesc\" data-v-1197531e=\"\">\n<ul>\n \t<li>Wir geben Dir Freiraum<\/li>\n \t<li>Wir unterst\u00fctzen Dich bei Deinen T\u00e4tigkeiten<\/li>\n \t<li>Wir teilen unsere Visionen<\/li>\n \t<li>Wir sind pers\u00f6nlich f\u00fcr Dich da<\/li>\n \t<li>Wir sind immer offen f\u00fcr neue Ideen von Dir<\/li>\n \t<li>Du kannst Dich aktiv einbringen<\/li>\n \t<li>Wir wachsen gemeinsam<\/li>\n<\/ul>\n<\/div>\n<\/div>\t\t\t\t\t\t\t\t<\/div>\n\t\t\t\t<\/div>\n\t\t\t\t<\/div>\n\t\t<div class=\"elementor-element elementor-element-1ce11ae2 e-con-full e-flex e-con e-child\" data-id=\"1ce11ae2\" data-element_type=\"container\" data-e-type=\"container\" data-settings=\"{&quot;background_background&quot;:&quot;classic&quot;}\">\n\t\t\t\t<div class=\"elementor-element elementor-element-4fa8c2e9 jobs1-image elementor-invisible elementor-widget elementor-widget-image\" data-id=\"4fa8c2e9\" data-element_type=\"widget\" data-e-type=\"widget\" data-settings=\"{&quot;motion_fx_motion_fx_scrolling&quot;:&quot;yes&quot;,&quot;_animation&quot;:&quot;fadeIn&quot;,&quot;_animation_delay&quot;:500,&quot;motion_fx_devices&quot;:[&quot;desktop&quot;,&quot;tablet&quot;,&quot;mobile&quot;]}\" data-widget_type=\"image.default\">\n\t\t\t\t<div class=\"elementor-widget-container\">\n\t\t\t\t\t\t\t\t\t\t\t\t\t\t\t<img fetchpriority=\"high\" decoding=\"async\" width=\"692\" height=\"1449\" src=\"https:\/\/murface.com\/wp-content\/uploads\/2025\/02\/jobs1.avif\" class=\"attachment-full size-full wp-image-1462\" alt=\"\" srcset=\"https:\/\/murface.com\/wp-content\/uploads\/2025\/02\/jobs1.avif 692w, https:\/\/murface.com\/wp-content\/uploads\/2025\/02\/jobs1-143x300.avif 143w, https:\/\/murface.com\/wp-content\/uploads\/2025\/02\/jobs1-489x1024.avif 489w, https:\/\/murface.com\/wp-content\/uploads\/2025\/02\/jobs1-600x1256.avif 600w\" sizes=\"(max-width: 692px) 100vw, 692px\" \/>\t\t\t\t\t\t\t\t\t\t\t\t\t\t\t<\/div>\n\t\t\t\t<\/div>\n\t\t\t\t<div class=\"elementor-element elementor-element-e844d4c jobs2-image elementor-widget elementor-widget-image\" data-id=\"e844d4c\" data-element_type=\"widget\" data-e-type=\"widget\" data-widget_type=\"image.default\">\n\t\t\t\t<div class=\"elementor-widget-container\">\n\t\t\t\t\t\t\t\t\t\t\t\t\t\t\t<img decoding=\"async\" width=\"690\" height=\"1450\" src=\"https:\/\/murface.com\/wp-content\/uploads\/2025\/02\/jobs2.avif\" class=\"attachment-full size-full wp-image-1475\" alt=\"\" srcset=\"https:\/\/murface.com\/wp-content\/uploads\/2025\/02\/jobs2.avif 690w, https:\/\/murface.com\/wp-content\/uploads\/2025\/02\/jobs2-143x300.avif 143w, https:\/\/murface.com\/wp-content\/uploads\/2025\/02\/jobs2-487x1024.avif 487w, https:\/\/murface.com\/wp-content\/uploads\/2025\/02\/jobs2-600x1261.avif 600w\" sizes=\"(max-width: 690px) 100vw, 690px\" \/>\t\t\t\t\t\t\t\t\t\t\t\t\t\t\t<\/div>\n\t\t\t\t<\/div>\n\t\t\t\t<\/div>\n\t\t\t\t<\/div>\n\t\t<div class=\"elementor-element elementor-element-57d083be e-con-full e-flex e-con e-parent\" data-id=\"57d083be\" data-element_type=\"container\" data-e-type=\"container\">\n\t\t\t\t<div class=\"elementor-element elementor-element-27e1a40a elementor-widget__width-inherit elementor-widget elementor-widget-text-editor\" data-id=\"27e1a40a\" data-element_type=\"widget\" data-e-type=\"widget\" data-widget_type=\"text-editor.default\">\n\t\t\t\t<div class=\"elementor-widget-container\">\n\t\t\t\t\t\t\t\t\t<h2>Jetzt bewerben<\/h2>\t\t\t\t\t\t\t\t<\/div>\n\t\t\t\t<\/div>\n\t\t\t\t<\/div>\n\t\t<div class=\"elementor-element elementor-element-5d0a45c e-grid e-con-full e-con e-parent\" data-id=\"5d0a45c\" data-element_type=\"container\" data-e-type=\"container\">\n\t\t\t\t<div class=\"elementor-element elementor-element-86ac283 elementor-widget elementor-widget-text-editor\" data-id=\"86ac283\" data-element_type=\"widget\" data-e-type=\"widget\" data-widget_type=\"text-editor.default\">\n\t\t\t\t<div class=\"elementor-widget-container\">\n\t\t\t\t\t\t\t\t\t<div class=\"text\" data-v-7b2da952=\"\"><div data-v-7b2da952=\"\"><p><strong>WIR HABEN EINE VISION.\u00a0<\/strong>Wir m\u00f6chten aktiv teilhaben an einer gesellschaftlichen Bewegung, welche im Denkverhalten der Menschen und dem Anspruch an sich und seiner Umwelt stattfindet. Unser Beitrag zu dieser Bewegung ist ein Konzept mit au\u00dfergew\u00f6hnlichen Produkten. Mit diesen Produkten schaffen wir L\u00f6sungen f\u00fcr au\u00dfergew\u00f6hnliche Oberfl\u00e4chen f\u00fcr ein modernes Design mit h\u00f6chsten Anspr\u00fcchen an Funktion und \u00c4sthetik. Damit entstehen neue Wohnkonzepte. Du m\u00f6chtest Teil dieser Bewegung werden? Dann freuen wir uns darauf, dich kennenzulernen.<\/p><\/div><\/div>\t\t\t\t\t\t\t\t<\/div>\n\t\t\t\t<\/div>\n\t\t\t\t<div class=\"elementor-element elementor-element-589752da elementor-widget elementor-widget-wpforms\" data-id=\"589752da\" data-element_type=\"widget\" data-e-type=\"widget\" data-widget_type=\"wpforms.default\">\n\t\t\t\t<div class=\"elementor-widget-container\">\n\t\t\t\t\t<div class=\"wpforms-container wpforms-container-full wpforms-render-modern\" id=\"wpforms-1814\"><form id=\"wpforms-form-1814\" class=\"wpforms-validate wpforms-form wpforms-ajax-form\" data-formid=\"1814\" method=\"post\" enctype=\"multipart\/form-data\" action=\"\/de\/wp-json\/wp\/v2\/pages\/50\" data-token=\"5049c501f118fdf8b00e6b7a5704aa34\" data-token-time=\"1776309767\"><noscript class=\"wpforms-error-noscript\">Bitte aktiviere JavaScript in deinem Browser, um dieses Formular fertigzustellen.<\/noscript><div id=\"wpforms-error-noscript\" style=\"display: none;\">Bitte aktiviere JavaScript in deinem Browser, um dieses Formular fertigzustellen.<\/div><div class=\"wpforms-field-container\">\t\t<div id=\"wpforms-1814-field_4-container\"\n\t\t\tclass=\"wpforms-field wpforms-field-text\"\n\t\t\tdata-field-type=\"text\"\n\t\t\tdata-field-id=\"4\"\n\t\t\t>\n\t\t\t<label class=\"wpforms-field-label\" for=\"wpforms-1814-field_4\" >Checkboxen Name Kommentar<\/label>\n\t\t\t<input type=\"text\" id=\"wpforms-1814-field_4\" class=\"wpforms-field-medium\" name=\"wpforms[fields][4]\" >\n\t\t<\/div>\n\t\t<div id=\"wpforms-1814-field_1-container\" class=\"wpforms-field wpforms-field-name\" data-field-id=\"1\"><label class=\"wpforms-field-label wpforms-label-hide\" for=\"wpforms-1814-field_1\" aria-hidden=\"false\">Name <span class=\"wpforms-required-label\" aria-hidden=\"true\">*<\/span><\/label><input type=\"text\" id=\"wpforms-1814-field_1\" class=\"wpforms-field-medium wpforms-field-required\" name=\"wpforms[fields][1]\" placeholder=\"Dein Name\" aria-errormessage=\"wpforms-1814-field_1-error\" required><\/div><div id=\"wpforms-1814-field_2-container\" class=\"wpforms-field wpforms-field-email\" data-field-id=\"2\"><label class=\"wpforms-field-label wpforms-label-hide\" for=\"wpforms-1814-field_2\" aria-hidden=\"false\">E-Mail-Adresse <span class=\"wpforms-required-label\" aria-hidden=\"true\">*<\/span><\/label><input type=\"email\" id=\"wpforms-1814-field_2\" class=\"wpforms-field-medium wpforms-field-required\" name=\"wpforms[fields][2]\" placeholder=\"Deine E-Mail-Adresse\" spellcheck=\"false\" aria-errormessage=\"wpforms-1814-field_2-error\" required><\/div><div id=\"wpforms-1814-field_3-container\" class=\"wpforms-field wpforms-field-textarea\" data-field-id=\"3\"><label class=\"wpforms-field-label wpforms-label-hide\" for=\"wpforms-1814-field_3\" aria-hidden=\"false\">Kommentar oder Nachricht<\/label><textarea id=\"wpforms-1814-field_3\" class=\"wpforms-field-medium\" name=\"wpforms[fields][3]\" placeholder=\"Deine Nachricht\" aria-errormessage=\"wpforms-1814-field_3-error\" ><\/textarea><\/div><div id=\"wpforms-1814-field_5-container\" class=\"wpforms-field wpforms-field-checkbox\" data-field-id=\"5\"><fieldset><legend class=\"wpforms-field-label wpforms-label-hide\" aria-hidden=\"false\">Checkboxen <span class=\"wpforms-required-label\" aria-hidden=\"true\">*<\/span><\/legend><ul id=\"wpforms-1814-field_5\" class=\"wpforms-field-required\"><li class=\"choice-1 depth-1\"><input type=\"checkbox\" id=\"wpforms-1814-field_5_1\" name=\"wpforms[fields][5][]\" value=\"Mit dem Absenden meiner Daten erkl\u00e4re ich mich damit einverstanden, dass diese vom Seitenbetreiber zur Kontaktaufnahme verwendet werden. Personenbezogene Daten bzw. Kontaktdaten wie E-Mail-Adressen werden selbstverst\u00e4ndlich vertraulich behandelt und nicht an Dritte weitergegeben.&lt;a href=&quot;\/datenschutz&quot;&gt;Zur Datenschutzerkl\u00e4rung&lt;\/a&gt;\" aria-errormessage=\"wpforms-1814-field_5_1-error\" required ><label class=\"wpforms-field-label-inline\" for=\"wpforms-1814-field_5_1\">Mit dem Absenden meiner Daten erkl\u00e4re ich mich damit einverstanden, dass diese vom Seitenbetreiber zur Kontaktaufnahme verwendet werden. Personenbezogene Daten bzw. Kontaktdaten wie E-Mail-Adressen werden selbstverst\u00e4ndlich vertraulich behandelt und nicht an Dritte weitergegeben.<a href=\"\/datenschutz\">Zur Datenschutzerkl\u00e4rung<\/a><\/label><\/li><\/ul><\/fieldset><\/div><script>\n\t\t\t\t( function() {\n\t\t\t\t\tconst style = document.createElement( 'style' );\n\t\t\t\t\tstyle.appendChild( document.createTextNode( '#wpforms-1814-field_4-container { position: absolute !important; overflow: hidden !important; display: inline !important; height: 1px !important; width: 1px !important; z-index: -1000 !important; padding: 0 !important; } #wpforms-1814-field_4-container input { visibility: hidden; } #wpforms-conversational-form-page #wpforms-1814-field_4-container label { counter-increment: none; }' ) );\n\t\t\t\t\tdocument.head.appendChild( style );\n\t\t\t\t\tdocument.currentScript?.remove();\n\t\t\t\t} )();\n\t\t\t<\/script><\/div><!-- .wpforms-field-container --><div class=\"wpforms-submit-container\" ><input type=\"hidden\" name=\"wpforms[id]\" value=\"1814\"><input type=\"hidden\" name=\"page_title\" value=\"\"><input type=\"hidden\" name=\"page_url\" value=\"https:\/\/murface.com\/de\/wp-json\/wp\/v2\/pages\/50\"><input type=\"hidden\" name=\"url_referer\" value=\"\"><button type=\"submit\" name=\"wpforms[submit]\" id=\"wpforms-submit-1814\" class=\"wpforms-submit\" data-alt-text=\"Wird gesendet\u00a0\u2026\" data-submit-text=\"Absenden\" aria-live=\"assertive\" value=\"wpforms-submit\">Absenden<\/button><img decoding=\"async\" src=\"https:\/\/murface.com\/wp-content\/plugins\/wpforms-lite\/assets\/images\/submit-spin.svg\" class=\"wpforms-submit-spinner\" style=\"display: none;\" width=\"26\" height=\"26\" alt=\"Wird geladen\"><\/div><\/form><\/div>  <!-- .wpforms-container -->\t\t\t\t<\/div>\n\t\t\t\t<\/div>\n\t\t\t\t<\/div>\n\t\t<div class=\"elementor-element elementor-element-e48a751 e-con-full e-flex e-con e-parent\" data-id=\"e48a751\" data-element_type=\"container\" data-e-type=\"container\">\n\t\t\t\t<div class=\"elementor-element elementor-element-bdda839 elementor-widget__width-inherit elementor-widget elementor-widget-text-editor\" data-id=\"bdda839\" data-element_type=\"widget\" data-e-type=\"widget\" data-widget_type=\"text-editor.default\">\n\t\t\t\t<div class=\"elementor-widget-container\">\n\t\t\t\t\t\t\t\t\t<h2>Murface im Portrait<\/h2>\t\t\t\t\t\t\t\t<\/div>\n\t\t\t\t<\/div>\n\t\t\t\t<div class=\"elementor-element elementor-element-dc01bdb elementor-widget elementor-widget-video\" data-id=\"dc01bdb\" data-element_type=\"widget\" data-e-type=\"widget\" data-settings=\"{&quot;youtube_url&quot;:&quot;https:\\\/\\\/www.youtube.com\\\/watch?v=2qQFhHv8wWk&amp;t=18s&quot;,&quot;video_type&quot;:&quot;youtube&quot;,&quot;controls&quot;:&quot;yes&quot;}\" data-widget_type=\"video.default\">\n\t\t\t\t<div class=\"elementor-widget-container\">\n\t\t\t\t\t\t\t<div class=\"elementor-wrapper elementor-open-inline\">\n\t\t\t<div class=\"elementor-video\"><\/div>\t\t<\/div>\n\t\t\t\t\t\t<\/div>\n\t\t\t\t<\/div>\n\t\t\t\t<\/div>\n\t\t<div class=\"elementor-element elementor-element-db38295 e-flex e-con-boxed e-con e-parent\" data-id=\"db38295\" data-element_type=\"container\" data-e-type=\"container\">\n\t\t\t\t\t<div class=\"e-con-inner\">\n\t\t\t\t<div class=\"elementor-element elementor-element-e52de83 elementor-widget elementor-widget-html\" data-id=\"e52de83\" data-element_type=\"widget\" data-e-type=\"widget\" data-widget_type=\"html.default\">\n\t\t\t\t<div class=\"elementor-widget-container\">\n\t\t\t\t\t<script>\n   document.addEventListener(\"DOMContentLoaded\", function () {\n    function toggleJobs(fromShort, toShort, fromImage, toImage, fromLong, toLong) {\n        if (fromShort) fromShort.style.display = \"none\";\n        if (toShort) toShort.style.display = \"block\";\n        if (fromImage && toImage) {\n            fromImage.style.display = \"none\";\n            toImage.style.display = \"block\";\n        }\n        if (fromLong && toLong) {\n            fromLong.style.display = \"none\";\n            toLong.style.display = \"block\";\n        }\n    }\n\n    document.querySelectorAll(\".jobs2-short .toggle\").forEach(button => {\n        button.addEventListener(\"click\", function () {\n            toggleJobs(\n                document.querySelector(\".jobs2-short\"), \n                document.querySelector(\".jobs1-short\"),\n                document.querySelector(\".jobs1-image\"), \n                document.querySelector(\".jobs2-image\"),\n                document.querySelector(\".jobs1-long\"), \n                document.querySelector(\".jobs2-long\")\n            );\n        });\n    });\n\n    document.querySelectorAll(\".jobs1-short .toggle\").forEach(button => {\n        button.addEventListener(\"click\", function () {\n            toggleJobs(\n                document.querySelector(\".jobs1-short\"), \n                document.querySelector(\".jobs2-short\"),\n                document.querySelector(\".jobs2-image\"), \n                document.querySelector(\".jobs1-image\"),\n                document.querySelector(\".jobs2-long\"), \n                document.querySelector(\".jobs1-long\")\n            );\n        });\n    });\n});\n\n\n\n<\/script>\t\t\t\t<\/div>\n\t\t\t\t<\/div>\n\t\t\t\t\t<\/div>\n\t\t\t\t<\/div>\n\t\t\t\t<\/div>\n\t\t","protected":false},"excerpt":{"rendered":"<p>Jobs Zeitgen\u00f6ssische Architektur erfordert Einzigartigkeit, Kreativit\u00e4t, Leidenschaft, Bewusstsein, Perfektion und Nachhaltigkeit. Unser Beitrag zu dieser Bewegung ist ein Konzept mit au\u00dfergew\u00f6hnlichen Produkten. Was soll Dein Beitrag sein? Jobs Mitarbeiter Partnermanagement \/ Kundenbetreuung (m\/w\/d) Teilzeit Wir suchen zur Erweiterung unseres Teams eine\/n Kollegen\/in (m\/w\/d) mit Berufserfahrung f\u00fcr unser Partnermanagement. Mitarbeiter Partnermanagement \/ Kundenbetreuung (m\/w\/d) Teilzeit Wir [&hellip;]<\/p>\n","protected":false},"author":1,"featured_media":0,"parent":0,"menu_order":0,"comment_status":"closed","ping_status":"closed","template":"","meta":{"inline_featured_image":false,"footnotes":""},"class_list":["post-50","page","type-page","status-publish","hentry"],"jetpack_sharing_enabled":true,"_links":{"self":[{"href":"https:\/\/murface.com\/de\/wp-json\/wp\/v2\/pages\/50","targetHints":{"allow":["GET"]}}],"collection":[{"href":"https:\/\/murface.com\/de\/wp-json\/wp\/v2\/pages"}],"about":[{"href":"https:\/\/murface.com\/de\/wp-json\/wp\/v2\/types\/page"}],"author":[{"embeddable":true,"href":"https:\/\/murface.com\/de\/wp-json\/wp\/v2\/users\/1"}],"replies":[{"embeddable":true,"href":"https:\/\/murface.com\/de\/wp-json\/wp\/v2\/comments?post=50"}],"version-history":[{"count":10,"href":"https:\/\/murface.com\/de\/wp-json\/wp\/v2\/pages\/50\/revisions"}],"predecessor-version":[{"id":2429,"href":"https:\/\/murface.com\/de\/wp-json\/wp\/v2\/pages\/50\/revisions\/2429"}],"wp:attachment":[{"href":"https:\/\/murface.com\/de\/wp-json\/wp\/v2\/media?parent=50"}],"curies":[{"name":"wp","href":"https:\/\/api.w.org\/{rel}","templated":true}]}}