{"id":52,"date":"2025-01-08T11:52:32","date_gmt":"2025-01-08T10:52:32","guid":{"rendered":"https:\/\/murface.com\/?page_id=52"},"modified":"2025-05-13T16:22:20","modified_gmt":"2025-05-13T14:22:20","slug":"kontakt","status":"publish","type":"page","link":"https:\/\/murface.com\/de\/kontakt\/","title":{"rendered":"Kontakt"},"content":{"rendered":"\t\t<div data-elementor-type=\"wp-page\" data-elementor-id=\"52\" class=\"elementor elementor-52\" data-elementor-post-type=\"page\">\n\t\t\t\t<div class=\"elementor-element elementor-element-150aa053 e-grid e-con-boxed elementor-invisible e-con e-parent\" data-id=\"150aa053\" data-element_type=\"container\" data-e-type=\"container\" id=\"hero-intro\" data-settings=\"{&quot;background_background&quot;:&quot;classic&quot;,&quot;background_motion_fx_motion_fx_mouse&quot;:&quot;yes&quot;,&quot;animation&quot;:&quot;fadeIn&quot;,&quot;animation_delay&quot;:500}\">\n\t\t\t\t\t<div class=\"e-con-inner\">\n\t\t\t\t<div class=\"elementor-element elementor-element-26ea3b69 elementor-widget__width-initial elementor-widget elementor-widget-text-editor\" data-id=\"26ea3b69\" data-element_type=\"widget\" data-e-type=\"widget\" data-widget_type=\"text-editor.default\">\n\t\t\t\t<div class=\"elementor-widget-container\">\n\t\t\t\t\t\t\t\t\t<h1 data-v-9ead72d2=\"\">Kontakt<\/h1><div class=\"text\" data-v-9ead72d2=\"\"><p>Volle Kelle f\u00fcreinander da. F\u00fcr Kunden, Friends und Mitarbeiter! Jederzeit auf allen Kan\u00e4len.<\/p><\/div>\t\t\t\t\t\t\t\t<\/div>\n\t\t\t\t<\/div>\n\t\t<div class=\"elementor-element elementor-element-4d46ea9 e-con-full elementor-hidden-tablet elementor-hidden-mobile e-flex e-con e-child\" data-id=\"4d46ea9\" data-element_type=\"container\" data-e-type=\"container\">\n\t\t\t\t<\/div>\n\t\t\t\t\t<\/div>\n\t\t\t\t<\/div>\n\t\t<div class=\"elementor-element elementor-element-4b2c8967 e-grid murface-icons murface-icons-contact  e-con-boxed e-con e-parent\" data-id=\"4b2c8967\" data-element_type=\"container\" data-e-type=\"container\" data-settings=\"{&quot;background_background&quot;:&quot;classic&quot;}\">\n\t\t\t\t\t<div class=\"e-con-inner\">\n\t\t\t\t<div class=\"elementor-element elementor-element-c42dbcc elementor-widget elementor-widget-image\" data-id=\"c42dbcc\" data-element_type=\"widget\" data-e-type=\"widget\" data-widget_type=\"image.default\">\n\t\t\t\t<div class=\"elementor-widget-container\">\n\t\t\t\t\t\t\t\t\t\t\t\t<figure class=\"wp-caption\">\n\t\t\t\t\t\t\t\t\t\t\t<a href=\"https:\/\/wa.me\/4917682336152%20\">\n\t\t\t\t\t\t\t<img decoding=\"async\" src=\"https:\/\/murface.com\/wp-content\/uploads\/2025\/02\/whatsapp.svg\" title=\"whatsapp\" alt=\"whatsapp\" loading=\"lazy\" \/>\t\t\t\t\t\t\t\t<\/a>\n\t\t\t\t\t\t\t\t\t\t\t<figcaption class=\"widget-image-caption wp-caption-text\"><strong>Whatsapp<\/strong><a href=\"tel:+49 176 82336152\">+49 176 82336152 <\/a><\/figcaption>\n\t\t\t\t\t\t\t\t\t\t<\/figure>\n\t\t\t\t\t\t\t\t\t<\/div>\n\t\t\t\t<\/div>\n\t\t\t\t<div class=\"elementor-element elementor-element-3514cc17 elementor-widget elementor-widget-image\" data-id=\"3514cc17\" data-element_type=\"widget\" data-e-type=\"widget\" data-widget_type=\"image.default\">\n\t\t\t\t<div class=\"elementor-widget-container\">\n\t\t\t\t\t\t\t\t\t\t\t\t<figure class=\"wp-caption\">\n\t\t\t\t\t\t\t\t\t\t<img decoding=\"async\" src=\"https:\/\/murface.com\/wp-content\/uploads\/2025\/02\/telefon.svg\" title=\"telefon\" alt=\"telefon\" loading=\"lazy\" \/>\t\t\t\t\t\t\t\t\t\t\t<figcaption class=\"widget-image-caption wp-caption-text\"><strong>Telefon<\/strong><a href=\"tel:+49 (0) 52 50 \/ 939 989-0\">+49 (0) 52 50 \/ 939 989-0<\/a><\/figcaption>\n\t\t\t\t\t\t\t\t\t\t<\/figure>\n\t\t\t\t\t\t\t\t\t<\/div>\n\t\t\t\t<\/div>\n\t\t\t\t<div class=\"elementor-element elementor-element-3c5b7d73 elementor-widget elementor-widget-image\" data-id=\"3c5b7d73\" data-element_type=\"widget\" data-e-type=\"widget\" data-widget_type=\"image.default\">\n\t\t\t\t<div class=\"elementor-widget-container\">\n\t\t\t\t\t\t\t\t\t\t\t\t<figure class=\"wp-caption\">\n\t\t\t\t\t\t\t\t\t\t\t<a href=\"mailto:info@murface.com\">\n\t\t\t\t\t\t\t<img decoding=\"async\" src=\"https:\/\/murface.com\/wp-content\/uploads\/2025\/02\/e-mail.svg\" title=\"e-mail\" alt=\"e-mail\" loading=\"lazy\" \/>\t\t\t\t\t\t\t\t<\/a>\n\t\t\t\t\t\t\t\t\t\t\t<figcaption class=\"widget-image-caption wp-caption-text\"><strong>E-Mail<\/strong><a href=\"mailto:info@murface.com\">info@murface.com<\/a><\/figcaption>\n\t\t\t\t\t\t\t\t\t\t<\/figure>\n\t\t\t\t\t\t\t\t\t<\/div>\n\t\t\t\t<\/div>\n\t\t\t\t\t<\/div>\n\t\t\t\t<\/div>\n\t\t<div class=\"elementor-element elementor-element-6a578724 e-con-full e-flex e-con e-parent\" data-id=\"6a578724\" data-element_type=\"container\" data-e-type=\"container\">\n\t\t\t\t<div class=\"elementor-element elementor-element-567dd2a9 elementor-widget__width-inherit elementor-widget elementor-widget-text-editor\" data-id=\"567dd2a9\" data-element_type=\"widget\" data-e-type=\"widget\" data-widget_type=\"text-editor.default\">\n\t\t\t\t<div class=\"elementor-widget-container\">\n\t\t\t\t\t\t\t\t\t<h2>Kontaktformular<\/h2>\t\t\t\t\t\t\t\t<\/div>\n\t\t\t\t<\/div>\n\t\t\t\t<\/div>\n\t\t<div class=\"elementor-element elementor-element-d449fc2 e-grid e-con-full e-con e-parent\" data-id=\"d449fc2\" data-element_type=\"container\" data-e-type=\"container\">\n\t\t\t\t<div class=\"elementor-element elementor-element-e9e9630 elementor-widget elementor-widget-text-editor\" data-id=\"e9e9630\" data-element_type=\"widget\" data-e-type=\"widget\" data-widget_type=\"text-editor.default\">\n\t\t\t\t<div class=\"elementor-widget-container\">\n\t\t\t\t\t\t\t\t\t<p><b>DU M\u00d6CHTEST EIN ANGEBOT EINHOLEN ODER HAST EIN KONKRETES ANLIEGEN?<\/b><\/p><p>F\u00fclle einfach das Kontaktformular aus und wir melden uns zeitnah bei dir zur\u00fcck.<\/p>\t\t\t\t\t\t\t\t<\/div>\n\t\t\t\t<\/div>\n\t\t\t\t<div class=\"elementor-element elementor-element-5294653 elementor-widget elementor-widget-wpforms\" data-id=\"5294653\" data-element_type=\"widget\" data-e-type=\"widget\" data-widget_type=\"wpforms.default\">\n\t\t\t\t<div class=\"elementor-widget-container\">\n\t\t\t\t\t<div class=\"wpforms-container wpforms-container-full wpforms-render-modern\" id=\"wpforms-1814\"><form id=\"wpforms-form-1814\" class=\"wpforms-validate wpforms-form wpforms-ajax-form\" data-formid=\"1814\" method=\"post\" enctype=\"multipart\/form-data\" action=\"\/de\/wp-json\/wp\/v2\/pages\/52\" data-token=\"e8685ec783057f341038b27783dc602d\" data-token-time=\"1778055184\"><noscript class=\"wpforms-error-noscript\">Bitte aktiviere JavaScript in deinem Browser, um dieses Formular fertigzustellen.<\/noscript><div id=\"wpforms-error-noscript\" style=\"display: none;\">Bitte aktiviere JavaScript in deinem Browser, um dieses Formular fertigzustellen.<\/div><div class=\"wpforms-field-container\">\t\t<div id=\"wpforms-1814-field_4-container\"\n\t\t\tclass=\"wpforms-field wpforms-field-text\"\n\t\t\tdata-field-type=\"text\"\n\t\t\tdata-field-id=\"4\"\n\t\t\t>\n\t\t\t<label class=\"wpforms-field-label\" for=\"wpforms-1814-field_4\" >Kommentar Name Nachricht<\/label>\n\t\t\t<input type=\"text\" id=\"wpforms-1814-field_4\" class=\"wpforms-field-medium\" name=\"wpforms[fields][4]\" >\n\t\t<\/div>\n\t\t<div id=\"wpforms-1814-field_1-container\" class=\"wpforms-field wpforms-field-name\" data-field-id=\"1\"><label class=\"wpforms-field-label wpforms-label-hide\" for=\"wpforms-1814-field_1\" aria-hidden=\"false\">Name <span class=\"wpforms-required-label\" aria-hidden=\"true\">*<\/span><\/label><input type=\"text\" id=\"wpforms-1814-field_1\" class=\"wpforms-field-medium wpforms-field-required\" name=\"wpforms[fields][1]\" placeholder=\"Dein Name\" aria-errormessage=\"wpforms-1814-field_1-error\" required><\/div><div id=\"wpforms-1814-field_2-container\" class=\"wpforms-field wpforms-field-email\" data-field-id=\"2\"><label class=\"wpforms-field-label wpforms-label-hide\" for=\"wpforms-1814-field_2\" aria-hidden=\"false\">E-Mail-Adresse <span class=\"wpforms-required-label\" aria-hidden=\"true\">*<\/span><\/label><input type=\"email\" id=\"wpforms-1814-field_2\" class=\"wpforms-field-medium wpforms-field-required\" name=\"wpforms[fields][2]\" placeholder=\"Deine E-Mail-Adresse\" spellcheck=\"false\" aria-errormessage=\"wpforms-1814-field_2-error\" required><\/div><div id=\"wpforms-1814-field_3-container\" class=\"wpforms-field wpforms-field-textarea\" data-field-id=\"3\"><label class=\"wpforms-field-label wpforms-label-hide\" for=\"wpforms-1814-field_3\" aria-hidden=\"false\">Kommentar oder Nachricht<\/label><textarea id=\"wpforms-1814-field_3\" class=\"wpforms-field-medium\" name=\"wpforms[fields][3]\" placeholder=\"Deine Nachricht\" aria-errormessage=\"wpforms-1814-field_3-error\" ><\/textarea><\/div><div id=\"wpforms-1814-field_5-container\" class=\"wpforms-field wpforms-field-checkbox\" data-field-id=\"5\"><fieldset><legend class=\"wpforms-field-label wpforms-label-hide\" aria-hidden=\"false\">Checkboxen <span class=\"wpforms-required-label\" aria-hidden=\"true\">*<\/span><\/legend><ul id=\"wpforms-1814-field_5\" class=\"wpforms-field-required\"><li class=\"choice-1 depth-1\"><input type=\"checkbox\" id=\"wpforms-1814-field_5_1\" name=\"wpforms[fields][5][]\" value=\"Mit dem Absenden meiner Daten erkl\u00e4re ich mich damit einverstanden, dass diese vom Seitenbetreiber zur Kontaktaufnahme verwendet werden. Personenbezogene Daten bzw. Kontaktdaten wie E-Mail-Adressen werden selbstverst\u00e4ndlich vertraulich behandelt und nicht an Dritte weitergegeben.&lt;a href=&quot;\/datenschutz&quot;&gt;Zur Datenschutzerkl\u00e4rung&lt;\/a&gt;\" aria-errormessage=\"wpforms-1814-field_5_1-error\" required ><label class=\"wpforms-field-label-inline\" for=\"wpforms-1814-field_5_1\">Mit dem Absenden meiner Daten erkl\u00e4re ich mich damit einverstanden, dass diese vom Seitenbetreiber zur Kontaktaufnahme verwendet werden. Personenbezogene Daten bzw. Kontaktdaten wie E-Mail-Adressen werden selbstverst\u00e4ndlich vertraulich behandelt und nicht an Dritte weitergegeben.<a href=\"\/datenschutz\">Zur Datenschutzerkl\u00e4rung<\/a><\/label><\/li><\/ul><\/fieldset><\/div><script>\n\t\t\t\t( function() {\n\t\t\t\t\tconst style = document.createElement( 'style' );\n\t\t\t\t\tstyle.appendChild( document.createTextNode( '#wpforms-1814-field_4-container { position: absolute !important; overflow: hidden !important; display: inline !important; height: 1px !important; width: 1px !important; z-index: -1000 !important; padding: 0 !important; } #wpforms-1814-field_4-container input { visibility: hidden; } #wpforms-conversational-form-page #wpforms-1814-field_4-container label { counter-increment: none; }' ) );\n\t\t\t\t\tdocument.head.appendChild( style );\n\t\t\t\t\tdocument.currentScript?.remove();\n\t\t\t\t} )();\n\t\t\t<\/script><\/div><!-- .wpforms-field-container --><div class=\"wpforms-submit-container\" ><input type=\"hidden\" name=\"wpforms[id]\" value=\"1814\"><input type=\"hidden\" name=\"page_title\" value=\"\"><input type=\"hidden\" name=\"page_url\" value=\"https:\/\/murface.com\/de\/wp-json\/wp\/v2\/pages\/52\"><input type=\"hidden\" name=\"url_referer\" value=\"\"><button type=\"submit\" name=\"wpforms[submit]\" id=\"wpforms-submit-1814\" class=\"wpforms-submit\" data-alt-text=\"Wird gesendet\u00a0\u2026\" data-submit-text=\"Absenden\" aria-live=\"assertive\" value=\"wpforms-submit\">Absenden<\/button><img decoding=\"async\" src=\"https:\/\/murface.com\/wp-content\/plugins\/wpforms-lite\/assets\/images\/submit-spin.svg\" class=\"wpforms-submit-spinner\" style=\"display: none;\" width=\"26\" height=\"26\" alt=\"Wird geladen\"><\/div><\/form><\/div>  <!-- .wpforms-container -->\t\t\t\t<\/div>\n\t\t\t\t<\/div>\n\t\t\t\t<\/div>\n\t\t\t\t<\/div>\n\t\t","protected":false},"excerpt":{"rendered":"<p>Kontakt Volle Kelle f\u00fcreinander da. F\u00fcr Kunden, Friends und Mitarbeiter! Jederzeit auf allen Kan\u00e4len. Whatsapp+49 176 82336152 Telefon+49 (0) 52 50 \/ 939 989-0 E-Mailinfo@murface.com Kontaktformular DU M\u00d6CHTEST EIN ANGEBOT EINHOLEN ODER HAST EIN KONKRETES ANLIEGEN? F\u00fclle einfach das Kontaktformular aus und wir melden uns zeitnah bei dir zur\u00fcck. Bitte aktiviere JavaScript in deinem Browser, [&hellip;]<\/p>\n","protected":false},"author":1,"featured_media":0,"parent":0,"menu_order":0,"comment_status":"closed","ping_status":"closed","template":"","meta":{"inline_featured_image":false,"footnotes":""},"class_list":["post-52","page","type-page","status-publish","hentry"],"jetpack_sharing_enabled":true,"_links":{"self":[{"href":"https:\/\/murface.com\/de\/wp-json\/wp\/v2\/pages\/52","targetHints":{"allow":["GET"]}}],"collection":[{"href":"https:\/\/murface.com\/de\/wp-json\/wp\/v2\/pages"}],"about":[{"href":"https:\/\/murface.com\/de\/wp-json\/wp\/v2\/types\/page"}],"author":[{"embeddable":true,"href":"https:\/\/murface.com\/de\/wp-json\/wp\/v2\/users\/1"}],"replies":[{"embeddable":true,"href":"https:\/\/murface.com\/de\/wp-json\/wp\/v2\/comments?post=52"}],"version-history":[{"count":10,"href":"https:\/\/murface.com\/de\/wp-json\/wp\/v2\/pages\/52\/revisions"}],"predecessor-version":[{"id":4714,"href":"https:\/\/murface.com\/de\/wp-json\/wp\/v2\/pages\/52\/revisions\/4714"}],"wp:attachment":[{"href":"https:\/\/murface.com\/de\/wp-json\/wp\/v2\/media?parent=52"}],"curies":[{"name":"wp","href":"https:\/\/api.w.org\/{rel}","templated":true}]}}