{"id":776,"date":"2025-02-11T16:59:00","date_gmt":"2025-02-11T15:59:00","guid":{"rendered":"https:\/\/murface.com\/?page_id=776"},"modified":"2025-03-17T21:32:31","modified_gmt":"2025-03-17T20:32:31","slug":"badezimmer","status":"publish","type":"page","link":"https:\/\/murface.com\/de\/badezimmer\/","title":{"rendered":"Badezimmer"},"content":{"rendered":"\t\t<div data-elementor-type=\"wp-page\" data-elementor-id=\"776\" class=\"elementor elementor-776\" data-elementor-post-type=\"page\">\n\t\t\t\t<div class=\"elementor-element elementor-element-15a52bf e-grid e-con-boxed e-con e-parent\" data-id=\"15a52bf\" data-element_type=\"container\" data-e-type=\"container\">\n\t\t\t\t\t<div class=\"e-con-inner\">\n\t\t\t\t\t<\/div>\n\t\t\t\t<\/div>\n\t\t<div class=\"elementor-element elementor-element-13c70262 e-grid e-con-boxed elementor-invisible e-con e-parent\" data-id=\"13c70262\" data-element_type=\"container\" data-e-type=\"container\" id=\"hero-intro\" data-settings=\"{&quot;background_background&quot;:&quot;classic&quot;,&quot;background_motion_fx_motion_fx_mouse&quot;:&quot;yes&quot;,&quot;animation&quot;:&quot;fadeIn&quot;,&quot;animation_delay&quot;:500}\">\n\t\t\t\t\t<div class=\"e-con-inner\">\n\t\t\t\t<div class=\"elementor-element elementor-element-3bb1bcda elementor-widget__width-initial elementor-widget elementor-widget-text-editor\" data-id=\"3bb1bcda\" data-element_type=\"widget\" data-e-type=\"widget\" data-widget_type=\"text-editor.default\">\n\t\t\t\t<div class=\"elementor-widget-container\">\n\t\t\t\t\t\t\t\t\t<h1 data-v-9ead72d2=\"\">Nasszelle war gestern<\/h1><div class=\"text\" data-v-9ead72d2=\"\"><p><strong>BADEN SIE IN DER ZUKUNFT.\u00a0<\/strong>Zweckdienlich ist ja sch\u00f6n, aber bestimmt nicht \u00e4sthetisch. Wie w\u00e4re es mit der Kombination von beidem? Murface bietet alles, um Wohnraum mit Wellnesseigenschaften zu kreieren, K\u00f6rperpflege inklusive. Denn die zertifizierten Produkte geben Sicherheit und Vertrauen bei der Verarbeitung, bei l\u00e4ngster Haltbarkeit und Erfu\u0308llung h\u00f6chster hygienischer Standards.<\/p><\/div>\t\t\t\t\t\t\t\t<\/div>\n\t\t\t\t<\/div>\n\t\t<div class=\"elementor-element elementor-element-7f636cb e-con-full elementor-hidden-tablet elementor-hidden-mobile e-flex e-con e-child\" data-id=\"7f636cb\" data-element_type=\"container\" data-e-type=\"container\">\n\t\t\t\t<\/div>\n\t\t\t\t\t<\/div>\n\t\t\t\t<\/div>\n\t\t<div class=\"elementor-element elementor-element-42a0d3a8 e-con-full murspace-box e-flex e-con e-parent\" data-id=\"42a0d3a8\" data-element_type=\"container\" data-e-type=\"container\" id=\"murspace-box-murspace\" data-settings=\"{&quot;background_background&quot;:&quot;classic&quot;}\">\n\t\t<div class=\"elementor-element elementor-element-25692a2f e-con-full e-flex e-con e-child\" data-id=\"25692a2f\" data-element_type=\"container\" data-e-type=\"container\" data-settings=\"{&quot;background_background&quot;:&quot;classic&quot;}\">\n\t\t\t\t<div class=\"elementor-element elementor-element-6b0b9097 murspace-box-image elementor-invisible elementor-widget elementor-widget-image\" data-id=\"6b0b9097\" data-element_type=\"widget\" data-e-type=\"widget\" data-settings=\"{&quot;motion_fx_motion_fx_scrolling&quot;:&quot;yes&quot;,&quot;_animation&quot;:&quot;fadeIn&quot;,&quot;_animation_delay&quot;:500,&quot;motion_fx_devices&quot;:[&quot;desktop&quot;,&quot;tablet&quot;,&quot;mobile&quot;]}\" data-widget_type=\"image.default\">\n\t\t\t\t<div class=\"elementor-widget-container\">\n\t\t\t\t\t\t\t\t\t\t\t\t\t\t\t<img decoding=\"async\" src=\"https:\/\/murface.com\/wp-content\/uploads\/elementor\/thumbs\/dusche-r1cungwel8425ayjmz2exjwfa4pjq0d9nam23a31fk.avif\" title=\"dusche\" alt=\"dusche\" loading=\"lazy\" \/>\t\t\t\t\t\t\t\t\t\t\t\t\t\t\t<\/div>\n\t\t\t\t<\/div>\n\t\t\t\t<\/div>\n\t\t<div class=\"elementor-element elementor-element-7e6a8478 e-con-full e-flex e-con e-child\" data-id=\"7e6a8478\" data-element_type=\"container\" data-e-type=\"container\" data-settings=\"{&quot;background_background&quot;:&quot;classic&quot;}\">\n\t\t\t\t<div class=\"elementor-element elementor-element-6d157a95 elementor-widget elementor-widget-text-editor\" data-id=\"6d157a95\" data-element_type=\"widget\" data-e-type=\"widget\" data-widget_type=\"text-editor.default\">\n\t\t\t\t<div class=\"elementor-widget-container\">\n\t\t\t\t\t\t\t\t\t<h2>Fugenlose Dusche<\/h2><div class=\"text\" data-v-11c0db11=\"\"><p><strong>RENDIGE K\u00d6RPERPFLEGE.<\/strong>\u00a0Fugenlose B\u00f6den, W\u00e4nde und Decken sind auch im Badezimmer m\u00f6glich. Ob sie eine neue Dusche bauen wollen oder eine Duschsanierung vornehmen wollen, fugenlose Oberfl\u00e4chen bieten Ihnen hier viele neue Gestaltungsm\u00f6glichkeiten f\u00fcr Ihre Dusche. Wichtig ist dabei, dass die Materialien den Anforderungen einer Nasszelle gerecht werden, denn das Mauerwerk muss vor Feuchtigkeit gesch\u00fctzt werden und das Spritzwasser darf nicht in W\u00e4nde oder Boden eindringen.<\/p><\/div>\t\t\t\t\t\t\t\t<\/div>\n\t\t\t\t<\/div>\n\t\t\t\t<div class=\"elementor-element elementor-element-f531756 btn-read-more elementor-widget elementor-widget-button\" data-id=\"f531756\" data-element_type=\"widget\" data-e-type=\"widget\" data-widget_type=\"button.default\">\n\t\t\t\t<div class=\"elementor-widget-container\">\n\t\t\t\t\t\t\t\t\t<div class=\"elementor-button-wrapper\">\n\t\t\t\t\t<a class=\"elementor-button elementor-button-link elementor-size-sm\" href=\"\/fugenlose-dusche\/\">\n\t\t\t\t\t\t<span class=\"elementor-button-content-wrapper\">\n\t\t\t\t\t\t\t\t\t<span class=\"elementor-button-text\">Mehr erfahren<\/span>\n\t\t\t\t\t<\/span>\n\t\t\t\t\t<\/a>\n\t\t\t\t<\/div>\n\t\t\t\t\t\t\t\t<\/div>\n\t\t\t\t<\/div>\n\t\t\t\t<\/div>\n\t\t\t\t<\/div>\n\t\t<div class=\"elementor-element elementor-element-5414296f e-con-full murspace-box e-flex e-con e-parent\" data-id=\"5414296f\" data-element_type=\"container\" data-e-type=\"container\" data-settings=\"{&quot;background_background&quot;:&quot;classic&quot;}\">\n\t\t<div class=\"elementor-element elementor-element-4bea1b5a e-con-full e-flex e-con e-child\" data-id=\"4bea1b5a\" data-element_type=\"container\" data-e-type=\"container\" data-settings=\"{&quot;background_background&quot;:&quot;classic&quot;}\">\n\t\t\t\t<div class=\"elementor-element elementor-element-3ce8105a elementor-widget elementor-widget-text-editor\" data-id=\"3ce8105a\" data-element_type=\"widget\" data-e-type=\"widget\" data-widget_type=\"text-editor.default\">\n\t\t\t\t<div class=\"elementor-widget-container\">\n\t\t\t\t\t\t\t\t\t<h2>Fugenlose Badewanne<\/h2><div class=\"text\" data-v-11c0db11=\"\"><div class=\"text\" data-v-662045fd=\"\"><p><strong>FUGENLOSE WOHLF\u00dcHLOASE<\/strong>. Das Bad ist heute nicht nur ein funktionaler Raum, sondern ein Ort des Wohlbefindens. Deshalb spielt auch das Design hier eine gro\u00dfe Rolle. Fugenlose B\u00f6den und W\u00e4nde bieten Ihnen zahlreiche Gestaltungsm\u00f6glichkeiten. Fugenlose Designs lassen ein harmonisches und gro\u00dfz\u00fcgiges Raumgef\u00fchl entstehen, das elegant und luxuri\u00f6s wirkt. Auch in punkto Pflege \u00fcberzeugen fugenlose Badezimmer, denn es kann sich weniger Schimmel bilden und sie sind leicht zu reinigen. Zudem sind sie lange haltbar, strapazierf\u00e4hig sowie w\u00e4rme- und feuchtigkeitsregulierend.<\/p><\/div><\/div>\t\t\t\t\t\t\t\t<\/div>\n\t\t\t\t<\/div>\n\t\t\t\t<div class=\"elementor-element elementor-element-124050c3 btn-read-more elementor-widget elementor-widget-button\" data-id=\"124050c3\" data-element_type=\"widget\" data-e-type=\"widget\" data-widget_type=\"button.default\">\n\t\t\t\t<div class=\"elementor-widget-container\">\n\t\t\t\t\t\t\t\t\t<div class=\"elementor-button-wrapper\">\n\t\t\t\t\t<a class=\"elementor-button elementor-button-link elementor-size-sm\" href=\"\/fugenlose-badewanne\/\">\n\t\t\t\t\t\t<span class=\"elementor-button-content-wrapper\">\n\t\t\t\t\t\t\t\t\t<span class=\"elementor-button-text\">Mehr erfahren<\/span>\n\t\t\t\t\t<\/span>\n\t\t\t\t\t<\/a>\n\t\t\t\t<\/div>\n\t\t\t\t\t\t\t\t<\/div>\n\t\t\t\t<\/div>\n\t\t\t\t<\/div>\n\t\t<div class=\"elementor-element elementor-element-39b50789 e-con-full e-flex e-con e-child\" data-id=\"39b50789\" data-element_type=\"container\" data-e-type=\"container\" data-settings=\"{&quot;background_background&quot;:&quot;classic&quot;}\">\n\t\t\t\t<div class=\"elementor-element elementor-element-744667ac murspace-box-image elementor-invisible elementor-widget elementor-widget-image\" data-id=\"744667ac\" data-element_type=\"widget\" data-e-type=\"widget\" data-settings=\"{&quot;_animation&quot;:&quot;fadeIn&quot;,&quot;_animation_delay&quot;:500}\" data-widget_type=\"image.default\">\n\t\t\t\t<div class=\"elementor-widget-container\">\n\t\t\t\t\t\t\t\t\t\t\t\t\t\t\t<img decoding=\"async\" src=\"https:\/\/murface.com\/wp-content\/uploads\/elementor\/thumbs\/badewanne-r1cwzc20d2x20t51x843ee0zbrcihtb3ue1nk1qi9s.avif\" title=\"badewanne\" alt=\"badewanne\" loading=\"lazy\" \/>\t\t\t\t\t\t\t\t\t\t\t\t\t\t\t<\/div>\n\t\t\t\t<\/div>\n\t\t\t\t<\/div>\n\t\t\t\t<\/div>\n\t\t<div class=\"elementor-element elementor-element-7436e585 e-con-full murspace-box e-flex e-con e-parent\" data-id=\"7436e585\" data-element_type=\"container\" data-e-type=\"container\" id=\"murspace-box-murspace\" data-settings=\"{&quot;background_background&quot;:&quot;classic&quot;}\">\n\t\t<div class=\"elementor-element elementor-element-1bf74a99 e-con-full e-flex e-con e-child\" data-id=\"1bf74a99\" data-element_type=\"container\" data-e-type=\"container\" data-settings=\"{&quot;background_background&quot;:&quot;classic&quot;}\">\n\t\t\t\t<div class=\"elementor-element elementor-element-4ad48d8a murspace-box-image elementor-invisible elementor-widget elementor-widget-image\" data-id=\"4ad48d8a\" data-element_type=\"widget\" data-e-type=\"widget\" data-settings=\"{&quot;_animation&quot;:&quot;fadeIn&quot;,&quot;_animation_delay&quot;:500}\" data-widget_type=\"image.default\">\n\t\t\t\t<div class=\"elementor-widget-container\">\n\t\t\t\t\t\t\t\t\t\t\t\t\t\t\t<img decoding=\"async\" src=\"https:\/\/murface.com\/wp-content\/uploads\/elementor\/thumbs\/spachtel-1-r1cx0qtam4ujfr3bou1y517vekec1gwm1d9vgzn8xs.avif\" title=\"spachtel\" alt=\"spachtel\" loading=\"lazy\" \/>\t\t\t\t\t\t\t\t\t\t\t\t\t\t\t<\/div>\n\t\t\t\t<\/div>\n\t\t\t\t<\/div>\n\t\t<div class=\"elementor-element elementor-element-42144adb e-con-full e-flex e-con e-child\" data-id=\"42144adb\" data-element_type=\"container\" data-e-type=\"container\" data-settings=\"{&quot;background_background&quot;:&quot;classic&quot;}\">\n\t\t\t\t<div class=\"elementor-element elementor-element-3ea9f104 elementor-widget elementor-widget-text-editor\" data-id=\"3ea9f104\" data-element_type=\"widget\" data-e-type=\"widget\" data-widget_type=\"text-editor.default\">\n\t\t\t\t<div class=\"elementor-widget-container\">\n\t\t\t\t\t\t\t\t\t<h2>Spachteltechnik<\/h2><div class=\"text\" data-v-11c0db11=\"\"><p><strong>KREATIVE VIELFALT.<\/strong>\u00a0Mit einer verschiedenen Spachteltechniken werden W\u00e4nde, B\u00f6den oder Decken zu fugenlosen Oberfl\u00e4chen in Ihrem Badezimmer. Welche Spachteltechnik zum Einsatz kommt, h\u00e4ngt davon ab, welches Ergebnis gew\u00fcnscht wird. Soll es ein schlichter fugenloser Boden sein? Soll die Wand als Designelement wirken, indem z.B. Metallstaub eingearbeitet wird? Mit verschiedenen Spachteltechniken k\u00f6nnen Sie Ihr Badezimmer ganz nach Ihren individuellen W\u00fcnschen gestalten.<\/p><\/div>\t\t\t\t\t\t\t\t<\/div>\n\t\t\t\t<\/div>\n\t\t\t\t<div class=\"elementor-element elementor-element-50fd5631 btn-read-more elementor-widget elementor-widget-button\" data-id=\"50fd5631\" data-element_type=\"widget\" data-e-type=\"widget\" data-widget_type=\"button.default\">\n\t\t\t\t<div class=\"elementor-widget-container\">\n\t\t\t\t\t\t\t\t\t<div class=\"elementor-button-wrapper\">\n\t\t\t\t\t<a class=\"elementor-button elementor-button-link elementor-size-sm\" href=\"\/spachtechnik-badezimmer\">\n\t\t\t\t\t\t<span class=\"elementor-button-content-wrapper\">\n\t\t\t\t\t\t\t\t\t<span class=\"elementor-button-text\">Mehr erfahren<\/span>\n\t\t\t\t\t<\/span>\n\t\t\t\t\t<\/a>\n\t\t\t\t<\/div>\n\t\t\t\t\t\t\t\t<\/div>\n\t\t\t\t<\/div>\n\t\t\t\t<\/div>\n\t\t\t\t<\/div>\n\t\t<div class=\"elementor-element elementor-element-1143b8a8 e-con-full murspace-box e-flex e-con e-parent\" data-id=\"1143b8a8\" data-element_type=\"container\" data-e-type=\"container\" data-settings=\"{&quot;background_background&quot;:&quot;classic&quot;}\">\n\t\t<div class=\"elementor-element elementor-element-484661b5 e-con-full e-flex e-con e-child\" data-id=\"484661b5\" data-element_type=\"container\" data-e-type=\"container\" data-settings=\"{&quot;background_background&quot;:&quot;classic&quot;}\">\n\t\t\t\t<div class=\"elementor-element elementor-element-6c32e8cd elementor-widget elementor-widget-text-editor\" data-id=\"6c32e8cd\" data-element_type=\"widget\" data-e-type=\"widget\" data-widget_type=\"text-editor.default\">\n\t\t\t\t<div class=\"elementor-widget-container\">\n\t\t\t\t\t\t\t\t\t<h2>Sichtbeton<\/h2><div class=\"text\" data-v-11c0db11=\"\"><p><strong>GRENZENLOSE FREIHEIT.<\/strong>\u00a0Sichtbeton l\u00e4sst sich in Ihrem Badezimmer f\u00fcr W\u00e4nde, Decken, B\u00f6den oder auch besondere Dekoelemente einsetzen. Mit gespachteltem Sichtbeton entsteht der Eindruck, diese Fl\u00e4che w\u00e4re tats\u00e4chlich betoniert. So k\u00f6nnen Sie bei einer Badsanierung gespachtelten Sichtbeton daf\u00fcr nutzen, um alte Fliesen zu \u00fcberdecken und sie so zu einem fugenlosen, modernen Designelement in Ihrem Bad zu gestalten. Dabei k\u00f6nnen Sie dem Sichtbeton auch Farbe oder Struktur verleihen. So entstehen W\u00e4nde mit gl\u00e4tten Fl\u00e4chen oder Wellenmuster oder Sie setzen farbliche Akzente. So wird Ihr Badezimmer zu einem echten Wohlf\u00fchlort.<\/p><\/div>\t\t\t\t\t\t\t\t<\/div>\n\t\t\t\t<\/div>\n\t\t\t\t<div class=\"elementor-element elementor-element-4db60918 btn-read-more elementor-widget elementor-widget-button\" data-id=\"4db60918\" data-element_type=\"widget\" data-e-type=\"widget\" data-widget_type=\"button.default\">\n\t\t\t\t<div class=\"elementor-widget-container\">\n\t\t\t\t\t\t\t\t\t<div class=\"elementor-button-wrapper\">\n\t\t\t\t\t<a class=\"elementor-button elementor-button-link elementor-size-sm\" href=\"\/sichtbeton\/\">\n\t\t\t\t\t\t<span class=\"elementor-button-content-wrapper\">\n\t\t\t\t\t\t\t\t\t<span class=\"elementor-button-text\">Mehr erfahren<\/span>\n\t\t\t\t\t<\/span>\n\t\t\t\t\t<\/a>\n\t\t\t\t<\/div>\n\t\t\t\t\t\t\t\t<\/div>\n\t\t\t\t<\/div>\n\t\t\t\t<\/div>\n\t\t<div class=\"elementor-element elementor-element-239d5a86 e-con-full e-flex e-con e-child\" data-id=\"239d5a86\" data-element_type=\"container\" data-e-type=\"container\" data-settings=\"{&quot;background_background&quot;:&quot;classic&quot;}\">\n\t\t\t\t<div class=\"elementor-element elementor-element-61816e4d murspace-box-image elementor-invisible elementor-widget elementor-widget-image\" data-id=\"61816e4d\" data-element_type=\"widget\" data-e-type=\"widget\" data-settings=\"{&quot;_animation&quot;:&quot;fadeIn&quot;,&quot;_animation_delay&quot;:500}\" data-widget_type=\"image.default\">\n\t\t\t\t<div class=\"elementor-widget-container\">\n\t\t\t\t\t\t\t\t\t\t\t\t\t\t\t<img decoding=\"async\" src=\"https:\/\/murface.com\/wp-content\/uploads\/elementor\/thumbs\/sichtbeton-r1cx2wtwddtc7dy019rzdzj4pjpsscic03f6ayfklc.avif\" title=\"sichtbeton\" alt=\"sichtbeton\" loading=\"lazy\" \/>\t\t\t\t\t\t\t\t\t\t\t\t\t\t\t<\/div>\n\t\t\t\t<\/div>\n\t\t\t\t<\/div>\n\t\t\t\t<\/div>\n\t\t<div class=\"elementor-element elementor-element-6d2f2a07 e-con-full murspace-box e-flex e-con e-parent\" data-id=\"6d2f2a07\" data-element_type=\"container\" data-e-type=\"container\" id=\"murspace-box-murspace\" data-settings=\"{&quot;background_background&quot;:&quot;classic&quot;}\">\n\t\t<div class=\"elementor-element elementor-element-6b978ae6 e-con-full e-flex e-con e-child\" data-id=\"6b978ae6\" data-element_type=\"container\" data-e-type=\"container\" data-settings=\"{&quot;background_background&quot;:&quot;classic&quot;}\">\n\t\t\t\t<div class=\"elementor-element elementor-element-36331130 murspace-box-image elementor-invisible elementor-widget elementor-widget-image\" data-id=\"36331130\" data-element_type=\"widget\" data-e-type=\"widget\" data-settings=\"{&quot;_animation&quot;:&quot;fadeIn&quot;,&quot;_animation_delay&quot;:500}\" data-widget_type=\"image.default\">\n\t\t\t\t<div class=\"elementor-widget-container\">\n\t\t\t\t\t\t\t\t\t\t\t\t\t\t\t<img decoding=\"async\" src=\"https:\/\/murface.com\/wp-content\/uploads\/elementor\/thumbs\/spachtelboeden-r1cx4eep6xuol5s6cexpu40ekidpz3f17glunq84qo.avif\" title=\"spachtelboeden\" alt=\"spachtelboeden\" loading=\"lazy\" \/>\t\t\t\t\t\t\t\t\t\t\t\t\t\t\t<\/div>\n\t\t\t\t<\/div>\n\t\t\t\t<\/div>\n\t\t<div class=\"elementor-element elementor-element-22de7925 e-con-full e-flex e-con e-child\" data-id=\"22de7925\" data-element_type=\"container\" data-e-type=\"container\" data-settings=\"{&quot;background_background&quot;:&quot;classic&quot;}\">\n\t\t\t\t<div class=\"elementor-element elementor-element-57ded4eb elementor-widget elementor-widget-text-editor\" data-id=\"57ded4eb\" data-element_type=\"widget\" data-e-type=\"widget\" data-widget_type=\"text-editor.default\">\n\t\t\t\t<div class=\"elementor-widget-container\">\n\t\t\t\t\t\t\t\t\t<h2>Spachtelb\u00f6den<\/h2><div class=\"text\" data-v-11c0db11=\"\"><p><strong>AUS ALT MACH NEU.<\/strong>\u00a0Sie planen eine Badsanierung und suchen nach einer praktischen und \u00e4sthetischen L\u00f6sung? Dann sind Spachtelb\u00f6den vielleicht genau das richtige f\u00fcr Sie. Denn ein Spachtelboden kann auf die vorhandenen Fliesen aufgetragen werden. Der Flie\u00dfspachtel verteilt sich gleichm\u00e4\u00dfig auf dem Boden und es entsteht eine glatte Oberfl\u00e4che. Spachtelb\u00f6den \u00fcberzeugen nicht nur durch ihre Optik, sie sind auch robust und pflegeleicht und beugen Schimmelbildung in Ihrem Badezimmer vor.<\/p><\/div>\t\t\t\t\t\t\t\t<\/div>\n\t\t\t\t<\/div>\n\t\t\t\t<\/div>\n\t\t\t\t<\/div>\n\t\t<div class=\"elementor-element elementor-element-5292b71a e-con-full murspace-box e-flex e-con e-parent\" data-id=\"5292b71a\" data-element_type=\"container\" data-e-type=\"container\" data-settings=\"{&quot;background_background&quot;:&quot;classic&quot;}\">\n\t\t<div class=\"elementor-element elementor-element-6e902020 e-con-full e-flex e-con e-child\" data-id=\"6e902020\" data-element_type=\"container\" data-e-type=\"container\" data-settings=\"{&quot;background_background&quot;:&quot;classic&quot;}\">\n\t\t\t\t<div class=\"elementor-element elementor-element-6d4349bd elementor-widget elementor-widget-text-editor\" data-id=\"6d4349bd\" data-element_type=\"widget\" data-e-type=\"widget\" data-widget_type=\"text-editor.default\">\n\t\t\t\t<div class=\"elementor-widget-container\">\n\t\t\t\t\t\t\t\t\t<h2>Betonoptik<\/h2><div class=\"text\" data-v-11c0db11=\"\"><p><strong>KREATIVER ALLESK\u00d6NNER.<\/strong>\u00a0Fugenlose B\u00f6den in Betonoptik verwandeln jedes Badezimmer in einem Wellnesstempel. Sie k\u00f6nnen meist sogar \u00fcber vorhandene Fliesen verspachtelt werden und ersparen Ihnen bei der Badsanierung somit wertvolle Zeit. In puncto Design sind Ihnen keine Grenzen gesetzt. Sie k\u00f6nnen den Sichtbeton mit Farbpigmenten oder Effektzuschl\u00e4gen versehen und Ihrem Badezimmerboden somit eine ganz besondere Note verleihen.<\/p><\/div>\t\t\t\t\t\t\t\t<\/div>\n\t\t\t\t<\/div>\n\t\t\t\t<div class=\"elementor-element elementor-element-6cc0e8a7 btn-read-more elementor-widget elementor-widget-button\" data-id=\"6cc0e8a7\" data-element_type=\"widget\" data-e-type=\"widget\" data-widget_type=\"button.default\">\n\t\t\t\t<div class=\"elementor-widget-container\">\n\t\t\t\t\t\t\t\t\t<div class=\"elementor-button-wrapper\">\n\t\t\t\t\t<a class=\"elementor-button elementor-button-link elementor-size-sm\" href=\"\/betonoptik\">\n\t\t\t\t\t\t<span class=\"elementor-button-content-wrapper\">\n\t\t\t\t\t\t\t\t\t<span class=\"elementor-button-text\">Mehr erfahren<\/span>\n\t\t\t\t\t<\/span>\n\t\t\t\t\t<\/a>\n\t\t\t\t<\/div>\n\t\t\t\t\t\t\t\t<\/div>\n\t\t\t\t<\/div>\n\t\t\t\t<\/div>\n\t\t<div class=\"elementor-element elementor-element-22c955a7 e-con-full e-flex e-con e-child\" data-id=\"22c955a7\" data-element_type=\"container\" data-e-type=\"container\" data-settings=\"{&quot;background_background&quot;:&quot;classic&quot;}\">\n\t\t\t\t<div class=\"elementor-element elementor-element-3267405e murspace-box-image elementor-invisible elementor-widget elementor-widget-image\" data-id=\"3267405e\" data-element_type=\"widget\" data-e-type=\"widget\" data-settings=\"{&quot;motion_fx_motion_fx_scrolling&quot;:&quot;yes&quot;,&quot;_animation&quot;:&quot;fadeIn&quot;,&quot;_animation_delay&quot;:500,&quot;motion_fx_devices&quot;:[&quot;desktop&quot;,&quot;tablet&quot;,&quot;mobile&quot;]}\" data-widget_type=\"image.default\">\n\t\t\t\t<div class=\"elementor-widget-container\">\n\t\t\t\t\t\t\t\t\t\t\t\t\t\t\t<img decoding=\"async\" src=\"https:\/\/murface.com\/wp-content\/uploads\/elementor\/thumbs\/beton-r1cx5t5zfzs603qg40vkkr7anbfjir0jefu2ko4veo.avif\" title=\"beton\" alt=\"beton\" loading=\"lazy\" \/>\t\t\t\t\t\t\t\t\t\t\t\t\t\t\t<\/div>\n\t\t\t\t<\/div>\n\t\t\t\t<\/div>\n\t\t\t\t<\/div>\n\t\t\t\t<\/div>\n\t\t","protected":false},"excerpt":{"rendered":"<p>Nasszelle war gestern BADEN SIE IN DER ZUKUNFT.\u00a0Zweckdienlich ist ja sch\u00f6n, aber bestimmt nicht \u00e4sthetisch. Wie w\u00e4re es mit der Kombination von beidem? Murface bietet alles, um Wohnraum mit Wellnesseigenschaften zu kreieren, K\u00f6rperpflege inklusive. Denn die zertifizierten Produkte geben Sicherheit und Vertrauen bei der Verarbeitung, bei l\u00e4ngster Haltbarkeit und Erfu\u0308llung h\u00f6chster hygienischer Standards. Fugenlose Dusche [&hellip;]<\/p>\n","protected":false},"author":1,"featured_media":0,"parent":0,"menu_order":0,"comment_status":"closed","ping_status":"closed","template":"","meta":{"inline_featured_image":false,"footnotes":""},"class_list":["post-776","page","type-page","status-publish","hentry"],"jetpack_sharing_enabled":true,"_links":{"self":[{"href":"https:\/\/murface.com\/de\/wp-json\/wp\/v2\/pages\/776","targetHints":{"allow":["GET"]}}],"collection":[{"href":"https:\/\/murface.com\/de\/wp-json\/wp\/v2\/pages"}],"about":[{"href":"https:\/\/murface.com\/de\/wp-json\/wp\/v2\/types\/page"}],"author":[{"embeddable":true,"href":"https:\/\/murface.com\/de\/wp-json\/wp\/v2\/users\/1"}],"replies":[{"embeddable":true,"href":"https:\/\/murface.com\/de\/wp-json\/wp\/v2\/comments?post=776"}],"version-history":[{"count":10,"href":"https:\/\/murface.com\/de\/wp-json\/wp\/v2\/pages\/776\/revisions"}],"predecessor-version":[{"id":3084,"href":"https:\/\/murface.com\/de\/wp-json\/wp\/v2\/pages\/776\/revisions\/3084"}],"wp:attachment":[{"href":"https:\/\/murface.com\/de\/wp-json\/wp\/v2\/media?parent=776"}],"curies":[{"name":"wp","href":"https:\/\/api.w.org\/{rel}","templated":true}]}}