{"id":778,"date":"2025-02-11T16:59:37","date_gmt":"2025-02-11T15:59:37","guid":{"rendered":"https:\/\/murface.com\/?page_id=778"},"modified":"2025-03-18T07:55:04","modified_gmt":"2025-03-18T06:55:04","slug":"wand","status":"publish","type":"page","link":"https:\/\/murface.com\/de\/wand\/","title":{"rendered":"Wand"},"content":{"rendered":"\t\t<div data-elementor-type=\"wp-page\" data-elementor-id=\"778\" class=\"elementor elementor-778\" data-elementor-post-type=\"page\">\n\t\t\t\t<div class=\"elementor-element elementor-element-15a52bf e-grid e-con-boxed e-con e-parent\" data-id=\"15a52bf\" data-element_type=\"container\" data-e-type=\"container\">\n\t\t\t\t\t<div class=\"e-con-inner\">\n\t\t\t\t\t<\/div>\n\t\t\t\t<\/div>\n\t\t<div class=\"elementor-element elementor-element-13c70262 e-grid e-con-boxed elementor-invisible e-con e-parent\" data-id=\"13c70262\" data-element_type=\"container\" data-e-type=\"container\" id=\"hero-intro\" data-settings=\"{&quot;background_background&quot;:&quot;classic&quot;,&quot;background_motion_fx_motion_fx_mouse&quot;:&quot;yes&quot;,&quot;animation&quot;:&quot;fadeIn&quot;,&quot;animation_delay&quot;:500}\">\n\t\t\t\t\t<div class=\"e-con-inner\">\n\t\t\t\t<div class=\"elementor-element elementor-element-3bb1bcda elementor-widget__width-initial elementor-widget elementor-widget-text-editor\" data-id=\"3bb1bcda\" data-element_type=\"widget\" data-e-type=\"widget\" data-widget_type=\"text-editor.default\">\n\t\t\t\t<div class=\"elementor-widget-container\">\n\t\t\t\t\t\t\t\t\t<h1 data-v-9ead72d2=\"\">Fugenlose Wand<\/h1><div class=\"text\" data-v-9ead72d2=\"\"><p><strong>FUGENLOSE OBERFL\u00c4CHE.<\/strong>\u00a0Ob in Wohn- oder Arbeitsr\u00e4umen, fugenlose W\u00e4nde verleihen jedem Raum einen einzigartigen Touch. Badezimmer oder K\u00fcchen k\u00f6nnen zu glatten W\u00e4nden umgestaltet werden, ohne dass die Fliesen abgeschlagen werden m\u00fcssen. Treppenaufg\u00e4nge, Schlaf- und Wohnr\u00e4ume oder auch B\u00fcros oder Konferenzr\u00e4ume k\u00f6nnen zu zeitlosen und kreativen R\u00e4umen geschaffen werden. Fugenlose W\u00e4nde sind zudem robust, pflegeleicht und UV-best\u00e4ndig.<\/p><\/div>\t\t\t\t\t\t\t\t<\/div>\n\t\t\t\t<\/div>\n\t\t<div class=\"elementor-element elementor-element-7f636cb e-con-full elementor-hidden-tablet elementor-hidden-mobile e-flex e-con e-child\" data-id=\"7f636cb\" data-element_type=\"container\" data-e-type=\"container\">\n\t\t\t\t<\/div>\n\t\t\t\t\t<\/div>\n\t\t\t\t<\/div>\n\t\t<div class=\"elementor-element elementor-element-12e4df33 e-con-full murspace-box e-flex e-con e-parent\" data-id=\"12e4df33\" data-element_type=\"container\" data-e-type=\"container\" id=\"murspace-box-murspace\" data-settings=\"{&quot;background_background&quot;:&quot;classic&quot;}\">\n\t\t<div class=\"elementor-element elementor-element-1ce774e1 e-con-full e-flex e-con e-child\" data-id=\"1ce774e1\" data-element_type=\"container\" data-e-type=\"container\" data-settings=\"{&quot;background_background&quot;:&quot;classic&quot;}\">\n\t\t\t\t<div class=\"elementor-element elementor-element-5c182bf2 murspace-box-image elementor-invisible elementor-widget elementor-widget-image\" data-id=\"5c182bf2\" data-element_type=\"widget\" data-e-type=\"widget\" data-settings=\"{&quot;motion_fx_motion_fx_scrolling&quot;:&quot;yes&quot;,&quot;_animation&quot;:&quot;fadeIn&quot;,&quot;_animation_delay&quot;:500,&quot;motion_fx_devices&quot;:[&quot;desktop&quot;,&quot;tablet&quot;,&quot;mobile&quot;]}\" data-widget_type=\"image.default\">\n\t\t\t\t<div class=\"elementor-widget-container\">\n\t\t\t\t\t\t\t\t\t\t\t\t\t\t\t<img decoding=\"async\" src=\"https:\/\/murface.com\/wp-content\/uploads\/elementor\/thumbs\/spachteltechnik-r1cxk1g0wp9frl2c0ob8tnxiebal1si90vdp4h1b7k.avif\" title=\"spachteltechnik\" alt=\"spachteltechnik\" loading=\"lazy\" \/>\t\t\t\t\t\t\t\t\t\t\t\t\t\t\t<\/div>\n\t\t\t\t<\/div>\n\t\t\t\t<\/div>\n\t\t<div class=\"elementor-element elementor-element-62dc0566 e-con-full e-flex e-con e-child\" data-id=\"62dc0566\" data-element_type=\"container\" data-e-type=\"container\" data-settings=\"{&quot;background_background&quot;:&quot;classic&quot;}\">\n\t\t\t\t<div class=\"elementor-element elementor-element-225cd1d3 elementor-widget elementor-widget-text-editor\" data-id=\"225cd1d3\" data-element_type=\"widget\" data-e-type=\"widget\" data-widget_type=\"text-editor.default\">\n\t\t\t\t<div class=\"elementor-widget-container\">\n\t\t\t\t\t\t\t\t\t<h2>Spachteltechnik<\/h2><div class=\"text\" data-v-11c0db11=\"\"><p><strong>KREATIVE VIELFALT<\/strong>. Vielseitige Spachteltechniken erm\u00f6glichen Ihnen viel kreativen Spielraum bei der Gestaltung Ihrer W\u00e4nde. Damit lassen sich hervorragende Effekte im Raum erzielen.\u00a0 Ob Strukturputz, der strukturiert aussieht, dabei aber eine glatte Fl\u00e4che bildet und somit pflegeleicht bleibt oder die Imitation von Marmor, mit Spachteltechniken werden Ihre W\u00e4nde zu Kunstwerken und geben jedem Raum ein ganz besonderes Flair.<\/p><\/div>\t\t\t\t\t\t\t\t<\/div>\n\t\t\t\t<\/div>\n\t\t\t\t<div class=\"elementor-element elementor-element-21fea043 btn-read-more elementor-widget elementor-widget-button\" data-id=\"21fea043\" data-element_type=\"widget\" data-e-type=\"widget\" data-widget_type=\"button.default\">\n\t\t\t\t<div class=\"elementor-widget-container\">\n\t\t\t\t\t\t\t\t\t<div class=\"elementor-button-wrapper\">\n\t\t\t\t\t<a class=\"elementor-button elementor-button-link elementor-size-sm\" href=\"\/spachteltechnik-boden\/\">\n\t\t\t\t\t\t<span class=\"elementor-button-content-wrapper\">\n\t\t\t\t\t\t\t\t\t<span class=\"elementor-button-text\">Mehr erfahren<\/span>\n\t\t\t\t\t<\/span>\n\t\t\t\t\t<\/a>\n\t\t\t\t<\/div>\n\t\t\t\t\t\t\t\t<\/div>\n\t\t\t\t<\/div>\n\t\t\t\t<\/div>\n\t\t\t\t<\/div>\n\t\t<div class=\"elementor-element elementor-element-642280a e-con-full murspace-box e-flex e-con e-parent\" data-id=\"642280a\" data-element_type=\"container\" data-e-type=\"container\" data-settings=\"{&quot;background_background&quot;:&quot;classic&quot;}\">\n\t\t<div class=\"elementor-element elementor-element-18d72bb2 e-con-full e-flex e-con e-child\" data-id=\"18d72bb2\" data-element_type=\"container\" data-e-type=\"container\" data-settings=\"{&quot;background_background&quot;:&quot;classic&quot;}\">\n\t\t\t\t<div class=\"elementor-element elementor-element-313ce1df elementor-widget elementor-widget-text-editor\" data-id=\"313ce1df\" data-element_type=\"widget\" data-e-type=\"widget\" data-widget_type=\"text-editor.default\">\n\t\t\t\t<div class=\"elementor-widget-container\">\n\t\t\t\t\t\t\t\t\t<h2>Sichtbeton<\/h2><div class=\"text\" data-v-11c0db11=\"\"><p><strong>GRENZENLOSE FREIHEIT.<\/strong>\u00a0Mit der Sichtbetonmethode k\u00f6nnen Sie die W\u00e4nde in Ihren Wohn- und Gesch\u00e4ftsr\u00e4umen so gestalten, dass anschlie\u00dfend keine Wandverkleidung mehr notwendig ist. Der Beton bleibt als glatte Oberfl\u00e4che sichtbar und verleiht Ihren R\u00e4umen somit einen ganz besonderen Charme. Gespachtelt kann Sichtbeton auch auf vorhandene W\u00e4nde (z.B. aus Fliesen) aufgetragen werden. Gemischt mit Farbpigmenten oder Metallstaub wird jede Wand so zu einem absoluten Hingucker.\u00a0<\/p><p>\u00a0<\/p><\/div>\t\t\t\t\t\t\t\t<\/div>\n\t\t\t\t<\/div>\n\t\t\t\t<div class=\"elementor-element elementor-element-4e6d512a btn-read-more elementor-widget elementor-widget-button\" data-id=\"4e6d512a\" data-element_type=\"widget\" data-e-type=\"widget\" data-widget_type=\"button.default\">\n\t\t\t\t<div class=\"elementor-widget-container\">\n\t\t\t\t\t\t\t\t\t<div class=\"elementor-button-wrapper\">\n\t\t\t\t\t<a class=\"elementor-button elementor-button-link elementor-size-sm\" href=\"\/sichtbeton-wand\">\n\t\t\t\t\t\t<span class=\"elementor-button-content-wrapper\">\n\t\t\t\t\t\t\t\t\t<span class=\"elementor-button-text\">Mehr erfahren<\/span>\n\t\t\t\t\t<\/span>\n\t\t\t\t\t<\/a>\n\t\t\t\t<\/div>\n\t\t\t\t\t\t\t\t<\/div>\n\t\t\t\t<\/div>\n\t\t\t\t<\/div>\n\t\t<div class=\"elementor-element elementor-element-12242f6b e-con-full e-flex e-con e-child\" data-id=\"12242f6b\" data-element_type=\"container\" data-e-type=\"container\" data-settings=\"{&quot;background_background&quot;:&quot;classic&quot;}\">\n\t\t\t\t<div class=\"elementor-element elementor-element-98eccd9 murspace-box-image elementor-invisible elementor-widget elementor-widget-image\" data-id=\"98eccd9\" data-element_type=\"widget\" data-e-type=\"widget\" data-settings=\"{&quot;motion_fx_motion_fx_scrolling&quot;:&quot;yes&quot;,&quot;_animation&quot;:&quot;fadeIn&quot;,&quot;_animation_delay&quot;:500,&quot;motion_fx_devices&quot;:[&quot;desktop&quot;,&quot;tablet&quot;,&quot;mobile&quot;]}\" data-widget_type=\"image.default\">\n\t\t\t\t<div class=\"elementor-widget-container\">\n\t\t\t\t\t\t\t\t\t\t\t\t\t\t\t<img decoding=\"async\" src=\"https:\/\/murface.com\/wp-content\/uploads\/elementor\/thumbs\/sichtbeton-1-r1cxl23qb8nmcdl32m5p0wohkc9wdzjs5wtmu9iygw.avif\" title=\"sichtbeton\" alt=\"sichtbeton\" loading=\"lazy\" \/>\t\t\t\t\t\t\t\t\t\t\t\t\t\t\t<\/div>\n\t\t\t\t<\/div>\n\t\t\t\t<\/div>\n\t\t\t\t<\/div>\n\t\t<div class=\"elementor-element elementor-element-b51f472 e-con-full murspace-box e-flex e-con e-parent\" data-id=\"b51f472\" data-element_type=\"container\" data-e-type=\"container\" data-settings=\"{&quot;background_background&quot;:&quot;classic&quot;}\">\n\t\t<div class=\"elementor-element elementor-element-3f336f0 e-con-full e-flex e-con e-child\" data-id=\"3f336f0\" data-element_type=\"container\" data-e-type=\"container\" data-settings=\"{&quot;background_background&quot;:&quot;classic&quot;}\">\n\t\t\t\t<div class=\"elementor-element elementor-element-536599b murspace-box-image elementor-invisible elementor-widget elementor-widget-image\" data-id=\"536599b\" data-element_type=\"widget\" data-e-type=\"widget\" data-settings=\"{&quot;motion_fx_motion_fx_scrolling&quot;:&quot;yes&quot;,&quot;_animation&quot;:&quot;fadeIn&quot;,&quot;_animation_delay&quot;:500,&quot;motion_fx_devices&quot;:[&quot;desktop&quot;,&quot;tablet&quot;,&quot;mobile&quot;]}\" data-widget_type=\"image.default\">\n\t\t\t\t<div class=\"elementor-widget-container\">\n\t\t\t\t\t\t\t\t\t\t\t\t\t\t\t<img decoding=\"async\" src=\"https:\/\/murface.com\/wp-content\/uploads\/elementor\/thumbs\/kreieren-1-r1cxlonuv9ii30obevwqoqzjtl6piq1c90hacwlibk.avif\" title=\"kreieren\" alt=\"kreieren\" loading=\"lazy\" \/>\t\t\t\t\t\t\t\t\t\t\t\t\t\t\t<\/div>\n\t\t\t\t<\/div>\n\t\t\t\t<\/div>\n\t\t<div class=\"elementor-element elementor-element-f4e34b3 e-con-full e-flex e-con e-child\" data-id=\"f4e34b3\" data-element_type=\"container\" data-e-type=\"container\" data-settings=\"{&quot;background_background&quot;:&quot;classic&quot;}\">\n\t\t\t\t<div class=\"elementor-element elementor-element-85dbc84 elementor-widget elementor-widget-text-editor\" data-id=\"85dbc84\" data-element_type=\"widget\" data-e-type=\"widget\" data-widget_type=\"text-editor.default\">\n\t\t\t\t<div class=\"elementor-widget-container\">\n\t\t\t\t\t\t\t\t\t<h2>Einzigartiges Kreieren<\/h2><div class=\"text\" data-v-11c0db11=\"\"><p><strong>UNIKATE IN IHREM ZUHAUSE.<\/strong>\u00a0Mit unseren Materialien k\u00f6nnen Sie fugenlose W\u00e4nde einzigartig gestalten und so Ihrem Zuhause eine ganz besondere und individuelle Note verleihen. Zum Beispiel k\u00f6nnen Sie bei der Sichtbetonoptik unterschiedliche Farben verwenden und diese mit einer der verschiedenen Spachteltechniken kombinieren. Oder Sie setzen dem Beton Metallstaub hinzu und verleihen Ihren W\u00e4nden so einen einzigartigen Charakter. So wird Ihr Zuhause zu einem echten Kunstwerk.<\/p><\/div>\t\t\t\t\t\t\t\t<\/div>\n\t\t\t\t<\/div>\n\t\t\t\t<div class=\"elementor-element elementor-element-4b89f27 btn-read-more elementor-widget elementor-widget-button\" data-id=\"4b89f27\" data-element_type=\"widget\" data-e-type=\"widget\" data-widget_type=\"button.default\">\n\t\t\t\t<div class=\"elementor-widget-container\">\n\t\t\t\t\t\t\t\t\t<div class=\"elementor-button-wrapper\">\n\t\t\t\t\t<a class=\"elementor-button elementor-button-link elementor-size-sm\" href=\"\/einzigartiges-kreieren-wand\">\n\t\t\t\t\t\t<span class=\"elementor-button-content-wrapper\">\n\t\t\t\t\t\t\t\t\t<span class=\"elementor-button-text\">Mehr erfahren<\/span>\n\t\t\t\t\t<\/span>\n\t\t\t\t\t<\/a>\n\t\t\t\t<\/div>\n\t\t\t\t\t\t\t\t<\/div>\n\t\t\t\t<\/div>\n\t\t\t\t<\/div>\n\t\t\t\t<\/div>\n\t\t<div class=\"elementor-element elementor-element-fbfc9fe e-con-full murspace-box e-flex e-con e-parent\" data-id=\"fbfc9fe\" data-element_type=\"container\" data-e-type=\"container\" data-settings=\"{&quot;background_background&quot;:&quot;classic&quot;}\">\n\t\t<div class=\"elementor-element elementor-element-ca74b54 e-con-full e-flex e-con e-child\" data-id=\"ca74b54\" data-element_type=\"container\" data-e-type=\"container\" data-settings=\"{&quot;background_background&quot;:&quot;classic&quot;}\">\n\t\t\t\t<div class=\"elementor-element elementor-element-7dd5f29 elementor-widget elementor-widget-text-editor\" data-id=\"7dd5f29\" data-element_type=\"widget\" data-e-type=\"widget\" data-widget_type=\"text-editor.default\">\n\t\t\t\t<div class=\"elementor-widget-container\">\n\t\t\t\t\t\t\t\t\t<h2>Glanz Hochwertig<\/h2><div class=\"text\" data-v-11c0db11=\"\"><div class=\"text\" data-v-662045fd=\"\"><p><strong>METALLEFFEKTE.\u00a0<\/strong>Setzen Sie mit unseren Metalleffekten\u00a0Murmetal besondere Highlights in Ihren Wohn- oder Gesch\u00e4ftsr\u00e4umen. Die verschiedenen Legierungen wie Bronze und Kupfer, Messing, Aluminium oder Eisen lassen sich als fl\u00fcssige Metallhaut auf fast allen Oberfl\u00e4chen aufbringen.<strong>\u00a0<\/strong>Sie erhalten je nach Verarbeitung eine matte bis gl\u00e4nzende oder strukturierte, rostige bis patiniert wirkende Oberfl\u00e4che.<\/p><\/div><\/div>\t\t\t\t\t\t\t\t<\/div>\n\t\t\t\t<\/div>\n\t\t\t\t<div class=\"elementor-element elementor-element-bd41581 btn-read-more elementor-widget elementor-widget-button\" data-id=\"bd41581\" data-element_type=\"widget\" data-e-type=\"widget\" data-widget_type=\"button.default\">\n\t\t\t\t<div class=\"elementor-widget-container\">\n\t\t\t\t\t\t\t\t\t<div class=\"elementor-button-wrapper\">\n\t\t\t\t\t<a class=\"elementor-button elementor-button-link elementor-size-sm\" href=\"\/metalloberflaechen-boden\/\">\n\t\t\t\t\t\t<span class=\"elementor-button-content-wrapper\">\n\t\t\t\t\t\t\t\t\t<span class=\"elementor-button-text\">Mehr erfahren<\/span>\n\t\t\t\t\t<\/span>\n\t\t\t\t\t<\/a>\n\t\t\t\t<\/div>\n\t\t\t\t\t\t\t\t<\/div>\n\t\t\t\t<\/div>\n\t\t\t\t<\/div>\n\t\t<div class=\"elementor-element elementor-element-2cc5a4d e-con-full e-flex e-con e-child\" data-id=\"2cc5a4d\" data-element_type=\"container\" data-e-type=\"container\" data-settings=\"{&quot;background_background&quot;:&quot;classic&quot;}\">\n\t\t\t\t<div class=\"elementor-element elementor-element-3e78a16 murspace-box-image elementor-invisible elementor-widget elementor-widget-image\" data-id=\"3e78a16\" data-element_type=\"widget\" data-e-type=\"widget\" data-settings=\"{&quot;motion_fx_motion_fx_scrolling&quot;:&quot;yes&quot;,&quot;_animation&quot;:&quot;fadeIn&quot;,&quot;_animation_delay&quot;:500,&quot;motion_fx_devices&quot;:[&quot;desktop&quot;,&quot;tablet&quot;,&quot;mobile&quot;]}\" data-widget_type=\"image.default\">\n\t\t\t\t<div class=\"elementor-widget-container\">\n\t\t\t\t\t\t\t\t\t\t\t\t\t\t\t<img decoding=\"async\" src=\"https:\/\/murface.com\/wp-content\/uploads\/elementor\/thumbs\/glanz-r1cxmodq2yvec78fmbckbhz2e8ann7z51x9qlf4jr4.avif\" title=\"glanz\" alt=\"glanz\" loading=\"lazy\" \/>\t\t\t\t\t\t\t\t\t\t\t\t\t\t\t<\/div>\n\t\t\t\t<\/div>\n\t\t\t\t<\/div>\n\t\t\t\t<\/div>\n\t\t<div class=\"elementor-element elementor-element-cb306e6 e-con-full murspace-box e-flex e-con e-parent\" data-id=\"cb306e6\" data-element_type=\"container\" data-e-type=\"container\" data-settings=\"{&quot;background_background&quot;:&quot;classic&quot;}\">\n\t\t<div class=\"elementor-element elementor-element-6e8d3fe e-con-full e-flex e-con e-child\" data-id=\"6e8d3fe\" data-element_type=\"container\" data-e-type=\"container\" data-settings=\"{&quot;background_background&quot;:&quot;classic&quot;}\">\n\t\t\t\t<div class=\"elementor-element elementor-element-cf5f74d murspace-box-image elementor-invisible elementor-widget elementor-widget-image\" data-id=\"cf5f74d\" data-element_type=\"widget\" data-e-type=\"widget\" data-settings=\"{&quot;motion_fx_motion_fx_scrolling&quot;:&quot;yes&quot;,&quot;_animation&quot;:&quot;fadeIn&quot;,&quot;_animation_delay&quot;:500,&quot;motion_fx_devices&quot;:[&quot;desktop&quot;,&quot;tablet&quot;,&quot;mobile&quot;]}\" data-widget_type=\"image.default\">\n\t\t\t\t<div class=\"elementor-widget-container\">\n\t\t\t\t\t\t\t\t\t\t\t\t\t\t\t<img decoding=\"async\" src=\"https:\/\/murface.com\/wp-content\/uploads\/elementor\/thumbs\/fugenlose-wand-1-r1cxnctj0nsuq28xnlwv4bt1u8y77co5ta8d2m4b9c.avif\" title=\"fugenlose-wand\" alt=\"fugenlose-wand\" loading=\"lazy\" \/>\t\t\t\t\t\t\t\t\t\t\t\t\t\t\t<\/div>\n\t\t\t\t<\/div>\n\t\t\t\t<\/div>\n\t\t<div class=\"elementor-element elementor-element-06aa854 e-con-full e-flex e-con e-child\" data-id=\"06aa854\" data-element_type=\"container\" data-e-type=\"container\" data-settings=\"{&quot;background_background&quot;:&quot;classic&quot;}\">\n\t\t\t\t<div class=\"elementor-element elementor-element-bca374e elementor-widget elementor-widget-text-editor\" data-id=\"bca374e\" data-element_type=\"widget\" data-e-type=\"widget\" data-widget_type=\"text-editor.default\">\n\t\t\t\t<div class=\"elementor-widget-container\">\n\t\t\t\t\t\t\t\t\t<h2>Fugenlose Wand<\/h2><div class=\"text\" data-v-11c0db11=\"\"><div class=\"text\" data-v-662045fd=\"\"><p>W\u00e4nde ohne Fugen &#8211; modernes Design und einfache Reinigung Eine fugenlose Wand wie beispielsweise in Bade- und K\u00fcchenzimmern wird heute in der Regel als moderner und \u00e4sthetischer angesehen. F\u00fcr Eigenheimbesitzer lohnen sich fugenlose R\u00e4ume zudem, da die Kosten meist vergleichbar mit dem Fliesenlegen sind. Es gibt keine Spalte, zwischen denen sich Schimmel bilden kann; die Kreativit\u00e4t l\u00e4sst sich viel besser ausleben. Entscheiden Sie sich jetzt f\u00fcr die richtige Beschaffenheit einer fugenlosen Wand.<\/p><\/div><\/div>\t\t\t\t\t\t\t\t<\/div>\n\t\t\t\t<\/div>\n\t\t\t\t<div class=\"elementor-element elementor-element-d6105ed btn-read-more elementor-widget elementor-widget-button\" data-id=\"d6105ed\" data-element_type=\"widget\" data-e-type=\"widget\" data-widget_type=\"button.default\">\n\t\t\t\t<div class=\"elementor-widget-container\">\n\t\t\t\t\t\t\t\t\t<div class=\"elementor-button-wrapper\">\n\t\t\t\t\t<a class=\"elementor-button elementor-button-link elementor-size-sm\" href=\"\/fugenlose-wand\">\n\t\t\t\t\t\t<span class=\"elementor-button-content-wrapper\">\n\t\t\t\t\t\t\t\t\t<span class=\"elementor-button-text\">Mehr erfahren<\/span>\n\t\t\t\t\t<\/span>\n\t\t\t\t\t<\/a>\n\t\t\t\t<\/div>\n\t\t\t\t\t\t\t\t<\/div>\n\t\t\t\t<\/div>\n\t\t\t\t<\/div>\n\t\t\t\t<\/div>\n\t\t<div class=\"elementor-element elementor-element-6ac9bd5 e-con-full murspace-box e-flex e-con e-parent\" data-id=\"6ac9bd5\" data-element_type=\"container\" data-e-type=\"container\" data-settings=\"{&quot;background_background&quot;:&quot;classic&quot;}\">\n\t\t<div class=\"elementor-element elementor-element-ceefd8e e-con-full e-flex e-con e-child\" data-id=\"ceefd8e\" data-element_type=\"container\" data-e-type=\"container\" data-settings=\"{&quot;background_background&quot;:&quot;classic&quot;}\">\n\t\t\t\t<div class=\"elementor-element elementor-element-9b62c67 elementor-widget elementor-widget-text-editor\" data-id=\"9b62c67\" data-element_type=\"widget\" data-e-type=\"widget\" data-widget_type=\"text-editor.default\">\n\t\t\t\t<div class=\"elementor-widget-container\">\n\t\t\t\t\t\t\t\t\t<h2>Murmetall<\/h2><div class=\"text\" data-v-11c0db11=\"\"><p>MurMetal ist ein echter Metallstuck, der auf praktisch jeder Oberfl\u00e4che angebracht werden kann. MurMetal kann gestrichen, gerollt oder gespachtelt werden. Unser Echtmetallputz besteht aus 95 % echten Metall.<\/p><\/div>\t\t\t\t\t\t\t\t<\/div>\n\t\t\t\t<\/div>\n\t\t\t\t<div class=\"elementor-element elementor-element-b37acdc btn-read-more elementor-widget elementor-widget-button\" data-id=\"b37acdc\" data-element_type=\"widget\" data-e-type=\"widget\" data-widget_type=\"button.default\">\n\t\t\t\t<div class=\"elementor-widget-container\">\n\t\t\t\t\t\t\t\t\t<div class=\"elementor-button-wrapper\">\n\t\t\t\t\t<a class=\"elementor-button elementor-button-link elementor-size-sm\" href=\"\/murmetal\">\n\t\t\t\t\t\t<span class=\"elementor-button-content-wrapper\">\n\t\t\t\t\t\t\t\t\t<span class=\"elementor-button-text\">Mehr erfahren<\/span>\n\t\t\t\t\t<\/span>\n\t\t\t\t\t<\/a>\n\t\t\t\t<\/div>\n\t\t\t\t\t\t\t\t<\/div>\n\t\t\t\t<\/div>\n\t\t\t\t<\/div>\n\t\t<div class=\"elementor-element elementor-element-606eaa9 e-con-full e-flex e-con e-child\" data-id=\"606eaa9\" data-element_type=\"container\" data-e-type=\"container\" data-settings=\"{&quot;background_background&quot;:&quot;classic&quot;}\">\n\t\t\t\t<div class=\"elementor-element elementor-element-a16524e murspace-box-image elementor-invisible elementor-widget elementor-widget-image\" data-id=\"a16524e\" data-element_type=\"widget\" data-e-type=\"widget\" data-settings=\"{&quot;motion_fx_motion_fx_scrolling&quot;:&quot;yes&quot;,&quot;_animation&quot;:&quot;fadeIn&quot;,&quot;_animation_delay&quot;:500,&quot;motion_fx_devices&quot;:[&quot;desktop&quot;,&quot;tablet&quot;,&quot;mobile&quot;]}\" data-widget_type=\"image.default\">\n\t\t\t\t<div class=\"elementor-widget-container\">\n\t\t\t\t\t\t\t\t\t\t\t\t\t\t\t<img decoding=\"async\" src=\"https:\/\/murface.com\/wp-content\/uploads\/elementor\/thumbs\/murmetal-r1cubtodx466b7vhmxut1houca3ud04zdnni1vcmio.avif\" title=\"murmetal\" alt=\"murmetal\" loading=\"lazy\" \/>\t\t\t\t\t\t\t\t\t\t\t\t\t\t\t<\/div>\n\t\t\t\t<\/div>\n\t\t\t\t<\/div>\n\t\t\t\t<\/div>\n\t\t<div class=\"elementor-element elementor-element-7f4012b e-con-full murspace-box e-flex e-con e-parent\" data-id=\"7f4012b\" data-element_type=\"container\" data-e-type=\"container\" data-settings=\"{&quot;background_background&quot;:&quot;classic&quot;}\">\n\t\t<div class=\"elementor-element elementor-element-4aef5cb e-con-full e-flex e-con e-child\" data-id=\"4aef5cb\" data-element_type=\"container\" data-e-type=\"container\" data-settings=\"{&quot;background_background&quot;:&quot;classic&quot;}\">\n\t\t\t\t<div class=\"elementor-element elementor-element-3527fa0 murspace-box-image elementor-invisible elementor-widget elementor-widget-image\" data-id=\"3527fa0\" data-element_type=\"widget\" data-e-type=\"widget\" data-settings=\"{&quot;_animation&quot;:&quot;fadeIn&quot;,&quot;_animation_delay&quot;:500}\" data-widget_type=\"image.default\">\n\t\t\t\t<div class=\"elementor-widget-container\">\n\t\t\t\t\t\t\t\t\t\t\t\t\t\t\t<img decoding=\"async\" src=\"https:\/\/murface.com\/wp-content\/uploads\/elementor\/thumbs\/murprint-r1cudlletulo8pan9phfr1k6qhcswf6qag0ioopurk.avif\" title=\"murprint\" alt=\"murprint\" loading=\"lazy\" \/>\t\t\t\t\t\t\t\t\t\t\t\t\t\t\t<\/div>\n\t\t\t\t<\/div>\n\t\t\t\t<\/div>\n\t\t<div class=\"elementor-element elementor-element-049038f e-con-full e-flex e-con e-child\" data-id=\"049038f\" data-element_type=\"container\" data-e-type=\"container\" data-settings=\"{&quot;background_background&quot;:&quot;classic&quot;}\">\n\t\t\t\t<div class=\"elementor-element elementor-element-b013990 elementor-widget elementor-widget-text-editor\" data-id=\"b013990\" data-element_type=\"widget\" data-e-type=\"widget\" data-widget_type=\"text-editor.default\">\n\t\t\t\t<div class=\"elementor-widget-container\">\n\t\t\t\t\t\t\t\t\t<h2>Murprint<\/h2><div class=\"text\" data-v-11c0db11=\"\"><div class=\"text\" data-v-662045fd=\"\"><p>W\u00e4nde bedrucken, komplett individuell und wie handgemalt. In der Verbindung mit einem entsprechenden Wand- oder Bodenprodukt aus der MURFACE Produktpalette k\u00f6nnen absolut beeindruckende Unikate erschaffen werden.\u00a0<\/p><\/div><\/div>\t\t\t\t\t\t\t\t<\/div>\n\t\t\t\t<\/div>\n\t\t\t\t<div class=\"elementor-element elementor-element-a987cc3 btn-read-more elementor-widget elementor-widget-button\" data-id=\"a987cc3\" data-element_type=\"widget\" data-e-type=\"widget\" data-widget_type=\"button.default\">\n\t\t\t\t<div class=\"elementor-widget-container\">\n\t\t\t\t\t\t\t\t\t<div class=\"elementor-button-wrapper\">\n\t\t\t\t\t<a class=\"elementor-button elementor-button-link elementor-size-sm\" href=\"\/murprint\">\n\t\t\t\t\t\t<span class=\"elementor-button-content-wrapper\">\n\t\t\t\t\t\t\t\t\t<span class=\"elementor-button-text\">Mehr erfahren<\/span>\n\t\t\t\t\t<\/span>\n\t\t\t\t\t<\/a>\n\t\t\t\t<\/div>\n\t\t\t\t\t\t\t\t<\/div>\n\t\t\t\t<\/div>\n\t\t\t\t<\/div>\n\t\t\t\t<\/div>\n\t\t\t\t<\/div>\n\t\t","protected":false},"excerpt":{"rendered":"<p>Fugenlose Wand FUGENLOSE OBERFL\u00c4CHE.\u00a0Ob in Wohn- oder Arbeitsr\u00e4umen, fugenlose W\u00e4nde verleihen jedem Raum einen einzigartigen Touch. Badezimmer oder K\u00fcchen k\u00f6nnen zu glatten W\u00e4nden umgestaltet werden, ohne dass die Fliesen abgeschlagen werden m\u00fcssen. Treppenaufg\u00e4nge, Schlaf- und Wohnr\u00e4ume oder auch B\u00fcros oder Konferenzr\u00e4ume k\u00f6nnen zu zeitlosen und kreativen R\u00e4umen geschaffen werden. Fugenlose W\u00e4nde sind zudem robust, pflegeleicht [&hellip;]<\/p>\n","protected":false},"author":1,"featured_media":0,"parent":0,"menu_order":0,"comment_status":"closed","ping_status":"closed","template":"","meta":{"inline_featured_image":false,"footnotes":""},"class_list":["post-778","page","type-page","status-publish","hentry"],"jetpack_sharing_enabled":true,"_links":{"self":[{"href":"https:\/\/murface.com\/de\/wp-json\/wp\/v2\/pages\/778","targetHints":{"allow":["GET"]}}],"collection":[{"href":"https:\/\/murface.com\/de\/wp-json\/wp\/v2\/pages"}],"about":[{"href":"https:\/\/murface.com\/de\/wp-json\/wp\/v2\/types\/page"}],"author":[{"embeddable":true,"href":"https:\/\/murface.com\/de\/wp-json\/wp\/v2\/users\/1"}],"replies":[{"embeddable":true,"href":"https:\/\/murface.com\/de\/wp-json\/wp\/v2\/comments?post=778"}],"version-history":[{"count":10,"href":"https:\/\/murface.com\/de\/wp-json\/wp\/v2\/pages\/778\/revisions"}],"predecessor-version":[{"id":3103,"href":"https:\/\/murface.com\/de\/wp-json\/wp\/v2\/pages\/778\/revisions\/3103"}],"wp:attachment":[{"href":"https:\/\/murface.com\/de\/wp-json\/wp\/v2\/media?parent=778"}],"curies":[{"name":"wp","href":"https:\/\/api.w.org\/{rel}","templated":true}]}}